{"id":5623,"date":"2023-07-21T16:21:01","date_gmt":"2023-07-21T13:21:01","guid":{"rendered":"https:\/\/revealing-project.eu\/product\/zbrushcoremini\/"},"modified":"2023-07-21T16:21:05","modified_gmt":"2023-07-21T13:21:05","slug":"zbrushcoremini","status":"publish","type":"product","link":"https:\/\/revealing-project.eu\/de\/produkt\/zbrushcoremini\/","title":{"rendered":"ZBrushCoreMini"},"content":{"rendered":"<p>ZBrushCoreMini ist eine Software f\u00fcr digitale Bildhauerei, die sich an Anf\u00e4nger und Enthusiasten richtet. Sie ist f\u00fcr Windows- und Mac-Computer erh\u00e4ltlich.<\/p>\n","protected":false},"excerpt":{"rendered":"<p><a class=\"linkbutton\" href=\"https:\/\/www.maxon.net\/en\/zbrushcoremini\"target=_blank rel=\"noopener\">Website<\/a><\/p>\n","protected":false},"featured_media":4420,"template":"","meta":[],"product_cat":[230],"product_tag":[],"_links":{"self":[{"href":"https:\/\/revealing-project.eu\/de\/wp-json\/wp\/v2\/product\/5623"}],"collection":[{"href":"https:\/\/revealing-project.eu\/de\/wp-json\/wp\/v2\/product"}],"about":[{"href":"https:\/\/revealing-project.eu\/de\/wp-json\/wp\/v2\/types\/product"}],"wp:featuredmedia":[{"embeddable":true,"href":"https:\/\/revealing-project.eu\/de\/wp-json\/wp\/v2\/media\/4420"}],"wp:attachment":[{"href":"https:\/\/revealing-project.eu\/de\/wp-json\/wp\/v2\/media?parent=5623"}],"wp:term":[{"taxonomy":"product_cat","embeddable":true,"href":"https:\/\/revealing-project.eu\/de\/wp-json\/wp\/v2\/product_cat?post=5623"},{"taxonomy":"product_tag","embeddable":true,"href":"https:\/\/revealing-project.eu\/de\/wp-json\/wp\/v2\/product_tag?post=5623"}],"curies":[{"name":"wp","href":"https:\/\/api.w.org\/{rel}","templated":true}]}}