{"id":5627,"date":"2023-07-21T16:21:01","date_gmt":"2023-07-21T13:21:01","guid":{"rendered":"https:\/\/revealing-project.eu\/product\/blockscad\/"},"modified":"2023-07-21T16:21:06","modified_gmt":"2023-07-21T13:21:06","slug":"blockscad","status":"publish","type":"product","link":"https:\/\/revealing-project.eu\/de\/produkt\/blockscad\/","title":{"rendered":"BlocksCAD"},"content":{"rendered":"<p>BlocksCAD ist ein browserbasiertes 3D-Modellierungstool, mit dem Benutzer 3D-Formen mithilfe von Code erstellen und bearbeiten k\u00f6nnen. Es wurde f\u00fcr Benutzer aller Altersgruppen entwickelt, ist aber besonders bei P\u00e4dagogen beliebt, um Mathematik und Programmierkonzepte zu unterrichten. Auf BlocksCAD kann auf jedem Ger\u00e4t mit einem Webbrowser zugegriffen werden, einschlie\u00dflich Computern, Tablets und Smartphones.<\/p>\n","protected":false},"excerpt":{"rendered":"<p><a class=\"linkbutton\" href=\"https:\/\/www.blockscad3d.com\/\"target=_blank rel=\"noopener\">Website<\/a><\/p>\n","protected":false},"featured_media":4095,"template":"","meta":[],"product_cat":[230],"product_tag":[],"_links":{"self":[{"href":"https:\/\/revealing-project.eu\/de\/wp-json\/wp\/v2\/product\/5627"}],"collection":[{"href":"https:\/\/revealing-project.eu\/de\/wp-json\/wp\/v2\/product"}],"about":[{"href":"https:\/\/revealing-project.eu\/de\/wp-json\/wp\/v2\/types\/product"}],"wp:featuredmedia":[{"embeddable":true,"href":"https:\/\/revealing-project.eu\/de\/wp-json\/wp\/v2\/media\/4095"}],"wp:attachment":[{"href":"https:\/\/revealing-project.eu\/de\/wp-json\/wp\/v2\/media?parent=5627"}],"wp:term":[{"taxonomy":"product_cat","embeddable":true,"href":"https:\/\/revealing-project.eu\/de\/wp-json\/wp\/v2\/product_cat?post=5627"},{"taxonomy":"product_tag","embeddable":true,"href":"https:\/\/revealing-project.eu\/de\/wp-json\/wp\/v2\/product_tag?post=5627"}],"curies":[{"name":"wp","href":"https:\/\/api.w.org\/{rel}","templated":true}]}}