{"id":5239,"date":"2020-03-06T12:31:29","date_gmt":"2020-03-06T09:31:29","guid":{"rendered":"https:\/\/revealing-project.eu\/objectives\/"},"modified":"2023-07-17T14:10:27","modified_gmt":"2023-07-17T11:10:27","slug":"objectives","status":"publish","type":"page","link":"https:\/\/revealing-project.eu\/pl\/objectives\/","title":{"rendered":"Cela"},"content":{"rendered":"<div data-colibri-id=\"5239-c1\" class=\"style-967 style-local-5239-c1 position-relative\">\n  <!---->\n  <div data-colibri-component=\"section\" data-colibri-id=\"5239-c2\" id=\"initial-content\" class=\"h-section h-section-global-spacing d-flex align-items-lg-center align-items-md-center align-items-center style-968 style-local-5239-c2 position-relative\">\n    <!---->\n    <!---->\n    <div class=\"h-section-grid-container h-section-boxed-container\">\n      <!---->\n      <div data-colibri-id=\"5239-c3\" class=\"h-row-container gutters-row-lg-2 gutters-row-md-2 gutters-row-0 gutters-row-v-lg-2 gutters-row-v-md-2 gutters-row-v-2 style-972 style-local-5239-c3 position-relative\">\n        <!---->\n        <div class=\"h-row justify-content-lg-center justify-content-md-center justify-content-center align-items-lg-stretch align-items-md-stretch align-items-stretch gutters-col-lg-2 gutters-col-md-2 gutters-col-0 gutters-col-v-lg-2 gutters-col-v-md-2 gutters-col-v-2\">\n          <!---->\n          <div class=\"h-column h-column-container d-flex h-col-lg-auto h-col-md-auto h-col-auto style-973-outer style-local-5239-c4-outer\">\n            <div data-colibri-id=\"5239-c4\" class=\"d-flex h-flex-basis h-column__inner h-px-lg-2 h-px-md-2 h-px-2 v-inner-lg-2 v-inner-md-2 v-inner-2 style-973 style-local-5239-c4 position-relative\">\n              <!---->\n              <!---->\n              <div class=\"w-100 h-y-container h-column__content h-column__v-align flex-basis-100 align-self-lg-start align-self-md-start align-self-start\">\n                <!---->\n                <div data-colibri-id=\"5239-c5\" class=\"h-lead h-text h-text-component style-976 style-local-5239-c5 position-relative h-element\">\n                  <!---->\n                  <!---->\n                  <div class=\"\">\n                    <p>Celem projektu REVEALING jest stworzenie modelu \u015brodowiska wirtualnej rzeczywisto\u015bci (Virtual Reality Learning Environment &#8211; VRLE) przy u\u017cyciu platformy VRChat, dostosowanego do potrzeb edukacyjnych instytucji szkolnictwa wy\u017cszego\n                      (HEI) i ich student\u00f3w.<\/p>\n                    <p>To ostatecznie wp\u0142ynie na partneruj\u0105ce uniwersytety, a tak\u017ce poza nimi, pod wzgl\u0119dem zdolno\u015bci technologicznych, nie tylko w kontek\u015bcie bada\u0144 interdyscyplinarnych, ale r\u00f3wnie\u017c w odniesieniu do rzeczywistej implementacji.<\/p>\n                    <p>Rzeczywistym celem stworzenia modelu jest to, \u017ce mo\u017ce on by\u0107 dostosowywany do r\u00f3\u017cnych sytuacji i kontekst\u00f3w nauki zgodnie z potrzebami ko\u0144cowych u\u017cytkownik\u00f3w. Poprzez po\u0142\u0105czenie r\u00f3\u017cnych rzeczywisto\u015bci edukacyjnych z ca\u0142ej Europy, model\n                      ten zostanie dostosowany i przetestowany w \u015brodowiskach akademickich i pozanaukowych, w kt\u00f3rych istniej\u0105 znaczne r\u00f3\u017cnice pod wzgl\u0119dem metodologii edukacyjnych oraz aspekt\u00f3w kulturowych w procesie nauki, kt\u00f3ry jest prosty, ale kluczowy.<\/p>\n                    <p>REVEALING ma na celu wprowadzenie w u\u017cycie VR w bardziej zr\u00f3\u017cnicowany spos\u00f3b dla szeregu dzia\u0142a\u0144 (poza jego wykorzystaniem jako narz\u0119dzia rekreacyjnego) w europejskim kontek\u015bcie edukacyjnym i spo\u0142ecznym. Konkretne cele projektu obejmuj\u0105:<\/p>\n                    <p>\n                      <br>\n                    <\/p>\n                  <\/div>\n                <\/div>\n              <\/div>\n            <\/div>\n          <\/div>\n          <div class=\"h-column h-column-container d-flex h-col-lg h-col-md-auto h-col-auto style-974-outer style-local-5239-c6-outer\">\n            <div data-colibri-id=\"5239-c6\" class=\"d-flex h-flex-basis h-column__inner h-px-lg-2 h-px-md-2 h-px-2 v-inner-lg-2 v-inner-md-2 v-inner-2 style-974 style-local-5239-c6 position-relative\">\n              <!---->\n              <!---->\n              <div class=\"w-100 h-y-container h-column__content h-column__v-align flex-basis-100 align-self-lg-start align-self-md-start align-self-start\">\n                <!---->\n                <div data-colibri-id=\"5239-c7\" class=\"d-block style-975 style-local-5239-c7 position-relative h-element\">\n                  <!---->\n                  <div class=\"h-image__frame-container-outer\">\n                    <div class=\"h-image__frame-container\">\n                      <!---->\n                      <!---->\n                      <img decoding=\"async\" loading=\"lazy\" width=\"751\" height=\"935\" src=\"https:\/\/revealing-project.eu\/wp-content\/uploads\/2022\/06\/senior-african-woman-having-fun-playing-with-innov-2022-03-30-18-06-00-utc-1.jpg\" class=\"wp-image-2966 style-975-image style-local-5239-c7-image\" srcset=\"https:\/\/revealing-project.eu\/wp-content\/uploads\/2022\/06\/senior-african-woman-having-fun-playing-with-innov-2022-03-30-18-06-00-utc-1.jpg 751w, https:\/\/revealing-project.eu\/wp-content\/uploads\/2022\/06\/senior-african-woman-having-fun-playing-with-innov-2022-03-30-18-06-00-utc-1-600x747.jpg 600w, https:\/\/revealing-project.eu\/wp-content\/uploads\/2022\/06\/senior-african-woman-having-fun-playing-with-innov-2022-03-30-18-06-00-utc-1-241x300.jpg 241w\" sizes=\"(max-width: 751px) 100vw, 751px\" alt=\"\" \/>\n                      <div class=\"h-image__frame h-hide-lg h-hide-md h-hide-sm style-975-frameImage style-local-5239-c7-frameImage\"><\/div>\n                    <\/div>\n                  <\/div>\n                <\/div>\n              <\/div>\n            <\/div>\n          <\/div>\n        <\/div>\n      <\/div>\n      <div data-colibri-id=\"5239-c8\" class=\"h-row-container gutters-row-lg-2 gutters-row-md-2 gutters-row-0 gutters-row-v-lg-2 gutters-row-v-md-2 gutters-row-v-2 style-983 style-local-5239-c8 position-relative\">\n        <!---->\n        <div class=\"h-row justify-content-lg-center justify-content-md-center justify-content-center align-items-lg-stretch align-items-md-stretch align-items-stretch gutters-col-lg-2 gutters-col-md-2 gutters-col-0 gutters-col-v-lg-2 gutters-col-v-md-2 gutters-col-v-2\">\n          <!---->\n          <div class=\"h-column h-column-container d-flex h-col-lg-auto h-col-md-auto h-col-auto style-984-outer style-local-5239-c9-outer\">\n            <div data-colibri-id=\"5239-c9\" class=\"d-flex h-flex-basis h-column__inner h-px-lg-2 h-px-md-2 h-px-2 v-inner-lg-2 v-inner-md-2 v-inner-2 style-984 style-local-5239-c9 position-relative\">\n              <!---->\n              <!---->\n              <div class=\"w-100 h-y-container h-column__content h-column__v-align flex-basis-100 align-self-lg-start align-self-md-start align-self-start\">\n                <!---->\n                <div data-colibri-id=\"5239-c10\" class=\"icon-list d-flex justify-content-lg-start justify-content-md-start justify-content-start style-985 style-local-5239-c10 position-relative h-element\">\n                  <!---->\n                  <ul class=\"ul-list-icon vertical-on-desktop vertical-on-tablet vertical-on-mobile justify-content-lg-start justify-content-md-start justify-content-start\">\n                    <!---->\n                    <li class=\"list-item no-gutters\">\n                      <!---->\n                      <div class=\"list-container-divider d-flex justify-content-lg-start justify-content-md-start justify-content-start first-el-spacer\"><\/div> <span class=\"item-link no-gutters\"><div class=\"d-flex h-col no-gutters align-items-lg-center align-items-md-center align-items-center list-item-text-wrapper\"><div class=\"d-flex\"><span  class=\"h-svg-icon style-985-icon style-local-5239-c10-icon\"><!--Icon by Font Awesome (https:\/\/fontawesome.com)-->\n    <svg version=\"1.1\" xmlns=\"http:\/\/www.w3.org\/2000\/svg\" xmlns:xlink=\"http:\/\/www.w3.org\/1999\/xlink\" id=\"dot-circle-o\" viewBox=\"0 0 1536 1896.0833\">\n      <path d=\"M1024 896q0 106-75 181t-181 75-181-75-75-181 75-181 181-75 181 75 75 181zM768 352q-148 0-273 73T297 623t-73 273 73 273 198 198 273 73 273-73 198-198 73-273-73-273-198-198-273-73zm768 544q0 209-103 385.5T1153.5 1561 768 1664t-385.5-103T103 1281.5 0 896t103-385.5T382.5 231 768 128t385.5 103T1433 510.5 1536 896z\"><\/path>\n    <\/svg><\/span><\/div> <span class=\"list-text d-block\"><span>Zaprojektowanie i wdro\u017cenie VRLE (\u015brodowiska wirtualnej rzeczywisto\u015bci) dostosowanego do potrzeb instytucji szkolnictwa wy\u017cszego (HEI).<\/span><\/span>\n              <\/div>\n              <\/span>\n              <div class=\"list-container-divider d-flex justify-content-lg-start justify-content-md-start justify-content-start\">\n                <!---->\n              <\/div>\n              <\/li>\n              <li class=\"list-item no-gutters\">\n                <!---->\n                <!----><span class=\"item-link no-gutters\"><div class=\"d-flex h-col no-gutters align-items-lg-center align-items-md-center align-items-center list-item-text-wrapper\"><div class=\"d-flex\"><span  class=\"h-svg-icon style-985-icon style-local-5239-c10-icon\"><!--Icon by Font Awesome (https:\/\/fontawesome.com)-->\n    <svg version=\"1.1\" xmlns=\"http:\/\/www.w3.org\/2000\/svg\" xmlns:xlink=\"http:\/\/www.w3.org\/1999\/xlink\" id=\"dot-circle-o\" viewBox=\"0 0 1536 1896.0833\">\n      <path d=\"M1024 896q0 106-75 181t-181 75-181-75-75-181 75-181 181-75 181 75 75 181zM768 352q-148 0-273 73T297 623t-73 273 73 273 198 198 273 73 273-73 198-198 73-273-73-273-198-198-273-73zm768 544q0 209-103 385.5T1153.5 1561 768 1664t-385.5-103T103 1281.5 0 896t103-385.5T382.5 231 768 128t385.5 103T1433 510.5 1536 896z\"><\/path>\n    <\/svg><\/span><\/div> <span class=\"list-text d-block\"><span>Przeprowadzenie testowych lekcji z wykorzystaniem VR i opracowanie podr\u0119cznika z kompleksowymi wskaz\u00f3wkami dotycz\u0105cymi efektywnego wykorzystania mo\u017cliwo\u015bci \u015brodowisk wirtualnej rzeczywisto\u015bci (VRLE) do organizacji wyk\u0142ad\u00f3w na uczelniach.<\/span><\/span>\n          <\/div>\n          <\/span>\n          <div class=\"list-container-divider d-flex justify-content-lg-start justify-content-md-start justify-content-start\">\n            <!---->\n          <\/div>\n          <\/li>\n          <li class=\"list-item no-gutters\">\n            <!---->\n            <!----><span class=\"item-link no-gutters\"><div class=\"d-flex h-col no-gutters align-items-lg-center align-items-md-center align-items-center list-item-text-wrapper\"><div class=\"d-flex\"><span  class=\"h-svg-icon style-985-icon style-local-5239-c10-icon\"><!--Icon by Font Awesome (https:\/\/fontawesome.com)-->\n    <svg version=\"1.1\" xmlns=\"http:\/\/www.w3.org\/2000\/svg\" xmlns:xlink=\"http:\/\/www.w3.org\/1999\/xlink\" id=\"dot-circle-o\" viewBox=\"0 0 1536 1896.0833\">\n      <path d=\"M1024 896q0 106-75 181t-181 75-181-75-75-181 75-181 181-75 181 75 75 181zM768 352q-148 0-273 73T297 623t-73 273 73 273 198 198 273 73 273-73 198-198 73-273-73-273-198-198-273-73zm768 544q0 209-103 385.5T1153.5 1561 768 1664t-385.5-103T103 1281.5 0 896t103-385.5T382.5 231 768 128t385.5 103T1433 510.5 1536 896z\"><\/path>\n    <\/svg><\/span><\/div> <span class=\"list-text d-block\"><span>Wdro\u017cynie Katalogu Zasob\u00f3w do \u015brodowisk wirtualnej rzeczywisto\u015bci (VRLE Resource Directory) celem u\u0142atwienia wykorzystania zasob\u00f3w zgodnych z VRLE w edukacji na szczeblu instytucji szkolnictwa wy\u017cszego (HEI).<\/span><\/span>\n      <\/div>\n      <\/span>\n      <div class=\"list-container-divider d-flex justify-content-lg-start justify-content-md-start justify-content-start\">\n        <!---->\n      <\/div>\n      <\/li>\n      <li class=\"list-item no-gutters\">\n        <!---->\n        <!----><span class=\"item-link no-gutters\"><div class=\"d-flex h-col no-gutters align-items-lg-center align-items-md-center align-items-center list-item-text-wrapper\"><div class=\"d-flex\"><span  class=\"h-svg-icon style-985-icon style-local-5239-c10-icon\"><!--Icon by Font Awesome (https:\/\/fontawesome.com)-->\n    <svg version=\"1.1\" xmlns=\"http:\/\/www.w3.org\/2000\/svg\" xmlns:xlink=\"http:\/\/www.w3.org\/1999\/xlink\" id=\"dot-circle-o\" viewBox=\"0 0 1536 1896.0833\">\n      <path d=\"M1024 896q0 106-75 181t-181 75-181-75-75-181 75-181 181-75 181 75 75 181zM768 352q-148 0-273 73T297 623t-73 273 73 273 198 198 273 73 273-73 198-198 73-273-73-273-198-198-273-73zm768 544q0 209-103 385.5T1153.5 1561 768 1664t-385.5-103T103 1281.5 0 896t103-385.5T382.5 231 768 128t385.5 103T1433 510.5 1536 896z\"><\/path>\n    <\/svg><\/span><\/div> <span class=\"list-text d-block\"><span>Podniesienie kwalifikacji kadry dydaktycznej i student\u00f3w HEI w zakresie wykorzystania innowacyjnych technologii w ramach r\u00f3\u017cnych podej\u015b\u0107 edukacyjnych.<\/span><\/span>\n  <\/div>\n  <\/span>\n  <div class=\"list-container-divider d-flex justify-content-lg-start justify-content-md-start justify-content-start\" style=\"display: none;\">\n    <!---->\n  <\/div>\n  <div class=\"list-container-divider d-flex justify-content-lg-start justify-content-md-start justify-content-start last-el-spacer\"><\/div>\n  <\/li>\n  <\/ul>\n<\/div>\n<\/div>\n<\/div>\n<\/div>\n<\/div>\n<\/div>\n<\/div>\n<\/div>\n<div data-colibri-component=\"section\" data-colibri-id=\"5239-c11\" id=\"reusable-sections\" class=\"h-section h-section-global-spacing d-flex align-items-lg-center align-items-md-center align-items-center style-1067 style-local-5239-c11 position-relative\">\n  <!---->\n  <!---->\n  <div class=\"h-section-grid-container h-section-boxed-container\">\n    <!---->\n    <div data-colibri-id=\"5239-c12\" class=\"h-row-container gutters-row-lg-2 gutters-row-md-2 gutters-row-0 gutters-row-v-lg-2 gutters-row-v-md-2 gutters-row-v-2 style-1068 style-local-5239-c12 position-relative\">\n      <!---->\n      <div class=\"h-row justify-content-lg-center justify-content-md-center justify-content-center align-items-lg-stretch align-items-md-stretch align-items-stretch gutters-col-lg-2 gutters-col-md-2 gutters-col-0 gutters-col-v-lg-2 gutters-col-v-md-2 gutters-col-v-2\">\n        <!---->\n        <div class=\"h-column h-column-container d-flex h-col-lg-auto h-col-md-auto h-col-auto style-1069-outer style-local-5239-c13-outer\">\n          <div data-colibri-id=\"5239-c13\" class=\"d-flex h-flex-basis h-column__inner h-px-lg-2 h-px-md-2 h-px-2 v-inner-lg-2 v-inner-md-2 v-inner-2 style-1069 style-local-5239-c13 position-relative\">\n            <!---->\n            <!---->\n            <div class=\"w-100 h-y-container h-column__content h-column__v-align flex-basis-100 align-self-lg-start align-self-md-start align-self-start\">\n              <!---->\n              <div data-colibri-id=\"5239-c14\" class=\"d-block style-1070 style-local-5239-c14 position-relative h-element\">\n                <!---->\n                <div class=\"h-image__frame-container-outer\">\n                  <div class=\"h-image__frame-container\">\n                    <!---->\n                    <!---->\n                    <img decoding=\"async\" loading=\"lazy\" width=\"1077\" height=\"189\" src=\"https:\/\/revealing-project.eu\/wp-content\/uploads\/2023\/07\/logosbeneficaireserasmusright_pl_0.jpg\" class=\"wp-image-5206 style-1070-image style-local-5239-c14-image\" srcset=\"https:\/\/revealing-project.eu\/wp-content\/uploads\/2023\/07\/logosbeneficaireserasmusright_pl_0.jpg 1077w, https:\/\/revealing-project.eu\/wp-content\/uploads\/2023\/07\/logosbeneficaireserasmusright_pl_0-300x53.jpg 300w, https:\/\/revealing-project.eu\/wp-content\/uploads\/2023\/07\/logosbeneficaireserasmusright_pl_0-1024x180.jpg 1024w, https:\/\/revealing-project.eu\/wp-content\/uploads\/2023\/07\/logosbeneficaireserasmusright_pl_0-768x135.jpg 768w, https:\/\/revealing-project.eu\/wp-content\/uploads\/2023\/07\/logosbeneficaireserasmusright_pl_0-600x105.jpg 600w\" sizes=\"(max-width: 1077px) 100vw, 1077px\" alt=\"\" \/>\n                    <div class=\"h-image__frame h-hide-lg h-hide-md h-hide-sm style-1070-frameImage style-local-5239-c14-frameImage\"><\/div>\n                  <\/div>\n                <\/div>\n              <\/div>\n            <\/div>\n          <\/div>\n        <\/div>\n        <div class=\"h-column h-column-container d-flex h-col-lg-auto h-col-md-auto h-col-auto style-1071-outer style-local-5239-c15-outer\">\n          <div data-colibri-id=\"5239-c15\" class=\"d-flex h-flex-basis h-column__inner h-px-lg-2 h-px-md-2 h-px-2 v-inner-lg-2 v-inner-md-2 v-inner-2 style-1071 style-local-5239-c15 position-relative\">\n            <!---->\n            <!---->\n            <div class=\"w-100 h-y-container h-column__content h-column__v-align flex-basis-100 align-self-lg-start align-self-md-start align-self-start\">\n              <!---->\n              <div data-colibri-id=\"5239-c16\" class=\"h-text h-text-component style-1072 style-local-5239-c16 position-relative h-element\">\n                <!---->\n                <!---->\n                <div class=\"\">\n                  <p>Wsparcie Komisji Europejskiej dla produkcji tej publikacji nie stanowi poparcia dla tre\u015bci, kt\u00f3re odzwierciedlaj\u0105 jedynie pogl\u0105dy autor\u00f3w, a Komisja nie mo\u017ce zosta\u0107 pociagni\u0119ta do odpowiedzialno\u015bci za jakiekolwiek wykorzystanie informacji\n                    w niej zawartych.<\/p>\n                <\/div>\n              <\/div>\n            <\/div>\n          <\/div>\n        <\/div>\n      <\/div>\n    <\/div>\n  <\/div>\n<\/div>\n<\/div>","protected":false},"excerpt":{"rendered":"<p>Celem projektu REVEALING jest stworzenie modelu \u015brodowiska wirtualnej rzeczywisto\u015bci (Virtual Reality Learning Environment &#8211; VRLE) przy u\u017cyciu platformy VRChat, dostosowanego do potrzeb edukacyjnych instytucji szkolnictwa wy\u017cszego (HEI) i ich student\u00f3w. To ostatecznie wp\u0142ynie na partneruj\u0105ce uniwersytety, a tak\u017ce poza nimi, pod wzgl\u0119dem zdolno\u015bci technologicznych, nie tylko w kontek\u015bcie bada\u0144 interdyscyplinarnych, ale r\u00f3wnie\u017c w odniesieniu do [&hellip;]<\/p>\n","protected":false},"author":1,"featured_media":0,"parent":0,"menu_order":0,"comment_status":"closed","ping_status":"closed","template":"page-templates\/full-width-page.php","meta":[],"_links":{"self":[{"href":"https:\/\/revealing-project.eu\/pl\/wp-json\/wp\/v2\/pages\/5239"}],"collection":[{"href":"https:\/\/revealing-project.eu\/pl\/wp-json\/wp\/v2\/pages"}],"about":[{"href":"https:\/\/revealing-project.eu\/pl\/wp-json\/wp\/v2\/types\/page"}],"author":[{"embeddable":true,"href":"https:\/\/revealing-project.eu\/pl\/wp-json\/wp\/v2\/users\/1"}],"replies":[{"embeddable":true,"href":"https:\/\/revealing-project.eu\/pl\/wp-json\/wp\/v2\/comments?post=5239"}],"version-history":[{"count":4,"href":"https:\/\/revealing-project.eu\/pl\/wp-json\/wp\/v2\/pages\/5239\/revisions"}],"predecessor-version":[{"id":5251,"href":"https:\/\/revealing-project.eu\/pl\/wp-json\/wp\/v2\/pages\/5239\/revisions\/5251"}],"wp:attachment":[{"href":"https:\/\/revealing-project.eu\/pl\/wp-json\/wp\/v2\/media?parent=5239"}],"curies":[{"name":"wp","href":"https:\/\/api.w.org\/{rel}","templated":true}]}}