{"id":5256,"date":"2020-03-06T12:31:39","date_gmt":"2020-03-06T09:31:39","guid":{"rendered":"https:\/\/revealing-project.eu\/target-groups\/"},"modified":"2023-07-17T14:14:12","modified_gmt":"2023-07-17T11:14:12","slug":"target-groups","status":"publish","type":"page","link":"https:\/\/revealing-project.eu\/pl\/target-groups\/","title":{"rendered":"Grupy docelowe"},"content":{"rendered":"\n<ol>\n<li>Pracownicy z lokalnych lub regionalnych wydzia\u0142\u00f3w uniwersyteckich zainteresowani wprowadzeniem klas wykorzystuj\u0105cych technologi\u0119 wirtualnej rzeczywisto\u015bci (VR).<\/li>\n\n\n\n<li>Personel techniczny z uniwersytet\u00f3w prowadz\u0105cych laboratoria z wykorzystaniem technologii wirtualnej rzeczywisto\u015bci (VR) lub innych symulacji opartych na technologii ICT.<\/li>\n\n\n\n<li>Miejscowe szko\u0142y edukacyjne (nie tylko instytucje szkolnictwa wy\u017cszego, ale tak\u017ce szko\u0142y \u015brednie lub zawodowe), zainteresowane innowacyjnymi metodami nauczania.<\/li>\n\n\n\n<li>Eksperci edukacyjni, badacze nauk spo\u0142ecznych i specjali\u015bci zainteresowani innowacjami spo\u0142ecznymi opartymi na technologii wirtualnej rzeczywisto\u015bci (VR).<\/li>\n\n\n\n<li>Urz\u0119dnicy pa\u0144stwowi zaanga\u017cowani w tworzenie polityk edukacyjnych.<\/li>\n\n\n\n<li>Przedsi\u0119biorstwa i firmy (g\u0142\u00f3wnie M\u015aP), kt\u00f3re chc\u0105 przyj\u0105\u0107 \u015brodowisko wirtualnej rzeczywisto\u015bci (VRLE) do specjalistycznego szkolenia pracownik\u00f3w.<\/li>\n<\/ol>\n\n\n<p>&nbsp;<\/p>\n<div class=\"h-row-container gutters-row-lg-2 gutters-row-md-2 gutters-row-0 gutters-row-v-lg-2 gutters-row-v-md-2 gutters-row-v-2 style-1011 style-local-472-c6 position-relative\" data-colibri-id=\"472-c6\">\n<div class=\"h-row justify-content-lg-center justify-content-md-center justify-content-center align-items-lg-stretch align-items-md-stretch align-items-stretch gutters-col-lg-2 gutters-col-md-2 gutters-col-0 gutters-col-v-lg-2 gutters-col-v-md-2 gutters-col-v-2\">\n<div class=\"h-column h-column-container d-flex h-col-lg-auto h-col-md-auto h-col-auto style-1012-outer style-local-472-c7-outer\">\n<div class=\"d-flex h-flex-basis h-column__inner h-px-lg-2 h-px-md-2 h-px-2 v-inner-lg-2 v-inner-md-2 v-inner-2 style-1012 style-local-472-c7 position-relative\" data-colibri-id=\"472-c7\">\n<div class=\"w-100 h-y-container h-column__content h-column__v-align flex-basis-100 align-self-lg-start align-self-md-start align-self-start\">\n<div class=\"d-block style-1014 style-local-472-c9 position-relative h-element\" data-colibri-id=\"472-c9\">\n<div class=\"h-image__frame-container-outer\">\n<div class=\"h-image__frame-container\">\n<p><img decoding=\"async\" loading=\"lazy\" class=\"style-1014-image style-local-472-c9-image wp-image-2419 alignleft\" src=\"https:\/\/revealing-project.eu\/wp-content\/uploads\/2023\/07\/logosbeneficaireserasmusright_pl_0.jpg\" alt=\"\" width=\"420\" height=\"117\"><\/p>\n<p style=\"text-align: right;\"><span style=\"color: #46707f; font-family: 'Open Sans'; font-size: 16px;\">Wsparcie Komisji Europejskiej dla produkcji tej publikacji nie stanowi poparcia dla tre\u015bci, kt\u00f3re odzwierciedlaj\u0105 jedynie pogl\u0105dy autor\u00f3w, a Komisja nie mo\u017ce zosta\u0107 pociagni\u0119ta do odpowiedzialno\u015bci za jakiekolwiek wykorzystanie informacji w niej zawartych.<\/span><\/p>\n<\/div>\n<\/div>\n<\/div>\n<\/div>\n<\/div>\n<\/div>\n<div class=\"h-column h-column-container d-flex h-col-lg-auto h-col-md-auto h-col-auto style-1013-outer style-local-472-c8-outer\">\n<div class=\"d-flex h-flex-basis h-column__inner h-px-lg-2 h-px-md-2 h-px-2 v-inner-lg-2 v-inner-md-2 v-inner-2 style-1013 style-local-472-c8 position-relative\" data-colibri-id=\"472-c8\">\n<div class=\"w-100 h-y-container h-column__content h-column__v-align flex-basis-100 align-self-lg-start align-self-md-start align-self-start\">\n<div class=\"h-text h-text-component style-1015 style-local-472-c10 position-relative h-element\" data-colibri-id=\"472-c10\">\n<div class=\"\">&nbsp;<\/div>\n<\/div>\n<\/div>\n<\/div>\n<\/div>\n<\/div>\n<\/div>","protected":false},"excerpt":{"rendered":"<p>&nbsp; Wsparcie Komisji Europejskiej dla produkcji tej publikacji nie stanowi poparcia dla tre\u015bci, kt\u00f3re odzwierciedlaj\u0105 jedynie pogl\u0105dy autor\u00f3w, a Komisja nie mo\u017ce zosta\u0107 pociagni\u0119ta do odpowiedzialno\u015bci za jakiekolwiek wykorzystanie informacji w niej zawartych. &nbsp;<\/p>\n","protected":false},"author":1,"featured_media":0,"parent":0,"menu_order":0,"comment_status":"closed","ping_status":"closed","template":"","meta":[],"_links":{"self":[{"href":"https:\/\/revealing-project.eu\/pl\/wp-json\/wp\/v2\/pages\/5256"}],"collection":[{"href":"https:\/\/revealing-project.eu\/pl\/wp-json\/wp\/v2\/pages"}],"about":[{"href":"https:\/\/revealing-project.eu\/pl\/wp-json\/wp\/v2\/types\/page"}],"author":[{"embeddable":true,"href":"https:\/\/revealing-project.eu\/pl\/wp-json\/wp\/v2\/users\/1"}],"replies":[{"embeddable":true,"href":"https:\/\/revealing-project.eu\/pl\/wp-json\/wp\/v2\/comments?post=5256"}],"version-history":[{"count":1,"href":"https:\/\/revealing-project.eu\/pl\/wp-json\/wp\/v2\/pages\/5256\/revisions"}],"predecessor-version":[{"id":5257,"href":"https:\/\/revealing-project.eu\/pl\/wp-json\/wp\/v2\/pages\/5256\/revisions\/5257"}],"wp:attachment":[{"href":"https:\/\/revealing-project.eu\/pl\/wp-json\/wp\/v2\/media?parent=5256"}],"curies":[{"name":"wp","href":"https:\/\/api.w.org\/{rel}","templated":true}]}}