{"id":5259,"date":"2020-03-06T17:51:11","date_gmt":"2020-03-06T14:51:11","guid":{"rendered":"https:\/\/revealing-project.eu\/partners-2-2\/"},"modified":"2023-07-17T14:24:13","modified_gmt":"2023-07-17T11:24:13","slug":"partners-2","status":"publish","type":"page","link":"https:\/\/revealing-project.eu\/pl\/partners-2\/","title":{"rendered":"Partnerzy w projekcie"},"content":{"rendered":"\n<figure class=\"wp-block-image size-full\"><img decoding=\"async\" loading=\"lazy\" width=\"300\" height=\"198\" src=\"https:\/\/revealing-project.eu\/wp-content\/uploads\/2022\/06\/cropped-cropped-1200px-Johannes_Gutenberg-Universitat_Mainz_logo.svg_-e1654073670453.png\" alt=\"\" class=\"wp-image-2829\"\/><\/figure>\n\n\n\n<h4 class=\"wp-block-heading\">JOHANNES GUTENBERG-UNIVERSITATMAINZ (Niemcy)<\/h4>\n\n\n\n<p>Z ponad 31 000 studentami z ponad 120 kraj\u00f3w, Uniwersytet im. Johannesa Gutenberga w Moguncji (JGU) jest jednym z najwi\u0119kszych i najbardziej zr\u00f3\u017cnicowanych uniwersytet\u00f3w w Niemczech. JGU \u0142\u0105czy niemal wszystkie dziedziny naukowe pod jednym dachem, w tym Uniwersyteckie Centrum Medyczne w Moguncji, Akademi\u0119 Sztuk Pi\u0119knych w Moguncji, Szko\u0142\u0119 Muzyczn\u0105 w Moguncji oraz Wydzia\u0142 Studi\u00f3w T\u0142umaczeniowych, J\u0119zykoznawstwa i Studi\u00f3w Kulturowych w Germersheim. Oko\u0142o 4 500 naukowc\u00f3w, w tym oko\u0142o 570 profesor\u00f3w, prowadzi badania i nauczanie w ponad 100 instytutach i klinikach. JGU oferuje niezwykle szeroki zakres kierunk\u00f3w studi\u00f3w, posiadaj\u0105c 76 dziedzin nauki i 289 program\u00f3w studi\u00f3w.<\/p>\n\n\n\n<p>Strona internetowa:                       <a rel=\"noreferrer noopener\" aria-label=\"www.trebag.hu  (\u03b1\u03bd\u03bf\u03af\u03b3\u03b5\u03b9 \u03c3\u03b5 \u03bd\u03ad\u03b1 \u03ba\u03b1\u03c1\u03c4\u03ad\u03bb\u03b1)\" href=\"http:\/\/www.trebag.hu\" target=\"_blank\"><\/a>                       <a rel=\"noreferrer noopener\" href=\"https:\/\/www.uni-mainz.de\/\" target=\"_blank\">www.uni-mainz.de<\/a>                     <\/p>\n\n\n\n<p>Osoba do kontaktu:\u00a0Stefan Aufenang                       <br>Email:\u00a0                       <a rel=\"noreferrer noopener\" href=\"mailto:aufenang@uni-mainz.de\" target=\"_blank\">aufenang@uni-mainz.de<\/a>                       <br>Telefon:\u00a0+49 6131 390<\/p>\n\n\n\n<hr class=\"wp-block-separator has-css-opacity is-style-wide\"\/>\n\n\n\n<figure class=\"wp-block-image size-full is-resized\"><img decoding=\"async\" loading=\"lazy\" src=\"https:\/\/revealing-project.eu\/wp-content\/uploads\/2022\/06\/cropped-panepistimio_aigaioy_-_02_vertical_greek_-_pantone_blue.png\" alt=\"\" class=\"wp-image-2828\" width=\"217\" height=\"162\" srcset=\"https:\/\/revealing-project.eu\/wp-content\/uploads\/2022\/06\/cropped-panepistimio_aigaioy_-_02_vertical_greek_-_pantone_blue.png 560w, https:\/\/revealing-project.eu\/wp-content\/uploads\/2022\/06\/cropped-panepistimio_aigaioy_-_02_vertical_greek_-_pantone_blue-300x224.png 300w\" sizes=\"(max-width: 217px) 100vw, 217px\" \/><\/figure>\n\n\n\n<h4 class=\"wp-block-heading\">PANEPISTIMIO AIGAIOU (Grecja)<\/h4>\n\n\n\n<p>Uniwersytet Egejski (UAegean) zosta\u0142 za\u0142o\u017cony w 1984 roku z celem wprowadzenia innowacyjnych podej\u015b\u0107 w szkolnictwie wy\u017cszym w Grecji i promowania rozwoju regionalnego. Zlokalizowany na 6 wyspach w archipelagu Egejskim, oferuje unikalne \u015brodowisko naturalne, kulturalne i ludzkie dla nowoczesnych studi\u00f3w. W ci\u0105gu zaledwie trzydziestu lat przekszta\u0142ci\u0142 si\u0119 w mi\u0119dzynarodowy uniwersytet skoncentrowany na badaniach, oferuj\u0105cy programy edukacyjne w nowoczesnych interdyscyplinarnych obszarach tematycznych, takich jak informatyka kulturalna, projektowanie produkt\u00f3w, projektowanie edukacyjne, studia \u015br\u00f3dziemnomorskie, nauki o \u017cywno\u015bci i \u017cywieniu, \u015brodowisko, systemy komunikacji. UAegean systematycznie otrzymuje doskona\u0142e oceny w ocenach przeprowadzanych na poziomie krajowym, europejskim i mi\u0119dzynarodowym. W 2016 roku UAegean zosta\u0142 sklasyfikowany jako najlepszy uniwersytet w Grecji, oceniony przez Hellenic Quality Assurance and Accreditation Agency (HQA). UAegean uczestniczy w projekcie z dwiema grupami badawczymi zwi\u0105zanych z (a) Wydzia\u0142em In\u017cynierii Projektowania Produkt\u00f3w i System\u00f3w (Wydzia\u0142 In\u017cynierii) oraz (b) Wydzia\u0142em Pedagogiki (Wydzia\u0142 Nauk Humanistycznych).<\/p>\n\n\n\n<p>Strona internetowa:                       <a rel=\"noreferrer noopener\" href=\"http:\/\/www.aegean.gr\" target=\"_blank\">www.aegean.gr<\/a>                     <\/p>\n\n\n\n<p>Osoba do kontaktu:\u00a0Damianos Gavalas                       <br>Email:\u00a0                       <a href=\"mailto:dgavalas@aegean.gr\">dgavalas@aegean.gr<\/a>                       <br>Telefon:\u00a0+30 22810 97136 <\/p>\n\n\n\n<hr class=\"wp-block-separator has-css-opacity is-style-wide\"\/>\n\n\n\n<figure class=\"wp-block-image size-full\"><img decoding=\"async\" loading=\"lazy\" width=\"216\" height=\"216\" src=\"https:\/\/revealing-project.eu\/wp-content\/uploads\/2022\/05\/cropped-IG_Logo_vertical_cor.jpg\" alt=\"\" class=\"wp-image-2809\" srcset=\"https:\/\/revealing-project.eu\/wp-content\/uploads\/2022\/05\/cropped-IG_Logo_vertical_cor.jpg 216w, https:\/\/revealing-project.eu\/wp-content\/uploads\/2022\/05\/cropped-IG_Logo_vertical_cor-100x100.jpg 100w, https:\/\/revealing-project.eu\/wp-content\/uploads\/2022\/05\/cropped-IG_Logo_vertical_cor-150x150.jpg 150w\" sizes=\"(max-width: 216px) 100vw, 216px\" \/><\/figure>\n\n\n\n<h4 class=\"wp-block-heading\">UNIVERSIDADE ABERTA (Portugalia)<\/h4>\n\n\n\n<p>Uniwersytet Otwarty (UAb), za\u0142o\u017cony w 1988 roku, jest jedynym publicznym uniwersytetem nauczania na odleg\u0142o\u015b\u0107 w Portugalii. Ze wzgl\u0119du na sw\u00f3j cel, UAb w pe\u0142ni wykorzystuje najnowsze technologie i metody nauczania na odleg\u0142o\u015b\u0107 w swojej dzia\u0142alno\u015bci dydaktycznej, bez granic geograficznych i fizycznych, przy szczeg\u00f3lnym nacisku na rozw\u00f3j j\u0119zyka portugalskiego i kultury w ramach przestrzeni luzytofo\u0144skiej (spo\u0142eczno\u015bci migracyjne i kraje portugalskoj\u0119zyczne).<\/p>\n\n\n\n<p>W tym kontek\u015bcie, UAb oferuje kszta\u0142cenie wy\u017csze na ca\u0142ym \u015bwiecie (studia licencjackie, magisterskie i doktoranckie) oraz programy kszta\u0142cenia ustawicznego. Od 2008 roku wszystkie programy s\u0105 prowadzone w trybie e-learningu, w kt\u00f3rym UAb sta\u0142 si\u0119 europejsk\u0105 instytucj\u0105 referencyjn\u0105 w dziedzinie zaawansowanego nauczania online i e-learningu dzi\u0119ki uznaniu jego wy\u0142\u0105cznie Wirtualnego Modelu Pedagogicznego.<\/p>\n\n\n\n<p>Strona internetowa:                       <a rel=\"noreferrer noopener\" href=\"http:\/\/www.portal.uab.pt\" target=\"_blank\">www.<\/a>                       <a href=\"https:\/\/portal.uab.pt\/\">portal.uab.pt<\/a>                     <\/p>\n\n\n\n<p>Osoba do kontaktu: Leonel Morgado                       <br>Email:\u00a0                       <a href=\"Leonel.Morgado@uab.pt\">Leonel.Morgado@uab.pt<\/a>                       <br>Telefon:\u00a0+351 300 001 590<\/p>\n\n\n\n<hr class=\"wp-block-separator has-css-opacity is-style-wide\"\/>\n\n\n\n<figure class=\"wp-block-image size-full is-resized\"><img decoding=\"async\" loading=\"lazy\" src=\"https:\/\/revealing-project.eu\/wp-content\/uploads\/2022\/06\/cropped-cropped-20106496_1159484877490348_4484203315103087561_n.jpg\" alt=\"\" class=\"wp-image-2832\" width=\"250\" height=\"129\" srcset=\"https:\/\/revealing-project.eu\/wp-content\/uploads\/2022\/06\/cropped-cropped-20106496_1159484877490348_4484203315103087561_n.jpg 800w, https:\/\/revealing-project.eu\/wp-content\/uploads\/2022\/06\/cropped-cropped-20106496_1159484877490348_4484203315103087561_n-600x311.jpg 600w, https:\/\/revealing-project.eu\/wp-content\/uploads\/2022\/06\/cropped-cropped-20106496_1159484877490348_4484203315103087561_n-300x156.jpg 300w, https:\/\/revealing-project.eu\/wp-content\/uploads\/2022\/06\/cropped-cropped-20106496_1159484877490348_4484203315103087561_n-768x398.jpg 768w\" sizes=\"(max-width: 250px) 100vw, 250px\" \/><\/figure>\n\n\n\n<h4 class=\"wp-block-heading\">European Association of Erasmus Coordinators (Cypr)<\/h4>\n\n\n\n<p>Europejskie Stowarzyszenie Koordynator\u00f3w Erasmus (EAEC) zosta\u0142o za\u0142o\u017cone w 2004 roku, oficjalnie rozpoczynaj\u0105c swoj\u0105 dzia\u0142alno\u015b\u0107 podczas ERACON 2005 (Konferencji Koordynator\u00f3w Erasmus i Targ\u00f3w Edukacji GO-Exchange 2005) na Cyprze.<\/p>\n\n\n\n<p>Jest to stowarzyszenie cz\u0142onkowskie, kt\u00f3re liczy ponad 80 cz\u0142onk\u00f3w instytucjonalnych z kraj\u00f3w UE i spoza UE. Promuje mobilno\u015b\u0107 student\u00f3w, kadry akademickiej i administracyjnej w obszarze Unii Europejskiej i poza ni\u0105 oraz wspiera proces podnoszenia standard\u00f3w edukacyjnych i jako\u015bciowych w obszarze Unii Europejskiej.<\/p>\n\n\n\n<p>Strona internetowa:                       <a rel=\"noreferrer noopener\" href=\"http:\/\/www.eaccnet.com\" target=\"_blank\"><\/a>                       <a href=\"http:\/\/www.eaccnet.com\/\">www.eaccnet.com<\/a>                     <\/p>\n\n\n\n<p>Osoba do kontaktu:\u00a0Gregory Makrides                       <br>Email:\u00a0                       <a rel=\"noreferrer noopener\" href=\"mailto:info@eaecnet.com\" data-type=\"URL\" target=\"_blank\">jcsgoncalves@gmail.com<\/a>                       <br>Telefon:\u00a0+357 22283600<\/p>\n\n\n\n<hr class=\"wp-block-separator has-css-opacity is-style-wide\"\/>\n\n\n\n<figure class=\"wp-block-image size-full is-resized\"><img decoding=\"async\" loading=\"lazy\" src=\"https:\/\/revealing-project.eu\/wp-content\/uploads\/2022\/06\/cropped-IDEC-LOGO-TURQUISE.jpg\" alt=\"\" class=\"wp-image-3992\" width=\"287\" height=\"147\" srcset=\"https:\/\/revealing-project.eu\/wp-content\/uploads\/2022\/06\/cropped-IDEC-LOGO-TURQUISE.jpg 429w, https:\/\/revealing-project.eu\/wp-content\/uploads\/2022\/06\/cropped-IDEC-LOGO-TURQUISE-300x154.jpg 300w\" sizes=\"(max-width: 287px) 100vw, 287px\" \/><\/figure>\n\n\n\n<h4 class=\"wp-block-heading\">IDEC (Grecja)<\/h4>\n\n\n\n<p>IDEC to firma szkoleniowo-doradcza z siedzib\u0105 w Pireusie, w Grecji. IDEC zajmuje si\u0119 tematyk\u0105 zapewniania jako\u015bci w szkoleniach i koordynuje projekty QMS i BEQUAL dotycz\u0105ce jako\u015bci w szkoleniach. Ponadto IDEC ma do\u015bwiadczenie w doradztwie w zakresie opracowywania system\u00f3w zarz\u0105dzania jako\u015bci\u0105 w greckich o\u015brodkach szkoleniowych.<\/p>\n\n\n\n<p>Strona internetowa:                       <a rel=\"noreferrer noopener\" aria-label=\"www.idec.gr (\u03b1\u03bd\u03bf\u03af\u03b3\u03b5\u03b9 \u03c3\u03b5 \u03bd\u03ad\u03b1 \u03ba\u03b1\u03c1\u03c4\u03ad\u03bb\u03b1)\" href=\"http:\/\/www.idec.gr\" target=\"_blank\">www.idec.gr<\/a>                     <\/p>\n\n\n\n<p>Osoba do kontaktu: Xenia Chronopoulou                       <br>Email:                       <a rel=\"noreferrer noopener\" aria-label=\"xenia@idec.gr (\u03b1\u03bd\u03bf\u03af\u03b3\u03b5\u03b9 \u03c3\u03b5 \u03bd\u03ad\u03b1 \u03ba\u03b1\u03c1\u03c4\u03ad\u03bb\u03b1)\" href=\"mailto:xenia@idec.gr\" target=\"_blank\">xenia@idec.gr<\/a>                       <br>Telefon:\u00a0+302104286227 <\/p>\n\n\n\n<hr class=\"wp-block-separator has-css-opacity is-style-wide\"\/>\n\n\n\n<figure class=\"wp-block-image size-full is-resized\"><img decoding=\"async\" loading=\"lazy\" src=\"https:\/\/revealing-project.eu\/wp-content\/uploads\/2022\/06\/logoUP_en.jpg\" alt=\"\" class=\"wp-image-3084\" width=\"206\" height=\"206\" srcset=\"https:\/\/revealing-project.eu\/wp-content\/uploads\/2022\/06\/logoUP_en.jpg 620w, https:\/\/revealing-project.eu\/wp-content\/uploads\/2022\/06\/logoUP_en-300x300.jpg 300w, https:\/\/revealing-project.eu\/wp-content\/uploads\/2022\/06\/logoUP_en-100x100.jpg 100w, https:\/\/revealing-project.eu\/wp-content\/uploads\/2022\/06\/logoUP_en-600x600.jpg 600w, https:\/\/revealing-project.eu\/wp-content\/uploads\/2022\/06\/logoUP_en-150x150.jpg 150w\" sizes=\"(max-width: 206px) 100vw, 206px\" \/><\/figure>\n\n\n\n<h4 class=\"wp-block-heading\"><strong>Pedagogical University of Cracow<\/strong> (Polska)<\/h4>\n\n\n\n<p>Uniwersytet Pedagogiczny w Krakowie jest najlepsz\u0105 pedagogiczn\u0105 uczelni\u0105 wy\u017csz\u0105 w Polsce i jednocze\u015bnie najstarszym Uniwersytetem Pedagogicznym w kraju. Jest to nowoczesna i elitarna uczelnia, funkcjonuj\u0105ca wed\u0142ug modelu edukacji zintegrowanej, czyli po\u0142\u0105czenia wiedzy teoretycznej z umiej\u0119tno\u015bciami praktycznymi. Jest najwa\u017cniejszym i najbardziej rozwini\u0119tym o\u015brodkiem naukowo-badawczym w ramach krajowego systemu edukacji.<\/p>\n\n\n\n<p>Misj\u0119 Uniwersytetu Pedagogicznego realizuje profesjonalny i do\u015bwiadczony personel naukowo-dydaktyczny, stosuj\u0105cy nowoczesne i aktualne tre\u015bci nauczania. Misja wyra\u017ca si\u0119 r\u00f3wnie\u017c poprzez prowadzenie bada\u0144 naukowych, wyznaczanie nowych obszar\u00f3w rozwoju naukowego, przekazywanie wiedzy oraz rozwijanie i wzbogacanie osobowo\u015bci absolwent\u00f3w, kszta\u0142c\u0105c ich zgodnie z najwy\u017cszymi europejskimi standardami.<\/p>\n\n\n\n<p>Uniwersytet zgromadzi\u0142 uczonych r\u00f3\u017cnych dziedzin naukowych i dyscyplin, skupiaj\u0105c si\u0119 zw\u0142aszcza na badaniach z zakresu pedagogiki, psychologii i metodologii. Od pocz\u0105tku swojego istnienia systematycznie rozszerza swoj\u0105 ofert\u0119 edukacyjn\u0105, czyni\u0105c j\u0105 bardziej atrakcyjn\u0105, aby sprosta\u0107 zainteresowaniom i potrzebom m\u0142odych ludzi oraz aktualnym wymaganiom spo\u0142ecze\u0144stwa.<\/p>\n\n\n\n<p>Uniwersytet systematycznie rozwija wszechstronne badania, b\u0119d\u0105ce podstawowym zadaniem szkolnictwa wy\u017cszego, maj\u0105c na celu sprostanie potrzebom tera\u017aniejszo\u015bci i wysoki poziom kszta\u0142cenia student\u00f3w. Sta\u0142y rozw\u00f3j \u015brodowiska naukowego uniwersytetu, innowacje, wysoki poziom i upowszechnianie prowadzonych bada\u0144 determinuj\u0105 si\u0142\u0119 uczelni i pozwalaj\u0105 jej konkurowa\u0107 w \u015bwiecie nauki, zapewniaj\u0105c jej znacz\u0105c\u0105 pozycj\u0119 na scenie krajowej i mi\u0119dzynarodowej. Uniwersytet Pedagogiczny w Krakowie wspiera harmonijny rozw\u00f3j poszczeg\u00f3lnych dziedzin nauki, ale preferuje innowacyjne projekty interdyscyplinarne, prowadzone r\u00f3wnie\u017c we wsp\u00f3\u0142pracy z partnerami zagranicznymi. Uczelnia kontynuuje rozwijanie kontakt\u00f3w z zagranicznymi o\u015brodkami badawczymi i promuje innowacyjne badania w ramach mi\u0119dzynarodowych zespo\u0142\u00f3w badawczych, obejmuj\u0105cych m.in. procesy wsp\u00f3\u0142czesnej globalizacji, zr\u00f3wnowa\u017cony rozw\u00f3j, organizacj\u0119 i zarz\u0105dzanie edukacj\u0105. Obecnie Uniwersytet realizuje projekty badawcze finansowane przez Narodowe Centrum Nauki i Ministerstwo Nauki i Szkolnictwa Wy\u017cszego, prowadzi badania w ramach swojej dzia\u0142alno\u015bci statutowej. Posiada r\u00f3wnie\u017c znaczne do\u015bwiadczenie w realizacji projekt\u00f3w wsp\u00f3\u0142finansowanych przez fundusze UE. Uniwersytet wsp\u00f3\u0142pracuje z instytucjami naukowymi, uniwersytetami i firmami w ramach wsp\u00f3lnych projekt\u00f3w oraz wykonuje us\u0142ugi na zlecenie dla firm. Organizuje konferencje i sympozja.<\/p>\n\n\n\n<p><\/p>\n\n\n\n<p>Strona internetowa:                       <a rel=\"noreferrer noopener\" href=\"http:\/\/www.eaccnet.com\" target=\"_blank\"><\/a>                       <a rel=\"noreferrer noopener\" href=\"https:\/\/www.up.krakow.pl\/\" target=\"_blank\">https:\/\/www.up.krakow.pl\/<\/a>                     <\/p>\n\n\n\n<p>Osoba do kontaktu:\u00a0Natalia Ponomarova                   <br>Email:\u00a0                       <a href=\"mailto:info@eaecnet.com\"><\/a>                       <a href=\"mailto:ponomna@gmail.com\">ponomna@gmail.com<\/a>                       <br>Telefon:\u00a0+48 511 463 911<\/p>\n\n\n<p>&nbsp;<\/p>\n<div class=\"h-row-container gutters-row-lg-2 gutters-row-md-2 gutters-row-0 gutters-row-v-lg-2 gutters-row-v-md-2 gutters-row-v-2 style-1011 style-local-472-c6 position-relative\" data-colibri-id=\"472-c6\">\n<div class=\"h-row justify-content-lg-center justify-content-md-center justify-content-center align-items-lg-stretch align-items-md-stretch align-items-stretch gutters-col-lg-2 gutters-col-md-2 gutters-col-0 gutters-col-v-lg-2 gutters-col-v-md-2 gutters-col-v-2\">\n<div class=\"h-column h-column-container d-flex h-col-lg-auto h-col-md-auto h-col-auto style-1012-outer style-local-472-c7-outer\">\n<div class=\"d-flex h-flex-basis h-column__inner h-px-lg-2 h-px-md-2 h-px-2 v-inner-lg-2 v-inner-md-2 v-inner-2 style-1012 style-local-472-c7 position-relative\" data-colibri-id=\"472-c7\">\n<div class=\"w-100 h-y-container h-column__content h-column__v-align flex-basis-100 align-self-lg-start align-self-md-start align-self-start\">\n<div class=\"d-block style-1014 style-local-472-c9 position-relative h-element\" data-colibri-id=\"472-c9\">\n<div class=\"h-image__frame-container-outer\">\n<div class=\"h-image__frame-container\">\n<p><img decoding=\"async\" loading=\"lazy\" class=\"style-1014-image style-local-472-c9-image wp-image-2419 alignleft\" src=\"https:\/\/revealing-project.eu\/wp-content\/uploads\/2023\/07\/logosbeneficaireserasmusright_pl_0.jpg\" alt=\"\" width=\"420\" height=\"117\"><\/p>\n<p style=\"text-align: right;\"><span style=\"color: #46707f; font-family: 'Open Sans'; font-size: 16px;\">Wsparcie Komisji Europejskiej dla produkcji tej publikacji nie stanowi poparcia dla tre\u015bci, kt\u00f3re odzwierciedlaj\u0105 jedynie pogl\u0105dy autor\u00f3w, a Komisja nie mo\u017ce zosta\u0107 pociagni\u0119ta do odpowiedzialno\u015bci za jakiekolwiek wykorzystanie informacji w niej zawartych.<\/span><\/p>\n<\/div>\n<\/div>\n<\/div>\n<\/div>\n<\/div>\n<\/div>\n<div class=\"h-column h-column-container d-flex h-col-lg-auto h-col-md-auto h-col-auto style-1013-outer style-local-472-c8-outer\">\n<div class=\"d-flex h-flex-basis h-column__inner h-px-lg-2 h-px-md-2 h-px-2 v-inner-lg-2 v-inner-md-2 v-inner-2 style-1013 style-local-472-c8 position-relative\" data-colibri-id=\"472-c8\">\n<div class=\"w-100 h-y-container h-column__content h-column__v-align flex-basis-100 align-self-lg-start align-self-md-start align-self-start\">\n<div class=\"h-text h-text-component style-1015 style-local-472-c10 position-relative h-element\" data-colibri-id=\"472-c10\">\n<div class=\"\">&nbsp;<\/div>\n<\/div>\n<\/div>\n<\/div>\n<\/div>\n<\/div>\n<\/div>","protected":false},"excerpt":{"rendered":"<p>JOHANNES GUTENBERG-UNIVERSITATMAINZ (Niemcy) Z ponad 31 000 studentami z ponad 120 kraj\u00f3w, Uniwersytet im. Johannesa Gutenberga w Moguncji (JGU) jest jednym z najwi\u0119kszych i najbardziej zr\u00f3\u017cnicowanych uniwersytet\u00f3w w Niemczech. JGU \u0142\u0105czy niemal wszystkie dziedziny naukowe pod jednym dachem, w tym Uniwersyteckie Centrum Medyczne w Moguncji, Akademi\u0119 Sztuk Pi\u0119knych w Moguncji, Szko\u0142\u0119 Muzyczn\u0105 w Moguncji oraz [&hellip;]<\/p>\n","protected":false},"author":1,"featured_media":0,"parent":0,"menu_order":0,"comment_status":"closed","ping_status":"closed","template":"","meta":[],"_links":{"self":[{"href":"https:\/\/revealing-project.eu\/pl\/wp-json\/wp\/v2\/pages\/5259"}],"collection":[{"href":"https:\/\/revealing-project.eu\/pl\/wp-json\/wp\/v2\/pages"}],"about":[{"href":"https:\/\/revealing-project.eu\/pl\/wp-json\/wp\/v2\/types\/page"}],"author":[{"embeddable":true,"href":"https:\/\/revealing-project.eu\/pl\/wp-json\/wp\/v2\/users\/1"}],"replies":[{"embeddable":true,"href":"https:\/\/revealing-project.eu\/pl\/wp-json\/wp\/v2\/comments?post=5259"}],"version-history":[{"count":1,"href":"https:\/\/revealing-project.eu\/pl\/wp-json\/wp\/v2\/pages\/5259\/revisions"}],"predecessor-version":[{"id":5262,"href":"https:\/\/revealing-project.eu\/pl\/wp-json\/wp\/v2\/pages\/5259\/revisions\/5262"}],"wp:attachment":[{"href":"https:\/\/revealing-project.eu\/pl\/wp-json\/wp\/v2\/media?parent=5259"}],"curies":[{"name":"wp","href":"https:\/\/api.w.org\/{rel}","templated":true}]}}