{"id":5263,"date":"2020-03-06T17:58:07","date_gmt":"2020-03-06T14:58:07","guid":{"rendered":"https:\/\/revealing-project.eu\/vrle-model\/"},"modified":"2024-07-16T11:16:35","modified_gmt":"2024-07-16T08:16:35","slug":"vrle-model","status":"publish","type":"page","link":"https:\/\/revealing-project.eu\/pl\/vrle-model\/","title":{"rendered":"Model VRLE"},"content":{"rendered":"\n<p>Pierwszym rezultatem projektu REVEALING jest stworzenie modelu \u015arodowiska Wirtualnej Rzeczywisto\u015bci do Nauczania (VRLE) dostosowanego do kszta\u0142cenia na poziomie instytucji szkolnictwa wy\u017cszego. VRLE b\u0119dzie przyjmowa\u0107 form\u0119 wirtualnych klas 3D, zgodnych z platform\u0105 VRChat.<\/p>\n\n\n\n<p>B\u0119dzie dost\u0119pny dla instruktor\u00f3w i student\u00f3w, kt\u00f3rzy b\u0119d\u0105 mogli wsp\u00f3\u0142istnie\u0107 w wsp\u00f3lnym wirtualnym \u015brodowisku, komunikowa\u0107 si\u0119 za pomoc\u0105 \u015brodk\u00f3w werbalnych i niewerbalnych oraz uczestniczy\u0107 w zadaniach edukacyjnych wymagaj\u0105cych wsp\u00f3\u0142pracy.<\/p>\n\n\n\n<p>VRLE b\u0119dzie obejmowa\u0107 przestrzenie o neutralnym designie (nie b\u0119d\u0105cych zwi\u0105zanych z konkretnymi dyscyplinami) i typowe uk\u0142ady u\u017cywane podczas wyk\u0142ad\u00f3w w instytucjach szkolnictwa wy\u017cszego (wirtualne klasy 3D, wirtualne audytorium 3D z standardowym wyposa\u017ceniem, tablice, projektory itp.). Te przestrzenie b\u0119d\u0105 odpowiednie do realizacji procesu nauczania na poziomie instytucji szkolnictwa wy\u017cszego za pomoc\u0105 VRLE, symuluj\u0105c do\u015bwiadczenie prawdziwego wyk\u0142adu akademickiego.<\/p>\n\n\n\n<p>Ponadto, VRLE b\u0119dzie obejmowa\u0107 dodatkowe przestrzenie zwi\u0105zane z konkretnymi dyscyplinami naukowymi, kt\u00f3re b\u0119d\u0105 wspiera\u0107 zadania edukacyjne (np. wirtualne wizyty na miejscach dziedzictwa kulturowego) lub umo\u017cliwia\u0107 dost\u0119p do specjalistycznych narz\u0119dzi lub zasob\u00f3w (np. modele anatomiczne szkielet\u00f3w ludzkich) w celu dalszego wzbogacenia procesu nauki.<\/p>\n\n\n\n<p>Wreszcie, model VRLE b\u0119dzie obejmowa\u0142 zestaw awatar\u00f3w (dla instruktor\u00f3w i student\u00f3w) o r\u00f3\u017cnorodnych cechach pod wzgl\u0119dem p\u0142ci, rasy, wieku, budowy cia\u0142a itp., aby uwzgl\u0119dni\u0107 r\u00f3\u017cnorodno\u015b\u0107 uczestnik\u00f3w.<\/p>\n\n\n\n<p><\/p>\n\n\n\n<p>Stworzono 5 \u015brodowisk edukacyjnych VR, kt\u00f3re mo\u017cna znale\u017a\u0107 w aplikacji <strong><a rel=\"noreferrer noopener\" href=\"https:\/\/hello.vrchat.com\/\" target=\"_blank\">VRCHAT<\/a><\/strong> pod kontem <strong><a href=\"https:\/\/vrclist.com\/user\/AndronikiAgel\" target=\"_blank\" rel=\"noreferrer noopener\">AndronikiAgel<\/a><\/strong>:<\/p>\n\n\n\n<ul>\n<li><a rel=\"noreferrer noopener\" href=\"https:\/\/vrclist.com\/world\/441111\" target=\"_blank\">Ancient Greek Technology\u200b<\/a><\/li>\n\n\n\n<li><a href=\"https:\/\/vrclist.com\/world\/479463\" target=\"_blank\" rel=\"noreferrer noopener\">Chimborazo expedition\u200b<\/a><\/li>\n\n\n\n<li><a href=\"https:\/\/vrclist.com\/world\/465741\" target=\"_blank\" rel=\"noreferrer noopener\">Sea Urchins Measurements\u200b<\/a><\/li>\n\n\n\n<li><a href=\"https:\/\/vrclist.com\/world\/459563\" target=\"_blank\" rel=\"noreferrer noopener\">Linear Algebra\u200b<\/a><\/li>\n\n\n\n<li><a rel=\"noreferrer noopener\" href=\"https:\/\/vrclist.com\/world\/490675\" target=\"_blank\">Teriade Museum<\/a><\/li>\n<\/ul>\n\n\n<p>\u00a0<\/p>\n<div class=\"h-row-container gutters-row-lg-2 gutters-row-md-2 gutters-row-0 gutters-row-v-lg-2 gutters-row-v-md-2 gutters-row-v-2 style-1011 style-local-472-c6 position-relative\" data-colibri-id=\"472-c6\">\n<div class=\"h-row justify-content-lg-center justify-content-md-center justify-content-center align-items-lg-stretch align-items-md-stretch align-items-stretch gutters-col-lg-2 gutters-col-md-2 gutters-col-0 gutters-col-v-lg-2 gutters-col-v-md-2 gutters-col-v-2\">\n<div class=\"h-column h-column-container d-flex h-col-lg-auto h-col-md-auto h-col-auto style-1012-outer style-local-472-c7-outer\">\n<div class=\"d-flex h-flex-basis h-column__inner h-px-lg-2 h-px-md-2 h-px-2 v-inner-lg-2 v-inner-md-2 v-inner-2 style-1012 style-local-472-c7 position-relative\" data-colibri-id=\"472-c7\">\n<div class=\"w-100 h-y-container h-column__content h-column__v-align flex-basis-100 align-self-lg-start align-self-md-start align-self-start\">\n<div class=\"d-block style-1014 style-local-472-c9 position-relative h-element\" data-colibri-id=\"472-c9\">\n<div class=\"h-image__frame-container-outer\">\n<div class=\"h-image__frame-container\">\n<p><img decoding=\"async\" loading=\"lazy\" class=\"style-1014-image style-local-472-c9-image wp-image-2419 alignleft\" src=\"https:\/\/revealing-project.eu\/wp-content\/uploads\/2023\/07\/logosbeneficaireserasmusright_pl_0.jpg\" alt=\"\" width=\"420\" height=\"117\" \/><\/p>\n<p style=\"text-align: right;\"><span style=\"color: #46707f; font-family: 'Open Sans'; font-size: 16px;\">Wsparcie Komisji Europejskiej dla produkcji tej publikacji nie stanowi poparcia dla tre\u015bci, kt\u00f3re odzwierciedlaj\u0105 jedynie pogl\u0105dy autor\u00f3w, a Komisja nie mo\u017ce zosta\u0107 pociagni\u0119ta do odpowiedzialno\u015bci za jakiekolwiek wykorzystanie informacji w niej zawartych.<\/span><\/p>\n<\/div>\n<\/div>\n<\/div>\n<\/div>\n<\/div>\n<\/div>\n<div class=\"h-column h-column-container d-flex h-col-lg-auto h-col-md-auto h-col-auto style-1013-outer style-local-472-c8-outer\">\n<div class=\"d-flex h-flex-basis h-column__inner h-px-lg-2 h-px-md-2 h-px-2 v-inner-lg-2 v-inner-md-2 v-inner-2 style-1013 style-local-472-c8 position-relative\" data-colibri-id=\"472-c8\">\n<div class=\"w-100 h-y-container h-column__content h-column__v-align flex-basis-100 align-self-lg-start align-self-md-start align-self-start\">\n<div class=\"h-text h-text-component style-1015 style-local-472-c10 position-relative h-element\" data-colibri-id=\"472-c10\">\n<div class=\"\">\u00a0<\/div>\n<\/div>\n<\/div>\n<\/div>\n<\/div>\n<\/div>\n<\/div>","protected":false},"excerpt":{"rendered":"<p>Pierwszym rezultatem projektu REVEALING jest stworzenie modelu \u015arodowiska Wirtualnej Rzeczywisto\u015bci do Nauczania (VRLE) dostosowanego do kszta\u0142cenia na poziomie instytucji szkolnictwa wy\u017cszego. VRLE b\u0119dzie przyjmowa\u0107 form\u0119 wirtualnych klas 3D, zgodnych z platform\u0105 VRChat. B\u0119dzie dost\u0119pny dla instruktor\u00f3w i student\u00f3w, kt\u00f3rzy b\u0119d\u0105 mogli wsp\u00f3\u0142istnie\u0107 w wsp\u00f3lnym wirtualnym \u015brodowisku, komunikowa\u0107 si\u0119 za pomoc\u0105 \u015brodk\u00f3w werbalnych i niewerbalnych oraz [&hellip;]<\/p>\n","protected":false},"author":1,"featured_media":0,"parent":0,"menu_order":0,"comment_status":"closed","ping_status":"closed","template":"","meta":[],"_links":{"self":[{"href":"https:\/\/revealing-project.eu\/pl\/wp-json\/wp\/v2\/pages\/5263"}],"collection":[{"href":"https:\/\/revealing-project.eu\/pl\/wp-json\/wp\/v2\/pages"}],"about":[{"href":"https:\/\/revealing-project.eu\/pl\/wp-json\/wp\/v2\/types\/page"}],"author":[{"embeddable":true,"href":"https:\/\/revealing-project.eu\/pl\/wp-json\/wp\/v2\/users\/1"}],"replies":[{"embeddable":true,"href":"https:\/\/revealing-project.eu\/pl\/wp-json\/wp\/v2\/comments?post=5263"}],"version-history":[{"count":6,"href":"https:\/\/revealing-project.eu\/pl\/wp-json\/wp\/v2\/pages\/5263\/revisions"}],"predecessor-version":[{"id":6102,"href":"https:\/\/revealing-project.eu\/pl\/wp-json\/wp\/v2\/pages\/5263\/revisions\/6102"}],"wp:attachment":[{"href":"https:\/\/revealing-project.eu\/pl\/wp-json\/wp\/v2\/media?parent=5263"}],"curies":[{"name":"wp","href":"https:\/\/api.w.org\/{rel}","templated":true}]}}