{"id":5989,"date":"2022-06-02T10:39:50","date_gmt":"2022-06-02T07:39:50","guid":{"rendered":"https:\/\/revealing-project.eu\/vrle-directory\/"},"modified":"2023-07-21T16:58:20","modified_gmt":"2023-07-21T13:58:20","slug":"vrle-directory","status":"publish","type":"page","link":"https:\/\/revealing-project.eu\/pl\/vrle-directory\/","title":{"rendered":"Katalog zasob\u00f3w VRLE"},"content":{"rendered":"<div data-colibri-id=\"5989-c1\" class=\"style-1035 style-local-5989-c1 position-relative\">\n  <!---->\n  <div data-colibri-component=\"section\" data-colibri-id=\"5989-c2\" id=\"initial-content\" class=\"h-section h-section-global-spacing d-flex align-items-lg-center align-items-md-center align-items-center style-1036 style-local-5989-c2 position-relative\">\n    <!---->\n    <!---->\n    <div class=\"h-section-grid-container h-section-boxed-container\">\n      <!---->\n      <div data-colibri-id=\"5989-c3\" class=\"h-row-container gutters-row-lg-2 gutters-row-md-2 gutters-row-0 gutters-row-v-lg-2 gutters-row-v-md-2 gutters-row-v-2 style-1063 style-local-5989-c3 position-relative\">\n        <!---->\n        <div class=\"h-row justify-content-lg-center justify-content-md-center justify-content-center align-items-lg-stretch align-items-md-stretch align-items-stretch gutters-col-lg-2 gutters-col-md-2 gutters-col-0 gutters-col-v-lg-2 gutters-col-v-md-2 gutters-col-v-2\">\n          <!---->\n          <div class=\"h-column h-column-container d-flex h-col-lg-auto h-col-md-auto h-col-auto style-1064-outer style-local-5989-c4-outer\">\n            <div data-colibri-id=\"5989-c4\" class=\"d-flex h-flex-basis h-column__inner h-px-lg-2 h-px-md-2 h-px-2 v-inner-lg-2 v-inner-md-2 v-inner-2 style-1064 style-local-5989-c4 position-relative\">\n              <!---->\n              <!---->\n              <div class=\"w-100 h-y-container h-column__content h-column__v-align flex-basis-100 align-self-lg-start align-self-md-start align-self-start\">\n                <!---->\n                <div data-colibri-id=\"5989-c5\" class=\"h-text h-text-component style-1066 style-local-5989-c5 position-relative h-element\">\n                  <!---->\n                  <!---->\n                  <div class=\"\">\n                    <p>Trzecim rezultatem projektu jest Katalog zasob\u00f3w VRLE, kt\u00f3ry ma na celu u\u0142atwienie przyj\u0119cia i wdro\u017cenia VRLE w praktykach nauczania instytucji szkolnictwa wy\u017cszego.<\/p>\n                    <p>Ten katalog obejmuje publicznie dost\u0119pne materia\u0142y (np. modele 3D, darmowe zasoby VRChat itp.), kt\u00f3re mog\u0105 by\u0107 wykorzystane w VRLE.<\/p>\n                    <p>Obecnie ilo\u015b\u0107 publicznie dost\u0119pnych zasob\u00f3w jest ogromna i szybko ro\u015bnie. Cz\u0119sto nauczyciele zainteresowani wykorzystaniem tych zasob\u00f3w w swoich fizycznych lub wirtualnych salach lekcyjnych maj\u0105 trudno\u015bci z ocen\u0105 i wyborem odpowiednich\n                      lub u\u017cytecznych zasob\u00f3w.<\/p>\n                    <p>Ponadto, takie materia\u0142y nie s\u0105 sklasyfikowane, co utrudnia ocen\u0119 ich przydatno\u015bci dla konkretnych wymaga\u0144 kszta\u0142cenia w instytucjach szkolnictwa wy\u017cszego.<\/p>\n                    <p>Katalog zasob\u00f3w VRLE umo\u017cliwia dokumentacj\u0119 i klasyfikacj\u0119 publicznie dost\u0119pnych materia\u0142\u00f3w (np. wed\u0142ug dyscyplin, takich jak fizyka, archeologia, informatyka, nauki medyczne itp.), co pozwala nauczycielom i pedagogom instytucji szkolnictwa\n                      wy\u017cszego szybko przegl\u0105da\u0107 je na podstawie swoich zainteresowa\u0144 i wybiera\u0107 odpowiednie dla swoich zaj\u0119\u0107.<\/p>\n                    <p>W ten spos\u00f3b katalog zasob\u00f3w REVEALING oszcz\u0119dza cenny czas podczas przygotowywania wyk\u0142ad\u00f3w z wykorzystaniem VRLE lub nawet wyk\u0142ad\u00f3w wspieranych innymi rodzajami technologii informacyjno-komunikacyjnych (ICT). Dostarcza on instruktorom\n                      HEI nie tylko zgodnych i znacz\u0105cych publicznie dost\u0119pnych materia\u0142\u00f3w do wyk\u0142ad\u00f3w opartych na VRLE, ale tak\u017ce materia\u0142\u00f3w, kt\u00f3re mog\u0105 by\u0107 w\u0142\u0105czone do konwencjonalnych program\u00f3w wyk\u0142ad\u00f3w, poprawiaj\u0105c og\u00f3ln\u0105 jako\u015b\u0107 i ostatecznie korzystaj\u0105c\n                      z tego studenci instytucji szkolnictwa wy\u017cszego.<\/p>\n                    <p>\n                      <br>\n                    <\/p>\n                  <\/div>\n                <\/div>\n              <\/div>\n            <\/div>\n          <\/div>\n        <\/div>\n      <\/div>\n      <div data-colibri-id=\"5989-c6\" class=\"h-row-container gutters-row-lg-2 gutters-row-md-2 gutters-row-0 gutters-row-v-lg-2 gutters-row-v-md-2 gutters-row-v-2 style-1045 style-local-5989-c6 position-relative\">\n        <!---->\n        <div class=\"h-row justify-content-lg-center justify-content-md-center justify-content-center align-items-lg-stretch align-items-md-stretch align-items-stretch gutters-col-lg-2 gutters-col-md-2 gutters-col-0 gutters-col-v-lg-2 gutters-col-v-md-2 gutters-col-v-2\">\n          <!---->\n          <div class=\"h-column h-column-container d-flex h-col-lg-auto h-col-md-auto h-col-auto style-1046-outer style-local-5989-c7-outer\">\n            <div data-colibri-id=\"5989-c7\" class=\"d-flex h-flex-basis h-column__inner h-px-lg-2 h-px-md-2 h-px-2 v-inner-lg-2 v-inner-md-2 v-inner-2 style-1046 style-local-5989-c7 position-relative\">\n              <!---->\n              <!---->\n              <div class=\"w-100 h-y-container h-column__content h-column__v-align flex-basis-100 align-self-lg-start align-self-md-start align-self-start\">\n                <!---->\n                <div data-colibri-id=\"5989-c8\" class=\"h-global-transition-all h-heading style-1048 style-local-5989-c8 position-relative h-element\">\n                  <!---->\n                  <div class=\"h-heading__outer style-1048 style-local-5989-c8\">\n                    <!---->\n                    <!---->\n                    <h2 class=\"\">Sprawd\u017a poni\u017csze kategorie zasob\u00f3w:<\/h2>\n                  <\/div>\n                <\/div>\n              <\/div>\n            <\/div>\n          <\/div>\n        <\/div>\n      <\/div>\n      <div data-colibri-id=\"5989-c9\" class=\"h-row-container gutters-row-lg-2 gutters-row-md-2 gutters-row-0 gutters-row-v-lg-2 gutters-row-v-md-2 gutters-row-v-2 style-1049 style-local-5989-c9 position-relative\">\n        <!---->\n        <div class=\"h-row justify-content-lg-center justify-content-md-center justify-content-center align-items-lg-stretch align-items-md-stretch align-items-stretch gutters-col-lg-2 gutters-col-md-2 gutters-col-0 gutters-col-v-lg-2 gutters-col-v-md-2 gutters-col-v-2\">\n          <!---->\n          <div class=\"h-column h-column-container d-flex h-col-lg-auto h-col-md-auto h-col-auto style-1050-outer style-local-5989-c10-outer\">\n            <div data-colibri-id=\"5989-c10\" class=\"d-flex h-flex-basis h-column__inner h-px-lg-2 h-px-md-2 h-px-2 v-inner-lg-2 v-inner-md-2 v-inner-2 style-1050 style-local-5989-c10 position-relative\">\n              <!---->\n              <!---->\n              <div class=\"w-100 h-y-container h-column__content h-column__v-align flex-basis-100 align-self-lg-start align-self-md-start align-self-start\">\n                <!---->\n                <div data-colibri-id=\"5989-c11\" class=\"h-x-container style-1055 style-local-5989-c11 position-relative h-element\">\n                  <!---->\n                  <div class=\"h-x-container-inner style-dynamic-5989-c11-group style-1055-spacing style-local-5989-c11-spacing\"><span class=\"h-button__outer style-1056-outer style-local-5989-c12-outer d-inline-flex h-element\"><a h-use-smooth-scroll=\"true\" href=\"https:\/\/revealing-project.eu\/pl\/kategoria-produktu\/3d-resource-platforms-pl\/\"  data-colibri-id=\"5989-c12\" class=\"d-flex w-100 align-items-center h-button justify-content-lg-center justify-content-md-center justify-content-center style-1056 style-local-5989-c12 position-relative\"><!----><!----> <span>Platforma zasob\u00f3w 3D<\/span><\/a>\n                    <\/span>\n                  <\/div>\n                <\/div>\n              <\/div>\n            <\/div>\n          <\/div>\n          <div class=\"h-column h-column-container d-flex h-col-lg-auto h-col-md-auto h-col-auto style-1051-outer style-local-5989-c13-outer\">\n            <div data-colibri-id=\"5989-c13\" class=\"d-flex h-flex-basis h-column__inner h-px-lg-2 h-px-md-2 h-px-2 v-inner-lg-2 v-inner-md-2 v-inner-2 style-1051 style-local-5989-c13 position-relative\">\n              <!---->\n              <!---->\n              <div class=\"w-100 h-y-container h-column__content h-column__v-align flex-basis-100 align-self-lg-start align-self-md-start align-self-start\">\n                <!---->\n                <div data-colibri-id=\"5989-c14\" class=\"h-x-container style-1057 style-local-5989-c14 position-relative h-element\">\n                  <!---->\n                  <div class=\"h-x-container-inner style-dynamic-5989-c14-group style-1057-spacing style-local-5989-c14-spacing\"><span class=\"h-button__outer style-1058-outer style-local-5989-c15-outer d-inline-flex h-element\"><a h-use-smooth-scroll=\"true\" href=\"https:\/\/revealing-project.eu\/pl\/kategoria-produktu\/vrchat-worlds-pl\/\"  data-colibri-id=\"5989-c15\" class=\"d-flex w-100 align-items-center h-button justify-content-lg-center justify-content-md-center justify-content-center style-1058 style-local-5989-c15 position-relative\"><!----><!----> <span>Narz\u0119dzia edukacyjne VR \u2013 \u015bwiaty VRChat<\/span><\/a>\n                    <\/span>\n                  <\/div>\n                <\/div>\n              <\/div>\n            <\/div>\n          <\/div>\n        <\/div>\n      <\/div>\n      <div data-colibri-id=\"5989-c16\" class=\"h-row-container gutters-row-lg-2 gutters-row-md-2 gutters-row-0 gutters-row-v-lg-2 gutters-row-v-md-2 gutters-row-v-2 style-1052 style-local-5989-c16 position-relative\">\n        <!---->\n        <div class=\"h-row justify-content-lg-center justify-content-md-center justify-content-center align-items-lg-stretch align-items-md-stretch align-items-stretch gutters-col-lg-2 gutters-col-md-2 gutters-col-0 gutters-col-v-lg-2 gutters-col-v-md-2 gutters-col-v-2\">\n          <!---->\n          <div class=\"h-column h-column-container d-flex h-col-lg-auto h-col-md-auto h-col-auto style-1053-outer style-local-5989-c17-outer\">\n            <div data-colibri-id=\"5989-c17\" class=\"d-flex h-flex-basis h-column__inner h-px-lg-2 h-px-md-2 h-px-2 v-inner-lg-2 v-inner-md-2 v-inner-2 style-1053 style-local-5989-c17 position-relative\">\n              <!---->\n              <!---->\n              <div class=\"w-100 h-y-container h-column__content h-column__v-align flex-basis-100 align-self-lg-start align-self-md-start align-self-start\">\n                <!---->\n                <div data-colibri-id=\"5989-c18\" class=\"h-x-container style-1059 style-local-5989-c18 position-relative h-element\">\n                  <!---->\n                  <div class=\"h-x-container-inner style-dynamic-5989-c18-group style-1059-spacing style-local-5989-c18-spacing\"><span class=\"h-button__outer style-1060-outer style-local-5989-c19-outer d-inline-flex h-element\"><a h-use-smooth-scroll=\"true\" href=\"https:\/\/revealing-project.eu\/pl\/kategoria-produktu\/vrchat-tools-pl\/\"  data-colibri-id=\"5989-c19\" class=\"d-flex w-100 align-items-center h-button justify-content-lg-center justify-content-md-center justify-content-center style-1060 style-local-5989-c19 position-relative\"><!----><!----> <span>Narz\u0119dzia edukacyjne VR \u2013 narz\u0119dzia VRChat<\/span><\/a>\n                    <\/span>\n                  <\/div>\n                <\/div>\n              <\/div>\n            <\/div>\n          <\/div>\n          <div class=\"h-column h-column-container d-flex h-col-lg-auto h-col-md-auto h-col-auto style-1054-outer style-local-5989-c20-outer\">\n            <div data-colibri-id=\"5989-c20\" class=\"d-flex h-flex-basis h-column__inner h-px-lg-2 h-px-md-2 h-px-2 v-inner-lg-2 v-inner-md-2 v-inner-2 style-1054 style-local-5989-c20 position-relative\">\n              <!---->\n              <!---->\n              <div class=\"w-100 h-y-container h-column__content h-column__v-align flex-basis-100 align-self-lg-start align-self-md-start align-self-start\">\n                <!---->\n                <div data-colibri-id=\"5989-c21\" class=\"h-x-container style-1061 style-local-5989-c21 position-relative h-element\">\n                  <!---->\n                  <div class=\"h-x-container-inner style-dynamic-5989-c21-group style-1061-spacing style-local-5989-c21-spacing\"><span class=\"h-button__outer style-1062-outer style-local-5989-c22-outer d-inline-flex h-element\"><a h-use-smooth-scroll=\"true\" href=\"https:\/\/revealing-project.eu\/pl\/kategoria-produktu\/web-based-tools-pl\/\"  data-colibri-id=\"5989-c22\" class=\"d-flex w-100 align-items-center h-button justify-content-lg-center justify-content-md-center justify-content-center style-1062 style-local-5989-c22 position-relative\"><!----><!----> <span>Sieciowe narz\u0119dzia tworzenia VR<\/span><\/a>\n                    <\/span>\n                  <\/div>\n                <\/div>\n              <\/div>\n            <\/div>\n          <\/div>\n        <\/div>\n      <\/div>\n    <\/div>\n  <\/div>\n  <div data-colibri-component=\"section\" data-colibri-id=\"5989-c29\" id=\"reusable-sections-2\" class=\"h-section h-section-global-spacing d-flex align-items-lg-center align-items-md-center align-items-center style-1169 style-local-5989-c29 position-relative\">\n    <!---->\n    <!---->\n    <div class=\"h-section-grid-container h-section-boxed-container\">\n      <!---->\n      <div data-colibri-id=\"5989-c30\" class=\"h-row-container gutters-row-lg-2 gutters-row-md-2 gutters-row-0 gutters-row-v-lg-2 gutters-row-v-md-2 gutters-row-v-2 style-1170 style-local-5989-c30 position-relative\">\n        <!---->\n        <div class=\"h-row justify-content-lg-center justify-content-md-center justify-content-center align-items-lg-stretch align-items-md-stretch align-items-stretch gutters-col-lg-2 gutters-col-md-2 gutters-col-0 gutters-col-v-lg-2 gutters-col-v-md-2 gutters-col-v-2\">\n          <!---->\n          <div class=\"h-column h-column-container d-flex h-col-lg-auto h-col-md-auto h-col-auto style-1171-outer style-local-5989-c31-outer\">\n            <div data-colibri-id=\"5989-c31\" class=\"d-flex h-flex-basis h-column__inner h-px-lg-2 h-px-md-2 h-px-2 v-inner-lg-2 v-inner-md-2 v-inner-2 style-1171 style-local-5989-c31 position-relative\">\n              <!---->\n              <!---->\n              <div class=\"w-100 h-y-container h-column__content h-column__v-align flex-basis-100 align-self-lg-start align-self-md-start align-self-start\">\n                <!---->\n                <div data-colibri-id=\"5989-c32\" class=\"d-block style-1172 style-local-5989-c32 position-relative h-element\">\n                  <!---->\n                  <div class=\"h-image__frame-container-outer\">\n                    <div class=\"h-image__frame-container\">\n                      <!---->\n                      <!---->\n                      <img decoding=\"async\" loading=\"lazy\" width=\"1077\" height=\"189\" src=\"https:\/\/revealing-project.eu\/wp-content\/uploads\/2023\/07\/logosbeneficaireserasmusright_pl_0.jpg\" class=\"wp-image-5206 style-1172-image style-local-5989-c32-image\" srcset=\"https:\/\/revealing-project.eu\/wp-content\/uploads\/2023\/07\/logosbeneficaireserasmusright_pl_0.jpg 1077w, https:\/\/revealing-project.eu\/wp-content\/uploads\/2023\/07\/logosbeneficaireserasmusright_pl_0-300x53.jpg 300w, https:\/\/revealing-project.eu\/wp-content\/uploads\/2023\/07\/logosbeneficaireserasmusright_pl_0-1024x180.jpg 1024w, https:\/\/revealing-project.eu\/wp-content\/uploads\/2023\/07\/logosbeneficaireserasmusright_pl_0-768x135.jpg 768w, https:\/\/revealing-project.eu\/wp-content\/uploads\/2023\/07\/logosbeneficaireserasmusright_pl_0-600x105.jpg 600w\" sizes=\"(max-width: 1077px) 100vw, 1077px\" alt=\"\" \/>\n                      <div class=\"h-image__frame h-hide-lg h-hide-md h-hide-sm style-1172-frameImage style-local-5989-c32-frameImage\"><\/div>\n                    <\/div>\n                  <\/div>\n                <\/div>\n              <\/div>\n            <\/div>\n          <\/div>\n          <div class=\"h-column h-column-container d-flex h-col-lg-auto h-col-md-auto h-col-auto style-1173-outer style-local-5989-c33-outer\">\n            <div data-colibri-id=\"5989-c33\" class=\"d-flex h-flex-basis h-column__inner h-px-lg-2 h-px-md-2 h-px-2 v-inner-lg-2 v-inner-md-2 v-inner-2 style-1173 style-local-5989-c33 position-relative\">\n              <!---->\n              <!---->\n              <div class=\"w-100 h-y-container h-column__content h-column__v-align flex-basis-100 align-self-lg-start align-self-md-start align-self-start\">\n                <!---->\n                <div data-colibri-id=\"5989-c34\" class=\"h-text h-text-component style-1174 style-local-5989-c34 position-relative h-element\">\n                  <!---->\n                  <!---->\n                  <div class=\"\">\n                    <p>Wsparcie Komisji Europejskiej dla produkcji tej publikacji nie stanowi poparcia dla tre\u015bci, kt\u00f3re odzwierciedlaj\u0105 jedynie pogl\u0105dy autor\u00f3w, a Komisja nie mo\u017ce zosta\u0107 pociagni\u0119ta do odpowiedzialno\u015bci za jakiekolwiek wykorzystanie informacji\n                      w niej zawartych.<\/p>\n                  <\/div>\n                <\/div>\n              <\/div>\n            <\/div>\n          <\/div>\n        <\/div>\n      <\/div>\n    <\/div>\n  <\/div>\n<\/div>","protected":false},"excerpt":{"rendered":"<p>Trzecim rezultatem projektu jest Katalog zasob\u00f3w VRLE, kt\u00f3ry ma na celu u\u0142atwienie przyj\u0119cia i wdro\u017cenia VRLE w praktykach nauczania instytucji szkolnictwa wy\u017cszego. Ten katalog obejmuje publicznie dost\u0119pne materia\u0142y (np. modele 3D, darmowe zasoby VRChat itp.), kt\u00f3re mog\u0105 by\u0107 wykorzystane w VRLE. Obecnie ilo\u015b\u0107 publicznie dost\u0119pnych zasob\u00f3w jest ogromna i szybko ro\u015bnie. Cz\u0119sto nauczyciele zainteresowani wykorzystaniem [&hellip;]<\/p>\n","protected":false},"author":1,"featured_media":0,"parent":0,"menu_order":0,"comment_status":"closed","ping_status":"closed","template":"page-templates\/full-width-page.php","meta":[],"_links":{"self":[{"href":"https:\/\/revealing-project.eu\/pl\/wp-json\/wp\/v2\/pages\/5989"}],"collection":[{"href":"https:\/\/revealing-project.eu\/pl\/wp-json\/wp\/v2\/pages"}],"about":[{"href":"https:\/\/revealing-project.eu\/pl\/wp-json\/wp\/v2\/types\/page"}],"author":[{"embeddable":true,"href":"https:\/\/revealing-project.eu\/pl\/wp-json\/wp\/v2\/users\/1"}],"replies":[{"embeddable":true,"href":"https:\/\/revealing-project.eu\/pl\/wp-json\/wp\/v2\/comments?post=5989"}],"version-history":[{"count":2,"href":"https:\/\/revealing-project.eu\/pl\/wp-json\/wp\/v2\/pages\/5989\/revisions"}],"predecessor-version":[{"id":5993,"href":"https:\/\/revealing-project.eu\/pl\/wp-json\/wp\/v2\/pages\/5989\/revisions\/5993"}],"wp:attachment":[{"href":"https:\/\/revealing-project.eu\/pl\/wp-json\/wp\/v2\/media?parent=5989"}],"curies":[{"name":"wp","href":"https:\/\/api.w.org\/{rel}","templated":true}]}}