{"id":5729,"date":"2023-07-21T16:24:33","date_gmt":"2023-07-21T13:24:33","guid":{"rendered":"https:\/\/revealing-project.eu\/product\/cgtrader-3d-models-3d-designers\/"},"modified":"2023-07-21T16:24:33","modified_gmt":"2023-07-21T13:24:33","slug":"cgtrader-3d-models-3d-designers-2","status":"publish","type":"product","link":"https:\/\/revealing-project.eu\/pl\/produkt\/cgtrader-3d-models-3d-designers-2\/","title":{"rendered":"CGTrader &#8211; 3D Models \/ 3D Designers"},"content":{"rendered":"<p>CGTrader to platforma \u0142\u0105cz\u0105ca projektant\u00f3w 3D z klientami, oferuj\u0105ca ogromn\u0105 bibliotek\u0119 modeli 3D do r\u00f3\u017cnych cel\u00f3w, od gier po wizualizacje architektoniczne.<\/p>\n","protected":false},"excerpt":{"rendered":"<p><a class=\"linkbutton\" href=\"https:\/\/www.cgtrader.com\" target=\"_blank\" rel=\"noopener\">Website<\/a><\/p>\n","protected":false},"featured_media":4107,"template":"","meta":[],"product_cat":[258],"product_tag":[],"_links":{"self":[{"href":"https:\/\/revealing-project.eu\/pl\/wp-json\/wp\/v2\/product\/5729"}],"collection":[{"href":"https:\/\/revealing-project.eu\/pl\/wp-json\/wp\/v2\/product"}],"about":[{"href":"https:\/\/revealing-project.eu\/pl\/wp-json\/wp\/v2\/types\/product"}],"wp:featuredmedia":[{"embeddable":true,"href":"https:\/\/revealing-project.eu\/pl\/wp-json\/wp\/v2\/media\/4107"}],"wp:attachment":[{"href":"https:\/\/revealing-project.eu\/pl\/wp-json\/wp\/v2\/media?parent=5729"}],"wp:term":[{"taxonomy":"product_cat","embeddable":true,"href":"https:\/\/revealing-project.eu\/pl\/wp-json\/wp\/v2\/product_cat?post=5729"},{"taxonomy":"product_tag","embeddable":true,"href":"https:\/\/revealing-project.eu\/pl\/wp-json\/wp\/v2\/product_tag?post=5729"}],"curies":[{"name":"wp","href":"https:\/\/api.w.org\/{rel}","templated":true}]}}