{"id":5730,"date":"2023-07-21T16:24:33","date_gmt":"2023-07-21T13:24:33","guid":{"rendered":"https:\/\/revealing-project.eu\/product\/sketchfab\/"},"modified":"2023-07-21T16:24:34","modified_gmt":"2023-07-21T13:24:34","slug":"sketchfab-2","status":"publish","type":"product","link":"https:\/\/revealing-project.eu\/pl\/produkt\/sketchfab-2\/","title":{"rendered":"Sketchfab"},"content":{"rendered":"<p>Sketchfab to platforma internetowa, kt\u00f3ra umo\u017cliwia u\u017cytkownikom odkrywanie, udost\u0119pnianie i prezentowanie modeli 3D, zapewniaj\u0105c t\u0119tni\u0105c\u0105 \u017cyciem spo\u0142eczno\u015b\u0107 dla tw\u00f3rc\u00f3w, artyst\u00f3w i projektant\u00f3w, kt\u00f3rzy mog\u0105 eksplorowa\u0107 i prezentowa\u0107 swoje prace w wci\u0105gaj\u0105cy i interaktywny spos\u00f3b.<\/p>\n","protected":false},"excerpt":{"rendered":"<p><a class=\"linkbutton\" href=\"https:\/\/sketchfab.com\/\" target=\"_blank\" rel=\"noopener\">Website<\/a><\/p>\n","protected":false},"featured_media":4302,"template":"","meta":[],"product_cat":[258],"product_tag":[],"_links":{"self":[{"href":"https:\/\/revealing-project.eu\/pl\/wp-json\/wp\/v2\/product\/5730"}],"collection":[{"href":"https:\/\/revealing-project.eu\/pl\/wp-json\/wp\/v2\/product"}],"about":[{"href":"https:\/\/revealing-project.eu\/pl\/wp-json\/wp\/v2\/types\/product"}],"wp:featuredmedia":[{"embeddable":true,"href":"https:\/\/revealing-project.eu\/pl\/wp-json\/wp\/v2\/media\/4302"}],"wp:attachment":[{"href":"https:\/\/revealing-project.eu\/pl\/wp-json\/wp\/v2\/media?parent=5730"}],"wp:term":[{"taxonomy":"product_cat","embeddable":true,"href":"https:\/\/revealing-project.eu\/pl\/wp-json\/wp\/v2\/product_cat?post=5730"},{"taxonomy":"product_tag","embeddable":true,"href":"https:\/\/revealing-project.eu\/pl\/wp-json\/wp\/v2\/product_tag?post=5730"}],"curies":[{"name":"wp","href":"https:\/\/api.w.org\/{rel}","templated":true}]}}