{"id":5732,"date":"2023-07-21T16:24:33","date_gmt":"2023-07-21T13:24:33","guid":{"rendered":"https:\/\/revealing-project.eu\/product\/unity-asset-store\/"},"modified":"2023-07-21T16:24:34","modified_gmt":"2023-07-21T13:24:34","slug":"unity-asset-store-2","status":"publish","type":"product","link":"https:\/\/revealing-project.eu\/pl\/produkt\/unity-asset-store-2\/","title":{"rendered":"Unity Asset Store"},"content":{"rendered":"<p>Unity Asset Store to rynek, na kt\u00f3rym programi\u015bci mog\u0105 znale\u017a\u0107 i kupi\u0107 szerok\u0105 gam\u0119 zasob\u00f3w, narz\u0119dzi i wtyczek, aby ulepszy\u0107 swoje projekty Unity i usprawni\u0107 przep\u0142yw pracy przy tworzeniu gier.<\/p>\n","protected":false},"excerpt":{"rendered":"<p><a class=\"linkbutton\" href=\"https:\/\/assetstore.unity.com\" target=\"_blank\" rel=\"noopener\">Website<\/a><\/p>\n","protected":false},"featured_media":4549,"template":"","meta":[],"product_cat":[258],"product_tag":[],"_links":{"self":[{"href":"https:\/\/revealing-project.eu\/pl\/wp-json\/wp\/v2\/product\/5732"}],"collection":[{"href":"https:\/\/revealing-project.eu\/pl\/wp-json\/wp\/v2\/product"}],"about":[{"href":"https:\/\/revealing-project.eu\/pl\/wp-json\/wp\/v2\/types\/product"}],"wp:featuredmedia":[{"embeddable":true,"href":"https:\/\/revealing-project.eu\/pl\/wp-json\/wp\/v2\/media\/4549"}],"wp:attachment":[{"href":"https:\/\/revealing-project.eu\/pl\/wp-json\/wp\/v2\/media?parent=5732"}],"wp:term":[{"taxonomy":"product_cat","embeddable":true,"href":"https:\/\/revealing-project.eu\/pl\/wp-json\/wp\/v2\/product_cat?post=5732"},{"taxonomy":"product_tag","embeddable":true,"href":"https:\/\/revealing-project.eu\/pl\/wp-json\/wp\/v2\/product_tag?post=5732"}],"curies":[{"name":"wp","href":"https:\/\/api.w.org\/{rel}","templated":true}]}}