{"id":5733,"date":"2023-07-21T16:24:33","date_gmt":"2023-07-21T13:24:33","guid":{"rendered":"https:\/\/revealing-project.eu\/product\/free3d\/"},"modified":"2023-07-21T16:24:34","modified_gmt":"2023-07-21T13:24:34","slug":"free3d-2","status":"publish","type":"product","link":"https:\/\/revealing-project.eu\/pl\/produkt\/free3d-2\/","title":{"rendered":"Free3D"},"content":{"rendered":"<p>Free3D to platforma internetowa, kt\u00f3ra zapewnia ogromn\u0105 kolekcj\u0119 bezp\u0142atnych modeli 3D, umo\u017cliwiaj\u0105c u\u017cytkownikom pobieranie i u\u017cywanie ich w swoich projektach bez \u017cadnych koszt\u00f3w, co czyni j\u0105 cennym \u017ar\u00f3d\u0142em dla artyst\u00f3w, projektant\u00f3w i hobbyst\u00f3w poszukuj\u0105cych wysokiej jako\u015bci zasob\u00f3w bez \u017cadnych op\u0142at .<\/p>\n","protected":false},"excerpt":{"rendered":"<p><a class=\"linkbutton\" href=\"https:\/\/free3d.com\" target=\"_blank\" rel=\"noopener\">Website<\/a><\/p>\n","protected":false},"featured_media":4554,"template":"","meta":[],"product_cat":[258],"product_tag":[],"_links":{"self":[{"href":"https:\/\/revealing-project.eu\/pl\/wp-json\/wp\/v2\/product\/5733"}],"collection":[{"href":"https:\/\/revealing-project.eu\/pl\/wp-json\/wp\/v2\/product"}],"about":[{"href":"https:\/\/revealing-project.eu\/pl\/wp-json\/wp\/v2\/types\/product"}],"wp:featuredmedia":[{"embeddable":true,"href":"https:\/\/revealing-project.eu\/pl\/wp-json\/wp\/v2\/media\/4554"}],"wp:attachment":[{"href":"https:\/\/revealing-project.eu\/pl\/wp-json\/wp\/v2\/media?parent=5733"}],"wp:term":[{"taxonomy":"product_cat","embeddable":true,"href":"https:\/\/revealing-project.eu\/pl\/wp-json\/wp\/v2\/product_cat?post=5733"},{"taxonomy":"product_tag","embeddable":true,"href":"https:\/\/revealing-project.eu\/pl\/wp-json\/wp\/v2\/product_tag?post=5733"}],"curies":[{"name":"wp","href":"https:\/\/api.w.org\/{rel}","templated":true}]}}