{"id":5734,"date":"2023-07-21T16:24:33","date_gmt":"2023-07-21T13:24:33","guid":{"rendered":"https:\/\/revealing-project.eu\/product\/3d-warehouse\/"},"modified":"2023-07-21T16:24:35","modified_gmt":"2023-07-21T13:24:35","slug":"3d-warehouse","status":"publish","type":"product","link":"https:\/\/revealing-project.eu\/pl\/produkt\/3d-warehouse\/","title":{"rendered":"3D Warehouse"},"content":{"rendered":"<p>3D Warehouse to platforma, na kt\u00f3rej u\u017cytkownicy mog\u0105 uzyskiwa\u0107 dost\u0119p do r\u00f3\u017cnych modeli 3D i udost\u0119pnia\u0107 je, obs\u0142uguj\u0105c projekty architektoniczne i projektowe, zapewniaj\u0105c profesjonalistom i entuzjastom wygodne \u017ar\u00f3d\u0142o wyszukiwania zasob\u00f3w odpowiadaj\u0105cych ich potrzebom w zakresie wizualizacji.<\/p>\n","protected":false},"excerpt":{"rendered":"<p><a class=\"linkbutton\" href=\"https:\/\/3dwarehouse.sketchup.com\" target=\"_blank\" rel=\"noopener\">Website<\/a><\/p>\n","protected":false},"featured_media":4559,"template":"","meta":[],"product_cat":[258],"product_tag":[],"_links":{"self":[{"href":"https:\/\/revealing-project.eu\/pl\/wp-json\/wp\/v2\/product\/5734"}],"collection":[{"href":"https:\/\/revealing-project.eu\/pl\/wp-json\/wp\/v2\/product"}],"about":[{"href":"https:\/\/revealing-project.eu\/pl\/wp-json\/wp\/v2\/types\/product"}],"wp:featuredmedia":[{"embeddable":true,"href":"https:\/\/revealing-project.eu\/pl\/wp-json\/wp\/v2\/media\/4559"}],"wp:attachment":[{"href":"https:\/\/revealing-project.eu\/pl\/wp-json\/wp\/v2\/media?parent=5734"}],"wp:term":[{"taxonomy":"product_cat","embeddable":true,"href":"https:\/\/revealing-project.eu\/pl\/wp-json\/wp\/v2\/product_cat?post=5734"},{"taxonomy":"product_tag","embeddable":true,"href":"https:\/\/revealing-project.eu\/pl\/wp-json\/wp\/v2\/product_tag?post=5734"}],"curies":[{"name":"wp","href":"https:\/\/api.w.org\/{rel}","templated":true}]}}