{"id":5735,"date":"2023-07-21T16:24:33","date_gmt":"2023-07-21T13:24:33","guid":{"rendered":"https:\/\/revealing-project.eu\/product\/grabcad\/"},"modified":"2023-07-21T16:24:35","modified_gmt":"2023-07-21T13:24:35","slug":"grabcad","status":"publish","type":"product","link":"https:\/\/revealing-project.eu\/pl\/produkt\/grabcad\/","title":{"rendered":"GrabCad"},"content":{"rendered":"<p>GrabCAD to platforma, na kt\u00f3rej in\u017cynierowie i projektanci mog\u0105 uzyskiwa\u0107 dost\u0119p i udost\u0119pnia\u0107 szerok\u0105 gam\u0119 modeli CAD oraz wsp\u00f3\u0142pracowa\u0107 nad projektami, oferuj\u0105c cenne zasoby dla profesjonalist\u00f3w z bran\u017cy poszukuj\u0105cych gotowych projekt\u00f3w i rozwi\u0105za\u0144 in\u017cynierskich.<\/p>\n","protected":false},"excerpt":{"rendered":"<p><a class=\"linkbutton\" href=\"https:\/\/grabcad.com\/\" target=\"_blank\" rel=\"noopener\">Website<\/a><\/p>\n","protected":false},"featured_media":4172,"template":"","meta":[],"product_cat":[258],"product_tag":[],"_links":{"self":[{"href":"https:\/\/revealing-project.eu\/pl\/wp-json\/wp\/v2\/product\/5735"}],"collection":[{"href":"https:\/\/revealing-project.eu\/pl\/wp-json\/wp\/v2\/product"}],"about":[{"href":"https:\/\/revealing-project.eu\/pl\/wp-json\/wp\/v2\/types\/product"}],"wp:featuredmedia":[{"embeddable":true,"href":"https:\/\/revealing-project.eu\/pl\/wp-json\/wp\/v2\/media\/4172"}],"wp:attachment":[{"href":"https:\/\/revealing-project.eu\/pl\/wp-json\/wp\/v2\/media?parent=5735"}],"wp:term":[{"taxonomy":"product_cat","embeddable":true,"href":"https:\/\/revealing-project.eu\/pl\/wp-json\/wp\/v2\/product_cat?post=5735"},{"taxonomy":"product_tag","embeddable":true,"href":"https:\/\/revealing-project.eu\/pl\/wp-json\/wp\/v2\/product_tag?post=5735"}],"curies":[{"name":"wp","href":"https:\/\/api.w.org\/{rel}","templated":true}]}}