{"id":5736,"date":"2023-07-21T16:24:33","date_gmt":"2023-07-21T13:24:33","guid":{"rendered":"https:\/\/revealing-project.eu\/product\/blendswap\/"},"modified":"2023-07-21T16:24:35","modified_gmt":"2023-07-21T13:24:35","slug":"blendswap","status":"publish","type":"product","link":"https:\/\/revealing-project.eu\/pl\/produkt\/blendswap\/","title":{"rendered":"Blendswap"},"content":{"rendered":"<p>Blendswap to kierowana przez spo\u0142eczno\u015b\u0107 platforma dla u\u017cytkownik\u00f3w Blendera, kt\u00f3ra umo\u017cliwia udost\u0119pnianie i pobieranie modeli i zasob\u00f3w 3D, wspieraj\u0105c wsp\u00f3\u0142prac\u0119 i zapewniaj\u0105c wygodne \u017ar\u00f3d\u0142o dost\u0119pu do szerokiej gamy tre\u015bci kompatybilnych z Blenderem.<\/p>\n","protected":false},"excerpt":{"rendered":"<p><a class=\"linkbutton\" href=\"https:\/\/www.blendswap.com\/\" target=\"_blank\" rel=\"noopener\">Website<\/a><\/p>\n","protected":false},"featured_media":4092,"template":"","meta":[],"product_cat":[258],"product_tag":[],"_links":{"self":[{"href":"https:\/\/revealing-project.eu\/pl\/wp-json\/wp\/v2\/product\/5736"}],"collection":[{"href":"https:\/\/revealing-project.eu\/pl\/wp-json\/wp\/v2\/product"}],"about":[{"href":"https:\/\/revealing-project.eu\/pl\/wp-json\/wp\/v2\/types\/product"}],"wp:featuredmedia":[{"embeddable":true,"href":"https:\/\/revealing-project.eu\/pl\/wp-json\/wp\/v2\/media\/4092"}],"wp:attachment":[{"href":"https:\/\/revealing-project.eu\/pl\/wp-json\/wp\/v2\/media?parent=5736"}],"wp:term":[{"taxonomy":"product_cat","embeddable":true,"href":"https:\/\/revealing-project.eu\/pl\/wp-json\/wp\/v2\/product_cat?post=5736"},{"taxonomy":"product_tag","embeddable":true,"href":"https:\/\/revealing-project.eu\/pl\/wp-json\/wp\/v2\/product_tag?post=5736"}],"curies":[{"name":"wp","href":"https:\/\/api.w.org\/{rel}","templated":true}]}}