{"id":5737,"date":"2023-07-21T16:24:33","date_gmt":"2023-07-21T13:24:33","guid":{"rendered":"https:\/\/revealing-project.eu\/product\/3dmodelscc0\/"},"modified":"2023-07-21T16:24:35","modified_gmt":"2023-07-21T13:24:35","slug":"3dmodelscc0","status":"publish","type":"product","link":"https:\/\/revealing-project.eu\/pl\/produkt\/3dmodelscc0\/","title":{"rendered":"3DModelsCC0"},"content":{"rendered":"<p>3DModelsCC0 to platforma zapewniaj\u0105ca wyselekcjonowan\u0105 kolekcj\u0119 bezp\u0142atnych modeli 3D z licencj\u0105 CC0 do u\u017cytku osobistego i komercyjnego, oferuj\u0105ca wygodne \u017ar\u00f3d\u0142o informacji dla artyst\u00f3w i projektant\u00f3w poszukuj\u0105cych zasob\u00f3w wysokiej jako\u015bci bez \u017cadnych wymaga\u0144 dotycz\u0105cych uznania autorstwa.<\/p>\n","protected":false},"excerpt":{"rendered":"<p><a class=\"linkbutton\" href=\"https:\/\/www.3dmodelscc0.com\/ \" target=\"_blank\" rel=\"noopener\">Website<\/a><\/p>\n","protected":false},"featured_media":4047,"template":"","meta":[],"product_cat":[258],"product_tag":[],"_links":{"self":[{"href":"https:\/\/revealing-project.eu\/pl\/wp-json\/wp\/v2\/product\/5737"}],"collection":[{"href":"https:\/\/revealing-project.eu\/pl\/wp-json\/wp\/v2\/product"}],"about":[{"href":"https:\/\/revealing-project.eu\/pl\/wp-json\/wp\/v2\/types\/product"}],"wp:featuredmedia":[{"embeddable":true,"href":"https:\/\/revealing-project.eu\/pl\/wp-json\/wp\/v2\/media\/4047"}],"wp:attachment":[{"href":"https:\/\/revealing-project.eu\/pl\/wp-json\/wp\/v2\/media?parent=5737"}],"wp:term":[{"taxonomy":"product_cat","embeddable":true,"href":"https:\/\/revealing-project.eu\/pl\/wp-json\/wp\/v2\/product_cat?post=5737"},{"taxonomy":"product_tag","embeddable":true,"href":"https:\/\/revealing-project.eu\/pl\/wp-json\/wp\/v2\/product_tag?post=5737"}],"curies":[{"name":"wp","href":"https:\/\/api.w.org\/{rel}","templated":true}]}}