{"id":5738,"date":"2023-07-21T16:24:33","date_gmt":"2023-07-21T13:24:33","guid":{"rendered":"https:\/\/revealing-project.eu\/product\/archive-3d\/"},"modified":"2023-07-21T16:24:36","modified_gmt":"2023-07-21T13:24:36","slug":"archive-3d","status":"publish","type":"product","link":"https:\/\/revealing-project.eu\/pl\/produkt\/archive-3d\/","title":{"rendered":"Archive 3D"},"content":{"rendered":"<p>Archive 3D to internetowe repozytorium z r\u00f3\u017cnorodn\u0105 kolekcj\u0105 modeli 3D do pobrania, zapewniaj\u0105ce projektantom i artystom wygodne \u017ar\u00f3d\u0142o wyszukiwania zasob\u00f3w do ich projekt\u00f3w w r\u00f3\u017cnych bran\u017cach.<\/p>\n","protected":false},"excerpt":{"rendered":"<p><a class=\"linkbutton\" href=\"https:\/\/archive3d.net\/\" target=\"_blank\" rel=\"noopener\">Website<\/a><\/p>\n","protected":false},"featured_media":4564,"template":"","meta":[],"product_cat":[258],"product_tag":[],"_links":{"self":[{"href":"https:\/\/revealing-project.eu\/pl\/wp-json\/wp\/v2\/product\/5738"}],"collection":[{"href":"https:\/\/revealing-project.eu\/pl\/wp-json\/wp\/v2\/product"}],"about":[{"href":"https:\/\/revealing-project.eu\/pl\/wp-json\/wp\/v2\/types\/product"}],"wp:featuredmedia":[{"embeddable":true,"href":"https:\/\/revealing-project.eu\/pl\/wp-json\/wp\/v2\/media\/4564"}],"wp:attachment":[{"href":"https:\/\/revealing-project.eu\/pl\/wp-json\/wp\/v2\/media?parent=5738"}],"wp:term":[{"taxonomy":"product_cat","embeddable":true,"href":"https:\/\/revealing-project.eu\/pl\/wp-json\/wp\/v2\/product_cat?post=5738"},{"taxonomy":"product_tag","embeddable":true,"href":"https:\/\/revealing-project.eu\/pl\/wp-json\/wp\/v2\/product_tag?post=5738"}],"curies":[{"name":"wp","href":"https:\/\/api.w.org\/{rel}","templated":true}]}}