{"id":5739,"date":"2023-07-21T16:24:33","date_gmt":"2023-07-21T13:24:33","guid":{"rendered":"https:\/\/revealing-project.eu\/product\/poly-pizza\/"},"modified":"2023-07-21T16:24:36","modified_gmt":"2023-07-21T13:24:36","slug":"poly-pizza","status":"publish","type":"product","link":"https:\/\/revealing-project.eu\/pl\/produkt\/poly-pizza\/","title":{"rendered":"poly.pizza"},"content":{"rendered":"<p>Poly.pizza to wyselekcjonowana platforma dla artyst\u00f3w i projektant\u00f3w, umo\u017cliwiaj\u0105ca wyszukiwanie i pobieranie wysokiej jako\u015bci modeli i zasob\u00f3w 3D, zapewniaj\u0105ca wygodne \u017ar\u00f3d\u0142o wzbogacania kreatywnych projekt\u00f3w o atrakcyjn\u0105 wizualnie zawarto\u015b\u0107.<\/p>\n","protected":false},"excerpt":{"rendered":"<p><a class=\"linkbutton\" href=\"https:\/\/poly.pizza\/ \" target=\"_blank\" rel=\"noopener\">Website<\/a><\/p>\n","protected":false},"featured_media":4277,"template":"","meta":[],"product_cat":[258],"product_tag":[],"_links":{"self":[{"href":"https:\/\/revealing-project.eu\/pl\/wp-json\/wp\/v2\/product\/5739"}],"collection":[{"href":"https:\/\/revealing-project.eu\/pl\/wp-json\/wp\/v2\/product"}],"about":[{"href":"https:\/\/revealing-project.eu\/pl\/wp-json\/wp\/v2\/types\/product"}],"wp:featuredmedia":[{"embeddable":true,"href":"https:\/\/revealing-project.eu\/pl\/wp-json\/wp\/v2\/media\/4277"}],"wp:attachment":[{"href":"https:\/\/revealing-project.eu\/pl\/wp-json\/wp\/v2\/media?parent=5739"}],"wp:term":[{"taxonomy":"product_cat","embeddable":true,"href":"https:\/\/revealing-project.eu\/pl\/wp-json\/wp\/v2\/product_cat?post=5739"},{"taxonomy":"product_tag","embeddable":true,"href":"https:\/\/revealing-project.eu\/pl\/wp-json\/wp\/v2\/product_tag?post=5739"}],"curies":[{"name":"wp","href":"https:\/\/api.w.org\/{rel}","templated":true}]}}