{"id":5740,"date":"2023-07-21T16:24:33","date_gmt":"2023-07-21T13:24:33","guid":{"rendered":"https:\/\/revealing-project.eu\/product\/poly-haven\/"},"modified":"2023-07-21T16:24:36","modified_gmt":"2023-07-21T13:24:36","slug":"poly-haven","status":"publish","type":"product","link":"https:\/\/revealing-project.eu\/pl\/produkt\/poly-haven\/","title":{"rendered":"Poly Haven"},"content":{"rendered":"<p>Poly Haven to platforma oferuj\u0105ca szerok\u0105 gam\u0119 fotorealistycznych modeli 3D, tekstur i HDRI dla artyst\u00f3w, projektant\u00f3w i specjalist\u00f3w od efekt\u00f3w wizualnych, zapewniaj\u0105ca wysokiej jako\u015bci zasoby zwi\u0119kszaj\u0105ce realizm i jako\u015b\u0107 wizualn\u0105 ich kreatywnych projekt\u00f3w.<\/p>\n","protected":false},"excerpt":{"rendered":"<p><a class=\"linkbutton\" href=\"https:\/\/polyhaven.com\/ \" target=\"_blank\" rel=\"noopener\">Website<\/a><\/p>\n","protected":false},"featured_media":4574,"template":"","meta":[],"product_cat":[258],"product_tag":[],"_links":{"self":[{"href":"https:\/\/revealing-project.eu\/pl\/wp-json\/wp\/v2\/product\/5740"}],"collection":[{"href":"https:\/\/revealing-project.eu\/pl\/wp-json\/wp\/v2\/product"}],"about":[{"href":"https:\/\/revealing-project.eu\/pl\/wp-json\/wp\/v2\/types\/product"}],"wp:featuredmedia":[{"embeddable":true,"href":"https:\/\/revealing-project.eu\/pl\/wp-json\/wp\/v2\/media\/4574"}],"wp:attachment":[{"href":"https:\/\/revealing-project.eu\/pl\/wp-json\/wp\/v2\/media?parent=5740"}],"wp:term":[{"taxonomy":"product_cat","embeddable":true,"href":"https:\/\/revealing-project.eu\/pl\/wp-json\/wp\/v2\/product_cat?post=5740"},{"taxonomy":"product_tag","embeddable":true,"href":"https:\/\/revealing-project.eu\/pl\/wp-json\/wp\/v2\/product_tag?post=5740"}],"curies":[{"name":"wp","href":"https:\/\/api.w.org\/{rel}","templated":true}]}}