{"id":5743,"date":"2023-07-21T16:24:33","date_gmt":"2023-07-21T13:24:33","guid":{"rendered":"https:\/\/revealing-project.eu\/product\/clara-io\/"},"modified":"2023-07-21T16:24:38","modified_gmt":"2023-07-21T13:24:38","slug":"clara-io","status":"publish","type":"product","link":"https:\/\/revealing-project.eu\/pl\/produkt\/clara-io\/","title":{"rendered":"Clara.io"},"content":{"rendered":"<p>Clara.io to przyjazne dla u\u017cytkownika internetowe narz\u0119dzie do modelowania i renderowania 3D, kt\u00f3re pozwala u\u017cytkownikom tworzy\u0107, edytowa\u0107 i animowa\u0107 modele 3D bezpo\u015brednio w przegl\u0105darce internetowej, dzi\u0119ki czemu jest dost\u0119pne i wygodne dla projektant\u00f3w na wszystkich poziomach umiej\u0119tno\u015bci.<\/p>\n","protected":false},"excerpt":{"rendered":"<p><a class=\"linkbutton\" href=\"https:\/\/clara.io\/\" target=\"_blank\" rel=\"noopener\">Website<\/a><\/p>\n","protected":false},"featured_media":4127,"template":"","meta":[],"product_cat":[258],"product_tag":[],"_links":{"self":[{"href":"https:\/\/revealing-project.eu\/pl\/wp-json\/wp\/v2\/product\/5743"}],"collection":[{"href":"https:\/\/revealing-project.eu\/pl\/wp-json\/wp\/v2\/product"}],"about":[{"href":"https:\/\/revealing-project.eu\/pl\/wp-json\/wp\/v2\/types\/product"}],"wp:featuredmedia":[{"embeddable":true,"href":"https:\/\/revealing-project.eu\/pl\/wp-json\/wp\/v2\/media\/4127"}],"wp:attachment":[{"href":"https:\/\/revealing-project.eu\/pl\/wp-json\/wp\/v2\/media?parent=5743"}],"wp:term":[{"taxonomy":"product_cat","embeddable":true,"href":"https:\/\/revealing-project.eu\/pl\/wp-json\/wp\/v2\/product_cat?post=5743"},{"taxonomy":"product_tag","embeddable":true,"href":"https:\/\/revealing-project.eu\/pl\/wp-json\/wp\/v2\/product_tag?post=5743"}],"curies":[{"name":"wp","href":"https:\/\/api.w.org\/{rel}","templated":true}]}}