{"id":5744,"date":"2023-07-21T16:24:33","date_gmt":"2023-07-21T13:24:33","guid":{"rendered":"https:\/\/revealing-project.eu\/product\/mozaik\/"},"modified":"2023-07-21T16:24:38","modified_gmt":"2023-07-21T13:24:38","slug":"mozaik","status":"publish","type":"product","link":"https:\/\/revealing-project.eu\/pl\/produkt\/mozaik\/","title":{"rendered":"Mozaik"},"content":{"rendered":"<p>Mozaik zapewnia narz\u0119dzia do projektowania 3D, generowania list element\u00f3w ci\u0119tych, optymalizacji materia\u0142\u00f3w i integracji maszyn CNC, usprawniaj\u0105c przep\u0142yw pracy dla profesjonalist\u00f3w zajmuj\u0105cych si\u0119 obr\u00f3bk\u0105 drewna i u\u0142atwiaj\u0105c precyzyjne procesy produkcyjne.<\/p>\n","protected":false},"excerpt":{"rendered":"<p><a class=\"linkbutton\" href=\"https:\/\/www.mozaweb.com\/pt\/lexikon.php?cmd=getlist&#038;let=3D&#038;sid=BIO\" target=\"_blank\" rel=\"noopener\">Website<\/a><\/p>\n","protected":false},"featured_media":4247,"template":"","meta":[],"product_cat":[258],"product_tag":[],"_links":{"self":[{"href":"https:\/\/revealing-project.eu\/pl\/wp-json\/wp\/v2\/product\/5744"}],"collection":[{"href":"https:\/\/revealing-project.eu\/pl\/wp-json\/wp\/v2\/product"}],"about":[{"href":"https:\/\/revealing-project.eu\/pl\/wp-json\/wp\/v2\/types\/product"}],"wp:featuredmedia":[{"embeddable":true,"href":"https:\/\/revealing-project.eu\/pl\/wp-json\/wp\/v2\/media\/4247"}],"wp:attachment":[{"href":"https:\/\/revealing-project.eu\/pl\/wp-json\/wp\/v2\/media?parent=5744"}],"wp:term":[{"taxonomy":"product_cat","embeddable":true,"href":"https:\/\/revealing-project.eu\/pl\/wp-json\/wp\/v2\/product_cat?post=5744"},{"taxonomy":"product_tag","embeddable":true,"href":"https:\/\/revealing-project.eu\/pl\/wp-json\/wp\/v2\/product_tag?post=5744"}],"curies":[{"name":"wp","href":"https:\/\/api.w.org\/{rel}","templated":true}]}}