{"id":5745,"date":"2023-07-21T16:24:33","date_gmt":"2023-07-21T13:24:33","guid":{"rendered":"https:\/\/revealing-project.eu\/product\/ciit-classroom\/"},"modified":"2023-07-21T16:24:38","modified_gmt":"2023-07-21T13:24:38","slug":"ciit-classroom","status":"publish","type":"product","link":"https:\/\/revealing-project.eu\/pl\/produkt\/ciit-classroom\/","title":{"rendered":"CIIT &#8211; Classroom"},"content":{"rendered":"<p>\u015awiat \u201eCIIT &#8211; Classroom\u201d w VRChat to wirtualny \u015bwiat klas, kt\u00f3ry wygl\u0105da jak prawdziwa klasa z tablicami i biurkami.<\/p>\n","protected":false},"excerpt":{"rendered":"<p><a class=\"linkbutton\" href=\"https:\/\/vrchat.com\/home\/world\/wrld_6fb00491-5a20-4bb4-bc1f-5793510b41c9 \"target=_blank\" rel=\"noopener\">Website<\/a><\/p>\n","protected":false},"featured_media":4516,"template":"","meta":[],"product_cat":[260],"product_tag":[],"_links":{"self":[{"href":"https:\/\/revealing-project.eu\/pl\/wp-json\/wp\/v2\/product\/5745"}],"collection":[{"href":"https:\/\/revealing-project.eu\/pl\/wp-json\/wp\/v2\/product"}],"about":[{"href":"https:\/\/revealing-project.eu\/pl\/wp-json\/wp\/v2\/types\/product"}],"wp:featuredmedia":[{"embeddable":true,"href":"https:\/\/revealing-project.eu\/pl\/wp-json\/wp\/v2\/media\/4516"}],"wp:attachment":[{"href":"https:\/\/revealing-project.eu\/pl\/wp-json\/wp\/v2\/media?parent=5745"}],"wp:term":[{"taxonomy":"product_cat","embeddable":true,"href":"https:\/\/revealing-project.eu\/pl\/wp-json\/wp\/v2\/product_cat?post=5745"},{"taxonomy":"product_tag","embeddable":true,"href":"https:\/\/revealing-project.eu\/pl\/wp-json\/wp\/v2\/product_tag?post=5745"}],"curies":[{"name":"wp","href":"https:\/\/api.w.org\/{rel}","templated":true}]}}