{"id":5746,"date":"2023-07-21T16:24:33","date_gmt":"2023-07-21T13:24:33","guid":{"rendered":"https:\/\/revealing-project.eu\/product\/ancient-art-museum\/"},"modified":"2023-07-21T16:24:39","modified_gmt":"2023-07-21T13:24:39","slug":"ancient-art-museum","status":"publish","type":"product","link":"https:\/\/revealing-project.eu\/pl\/produkt\/ancient-art-museum\/","title":{"rendered":"Ancient Art Museum"},"content":{"rendered":"<p>Muzeum Sztuki Staro\u017cytnej to wirtualny \u015bwiat w VRChat, kt\u00f3ry zawiera kolekcj\u0119 staro\u017cytnych dzie\u0142 sztuki. Istnieje 60 eksponat\u00f3w ze staro\u017cytnych cywilizacji, kt\u00f3re pojawi\u0142y si\u0119 w Rzymie, Grecji, Egipcie i Azji\u2024<\/p>\n","protected":false},"excerpt":{"rendered":"<p><a class=\"linkbutton\" href=\"https:\/\/vrchat.com\/home\/world\/wrld_b93a7dff-cc5a-480c-a679-5ad0f0db1c02 \"target=_blank\" rel=\"noopener\">Website<\/a><\/p>\n","protected":false},"featured_media":4605,"template":"","meta":[],"product_cat":[260],"product_tag":[],"_links":{"self":[{"href":"https:\/\/revealing-project.eu\/pl\/wp-json\/wp\/v2\/product\/5746"}],"collection":[{"href":"https:\/\/revealing-project.eu\/pl\/wp-json\/wp\/v2\/product"}],"about":[{"href":"https:\/\/revealing-project.eu\/pl\/wp-json\/wp\/v2\/types\/product"}],"wp:featuredmedia":[{"embeddable":true,"href":"https:\/\/revealing-project.eu\/pl\/wp-json\/wp\/v2\/media\/4605"}],"wp:attachment":[{"href":"https:\/\/revealing-project.eu\/pl\/wp-json\/wp\/v2\/media?parent=5746"}],"wp:term":[{"taxonomy":"product_cat","embeddable":true,"href":"https:\/\/revealing-project.eu\/pl\/wp-json\/wp\/v2\/product_cat?post=5746"},{"taxonomy":"product_tag","embeddable":true,"href":"https:\/\/revealing-project.eu\/pl\/wp-json\/wp\/v2\/product_tag?post=5746"}],"curies":[{"name":"wp","href":"https:\/\/api.w.org\/{rel}","templated":true}]}}