{"id":5747,"date":"2023-07-21T16:24:33","date_gmt":"2023-07-21T13:24:33","guid":{"rendered":"https:\/\/revealing-project.eu\/product\/luminekos-art-and-chill\/"},"modified":"2023-07-21T16:24:39","modified_gmt":"2023-07-21T13:24:39","slug":"luminekos-art-and-chill","status":"publish","type":"product","link":"https:\/\/revealing-project.eu\/pl\/produkt\/luminekos-art-and-chill\/","title":{"rendered":"Lumineko&#8217;s Art and Chill"},"content":{"rendered":"<p>Lumineko&#8217;s Art and Chill to wirtualny \u015bwiat w VRChat, w kt\u00f3rym u\u017cytkownicy mog\u0105 sp\u0119dza\u0107 wolny czas i relaksowa\u0107 si\u0119, ogl\u0105daj\u0105c dzie\u0142a sztuki.<\/p>\n","protected":false},"excerpt":{"rendered":"<p><a class=\"linkbutton\" href=\"https:\/\/vrchat.com\/home\/world\/wrld_8f46116e-97e6-4fc4-9e09-9c548eb8f700 \"target=_blank\" rel=\"noopener\">Website<\/a><\/p>\n","protected":false},"featured_media":4610,"template":"","meta":[],"product_cat":[260],"product_tag":[],"_links":{"self":[{"href":"https:\/\/revealing-project.eu\/pl\/wp-json\/wp\/v2\/product\/5747"}],"collection":[{"href":"https:\/\/revealing-project.eu\/pl\/wp-json\/wp\/v2\/product"}],"about":[{"href":"https:\/\/revealing-project.eu\/pl\/wp-json\/wp\/v2\/types\/product"}],"wp:featuredmedia":[{"embeddable":true,"href":"https:\/\/revealing-project.eu\/pl\/wp-json\/wp\/v2\/media\/4610"}],"wp:attachment":[{"href":"https:\/\/revealing-project.eu\/pl\/wp-json\/wp\/v2\/media?parent=5747"}],"wp:term":[{"taxonomy":"product_cat","embeddable":true,"href":"https:\/\/revealing-project.eu\/pl\/wp-json\/wp\/v2\/product_cat?post=5747"},{"taxonomy":"product_tag","embeddable":true,"href":"https:\/\/revealing-project.eu\/pl\/wp-json\/wp\/v2\/product_tag?post=5747"}],"curies":[{"name":"wp","href":"https:\/\/api.w.org\/{rel}","templated":true}]}}