{"id":5748,"date":"2023-07-21T16:24:33","date_gmt":"2023-07-21T13:24:33","guid":{"rendered":"https:\/\/revealing-project.eu\/product\/art-and-chill-world\/"},"modified":"2023-07-21T16:24:39","modified_gmt":"2023-07-21T13:24:39","slug":"art-and-chill-world","status":"publish","type":"product","link":"https:\/\/revealing-project.eu\/pl\/produkt\/art-and-chill-world\/","title":{"rendered":"Art and Chill World"},"content":{"rendered":"<p>Art and Chill World to wirtualny \u015bwiat w VRChat, w kt\u00f3rym u\u017cytkownicy mog\u0105 si\u0119 zrelaksowa\u0107 i podziwia\u0107 dzie\u0142a sztuki podczas spotka\u0144 towarzyskich z innymi u\u017cytkownikami.<\/p>\n","protected":false},"excerpt":{"rendered":"<p><a class=\"linkbutton\" href=\"https:\/\/vrchat.com\/home\/world\/wrld_5a18f2d6-cd5a-4913-952b-f302ceb5da08 \"target=_blank\" rel=\"noopener\">Website<\/a><\/p>\n","protected":false},"featured_media":4615,"template":"","meta":[],"product_cat":[260],"product_tag":[],"_links":{"self":[{"href":"https:\/\/revealing-project.eu\/pl\/wp-json\/wp\/v2\/product\/5748"}],"collection":[{"href":"https:\/\/revealing-project.eu\/pl\/wp-json\/wp\/v2\/product"}],"about":[{"href":"https:\/\/revealing-project.eu\/pl\/wp-json\/wp\/v2\/types\/product"}],"wp:featuredmedia":[{"embeddable":true,"href":"https:\/\/revealing-project.eu\/pl\/wp-json\/wp\/v2\/media\/4615"}],"wp:attachment":[{"href":"https:\/\/revealing-project.eu\/pl\/wp-json\/wp\/v2\/media?parent=5748"}],"wp:term":[{"taxonomy":"product_cat","embeddable":true,"href":"https:\/\/revealing-project.eu\/pl\/wp-json\/wp\/v2\/product_cat?post=5748"},{"taxonomy":"product_tag","embeddable":true,"href":"https:\/\/revealing-project.eu\/pl\/wp-json\/wp\/v2\/product_tag?post=5748"}],"curies":[{"name":"wp","href":"https:\/\/api.w.org\/{rel}","templated":true}]}}