{"id":5754,"date":"2023-07-21T16:24:41","date_gmt":"2023-07-21T13:24:41","guid":{"rendered":"https:\/\/revealing-project.eu\/product\/mathstests\/"},"modified":"2023-07-21T16:24:43","modified_gmt":"2023-07-21T13:24:43","slug":"mathstests","status":"publish","type":"product","link":"https:\/\/revealing-project.eu\/pl\/produkt\/mathstests\/","title":{"rendered":"MathsTests"},"content":{"rendered":"<p>Testy Matematyczne. To seria pyta\u0144 matematycznych, kt\u00f3re mo\u017cna rozwi\u0105za\u0107 znaj\u0105c matematyk\u0119 na poziomie uczni\u00f3w japo\u0144skich szk\u00f3\u0142 podstawowych\u2024<\/p>\n","protected":false},"excerpt":{"rendered":"<p><a class=\"linkbutton\" href=\"https:\/\/vrchat.com\/home\/world\/wrld_bc670bdc-34fd-48f1-bb6a-98b52b4cf638 \"target=_blank\" rel=\"noopener\">Website<\/a><\/p>\n","protected":false},"featured_media":4232,"template":"","meta":[],"product_cat":[260],"product_tag":[],"_links":{"self":[{"href":"https:\/\/revealing-project.eu\/pl\/wp-json\/wp\/v2\/product\/5754"}],"collection":[{"href":"https:\/\/revealing-project.eu\/pl\/wp-json\/wp\/v2\/product"}],"about":[{"href":"https:\/\/revealing-project.eu\/pl\/wp-json\/wp\/v2\/types\/product"}],"wp:featuredmedia":[{"embeddable":true,"href":"https:\/\/revealing-project.eu\/pl\/wp-json\/wp\/v2\/media\/4232"}],"wp:attachment":[{"href":"https:\/\/revealing-project.eu\/pl\/wp-json\/wp\/v2\/media?parent=5754"}],"wp:term":[{"taxonomy":"product_cat","embeddable":true,"href":"https:\/\/revealing-project.eu\/pl\/wp-json\/wp\/v2\/product_cat?post=5754"},{"taxonomy":"product_tag","embeddable":true,"href":"https:\/\/revealing-project.eu\/pl\/wp-json\/wp\/v2\/product_tag?post=5754"}],"curies":[{"name":"wp","href":"https:\/\/api.w.org\/{rel}","templated":true}]}}