{"id":5755,"date":"2023-07-21T16:24:41","date_gmt":"2023-07-21T13:24:41","guid":{"rendered":"https:\/\/revealing-project.eu\/product\/just-4d-cube\/"},"modified":"2023-07-21T16:24:43","modified_gmt":"2023-07-21T13:24:43","slug":"just-4d-cube","status":"publish","type":"product","link":"https:\/\/revealing-project.eu\/pl\/produkt\/just-4d-cube\/","title":{"rendered":"JUST 4D CUBE"},"content":{"rendered":"<p>JUST 4D CUBE to symulacja VRChat przedstawiaj\u0105ca hipnotyzuj\u0105cy sze\u015bcian 4D, geometryczny kszta\u0142t, kt\u00f3ry wykracza poza tradycyjne trzy wymiary do czwartego wymiaru.<\/p>\n","protected":false},"excerpt":{"rendered":"<p><a class=\"linkbutton\" href=\"https:\/\/vrchat.com\/home\/world\/wrld_a8cf8e17-d7df-4b7a-ba28-e9acd6c19cdf \"target=_blank\" rel=\"noopener\">Website<\/a><\/p>\n","protected":false},"featured_media":4645,"template":"","meta":[],"product_cat":[260],"product_tag":[],"_links":{"self":[{"href":"https:\/\/revealing-project.eu\/pl\/wp-json\/wp\/v2\/product\/5755"}],"collection":[{"href":"https:\/\/revealing-project.eu\/pl\/wp-json\/wp\/v2\/product"}],"about":[{"href":"https:\/\/revealing-project.eu\/pl\/wp-json\/wp\/v2\/types\/product"}],"wp:featuredmedia":[{"embeddable":true,"href":"https:\/\/revealing-project.eu\/pl\/wp-json\/wp\/v2\/media\/4645"}],"wp:attachment":[{"href":"https:\/\/revealing-project.eu\/pl\/wp-json\/wp\/v2\/media?parent=5755"}],"wp:term":[{"taxonomy":"product_cat","embeddable":true,"href":"https:\/\/revealing-project.eu\/pl\/wp-json\/wp\/v2\/product_cat?post=5755"},{"taxonomy":"product_tag","embeddable":true,"href":"https:\/\/revealing-project.eu\/pl\/wp-json\/wp\/v2\/product_tag?post=5755"}],"curies":[{"name":"wp","href":"https:\/\/api.w.org\/{rel}","templated":true}]}}