{"id":5758,"date":"2023-07-21T16:24:41","date_gmt":"2023-07-21T13:24:41","guid":{"rendered":"https:\/\/revealing-project.eu\/product\/vr-dental-clinic\/"},"modified":"2023-07-21T16:24:44","modified_gmt":"2023-07-21T13:24:44","slug":"vr-dental-clinic","status":"publish","type":"product","link":"https:\/\/revealing-project.eu\/pl\/produkt\/vr-dental-clinic\/","title":{"rendered":"VR dental clinic"},"content":{"rendered":"<p>\u201eKlinika dentystyczna VR\u201d to wirtualne \u015brodowisko, kt\u00f3re zapewnia u\u017cytkownikom wci\u0105gaj\u0105ce i interaktywne wra\u017cenia podczas odkrywania \u015bwiata stomatologii.<\/p>\n","protected":false},"excerpt":{"rendered":"<p><a class=\"linkbutton\" href=\"https:\/\/vrchat.com\/home\/world\/wrld_1142ca33-56ae-4f38-94aa-e3a3a337c79e \"target=_blank\" rel=\"noopener\">Website<\/a><\/p>\n","protected":false},"featured_media":4670,"template":"","meta":[],"product_cat":[260],"product_tag":[],"_links":{"self":[{"href":"https:\/\/revealing-project.eu\/pl\/wp-json\/wp\/v2\/product\/5758"}],"collection":[{"href":"https:\/\/revealing-project.eu\/pl\/wp-json\/wp\/v2\/product"}],"about":[{"href":"https:\/\/revealing-project.eu\/pl\/wp-json\/wp\/v2\/types\/product"}],"wp:featuredmedia":[{"embeddable":true,"href":"https:\/\/revealing-project.eu\/pl\/wp-json\/wp\/v2\/media\/4670"}],"wp:attachment":[{"href":"https:\/\/revealing-project.eu\/pl\/wp-json\/wp\/v2\/media?parent=5758"}],"wp:term":[{"taxonomy":"product_cat","embeddable":true,"href":"https:\/\/revealing-project.eu\/pl\/wp-json\/wp\/v2\/product_cat?post=5758"},{"taxonomy":"product_tag","embeddable":true,"href":"https:\/\/revealing-project.eu\/pl\/wp-json\/wp\/v2\/product_tag?post=5758"}],"curies":[{"name":"wp","href":"https:\/\/api.w.org\/{rel}","templated":true}]}}