{"id":5759,"date":"2023-07-21T16:24:41","date_gmt":"2023-07-21T13:24:41","guid":{"rendered":"https:\/\/revealing-project.eu\/product\/dentist-office\/"},"modified":"2023-07-21T16:24:44","modified_gmt":"2023-07-21T13:24:44","slug":"dentist-office","status":"publish","type":"product","link":"https:\/\/revealing-project.eu\/pl\/produkt\/dentist-office\/","title":{"rendered":"Dentist Office"},"content":{"rendered":"<p>\u201eGabinet dentysty i lekarza\u201d to \u015brodowisko wirtualnej rzeczywisto\u015bci (VR) w VRChat, w kt\u00f3rym u\u017cytkownicy mog\u0105 odgrywa\u0107 role dentyst\u00f3w, medyk\u00f3w, chirurg\u00f3w i lekarzy. \u015arodowisko zaprojektowano tak by wygl\u0105da\u0142o jak zabytkowe centrum medyczne.<\/p>\n","protected":false},"excerpt":{"rendered":"<p><a class=\"linkbutton\" href=\"https:\/\/vrchat.com\/home\/world\/wrld_d605f733-be8b-4d4c-a769-4c5d99657648 \"target=_blank\" rel=\"noopener\">Website<\/a><\/p>\n","protected":false},"featured_media":4665,"template":"","meta":[],"product_cat":[260],"product_tag":[],"_links":{"self":[{"href":"https:\/\/revealing-project.eu\/pl\/wp-json\/wp\/v2\/product\/5759"}],"collection":[{"href":"https:\/\/revealing-project.eu\/pl\/wp-json\/wp\/v2\/product"}],"about":[{"href":"https:\/\/revealing-project.eu\/pl\/wp-json\/wp\/v2\/types\/product"}],"wp:featuredmedia":[{"embeddable":true,"href":"https:\/\/revealing-project.eu\/pl\/wp-json\/wp\/v2\/media\/4665"}],"wp:attachment":[{"href":"https:\/\/revealing-project.eu\/pl\/wp-json\/wp\/v2\/media?parent=5759"}],"wp:term":[{"taxonomy":"product_cat","embeddable":true,"href":"https:\/\/revealing-project.eu\/pl\/wp-json\/wp\/v2\/product_cat?post=5759"},{"taxonomy":"product_tag","embeddable":true,"href":"https:\/\/revealing-project.eu\/pl\/wp-json\/wp\/v2\/product_tag?post=5759"}],"curies":[{"name":"wp","href":"https:\/\/api.w.org\/{rel}","templated":true}]}}