{"id":5761,"date":"2023-07-21T16:24:41","date_gmt":"2023-07-21T13:24:41","guid":{"rendered":"https:\/\/revealing-project.eu\/product\/scale-of-the-solar-system\/"},"modified":"2023-07-21T16:24:44","modified_gmt":"2023-07-21T13:24:44","slug":"scale-of-the-solar-system","status":"publish","type":"product","link":"https:\/\/revealing-project.eu\/pl\/produkt\/scale-of-the-solar-system\/","title":{"rendered":"Scale of the Solar System"},"content":{"rendered":"<p>\u201eSkala Uk\u0142adu S\u0142onecznego\u201d to wci\u0105gaj\u0105ce wirtualne \u015brodowisko, kt\u00f3re oferuje niezr\u00f3wnan\u0105 perspektyw\u0119 na cia\u0142a niebieskie naszego Uk\u0142adu S\u0142onecznego.<\/p>\n","protected":false},"excerpt":{"rendered":"<p><a class=\"linkbutton\" href=\"https:\/\/vrchat.com\/home\/world\/wrld_e550ec13-9e15-4ced-bff4-edc8bb747836 \"target=_blank\" rel=\"noopener\">Website<\/a><\/p>\n","protected":false},"featured_media":4685,"template":"","meta":[],"product_cat":[260],"product_tag":[],"_links":{"self":[{"href":"https:\/\/revealing-project.eu\/pl\/wp-json\/wp\/v2\/product\/5761"}],"collection":[{"href":"https:\/\/revealing-project.eu\/pl\/wp-json\/wp\/v2\/product"}],"about":[{"href":"https:\/\/revealing-project.eu\/pl\/wp-json\/wp\/v2\/types\/product"}],"wp:featuredmedia":[{"embeddable":true,"href":"https:\/\/revealing-project.eu\/pl\/wp-json\/wp\/v2\/media\/4685"}],"wp:attachment":[{"href":"https:\/\/revealing-project.eu\/pl\/wp-json\/wp\/v2\/media?parent=5761"}],"wp:term":[{"taxonomy":"product_cat","embeddable":true,"href":"https:\/\/revealing-project.eu\/pl\/wp-json\/wp\/v2\/product_cat?post=5761"},{"taxonomy":"product_tag","embeddable":true,"href":"https:\/\/revealing-project.eu\/pl\/wp-json\/wp\/v2\/product_tag?post=5761"}],"curies":[{"name":"wp","href":"https:\/\/api.w.org\/{rel}","templated":true}]}}