{"id":5763,"date":"2023-07-21T16:24:41","date_gmt":"2023-07-21T13:24:41","guid":{"rendered":"https:\/\/revealing-project.eu\/product\/earth\/"},"modified":"2023-07-21T16:24:45","modified_gmt":"2023-07-21T13:24:45","slug":"earth","status":"publish","type":"product","link":"https:\/\/revealing-project.eu\/pl\/produkt\/earth\/","title":{"rendered":"Earth"},"content":{"rendered":"<p>\u201eZiemia\u201d to \u015bwiat VRChat, kt\u00f3ry umo\u017cliwia interakcj\u0119 mi\u0119dzy planet\u0105 Ziemia a pozycj\u0105 s\u0142o\u0144ca, a tak\u017ce stworzonymi shaderami.<\/p>\n","protected":false},"excerpt":{"rendered":"<p><a class=\"linkbutton\" href=\"https:\/\/vrchat.com\/home\/world\/wrld_6bdaf58d-fe67-4e81-b68d-91a5abaa430b \"target=_blank\" rel=\"noopener\">Website<\/a><\/p>\n","protected":false},"featured_media":4147,"template":"","meta":[],"product_cat":[260],"product_tag":[],"_links":{"self":[{"href":"https:\/\/revealing-project.eu\/pl\/wp-json\/wp\/v2\/product\/5763"}],"collection":[{"href":"https:\/\/revealing-project.eu\/pl\/wp-json\/wp\/v2\/product"}],"about":[{"href":"https:\/\/revealing-project.eu\/pl\/wp-json\/wp\/v2\/types\/product"}],"wp:featuredmedia":[{"embeddable":true,"href":"https:\/\/revealing-project.eu\/pl\/wp-json\/wp\/v2\/media\/4147"}],"wp:attachment":[{"href":"https:\/\/revealing-project.eu\/pl\/wp-json\/wp\/v2\/media?parent=5763"}],"wp:term":[{"taxonomy":"product_cat","embeddable":true,"href":"https:\/\/revealing-project.eu\/pl\/wp-json\/wp\/v2\/product_cat?post=5763"},{"taxonomy":"product_tag","embeddable":true,"href":"https:\/\/revealing-project.eu\/pl\/wp-json\/wp\/v2\/product_tag?post=5763"}],"curies":[{"name":"wp","href":"https:\/\/api.w.org\/{rel}","templated":true}]}}