{"id":5764,"date":"2023-07-21T16:24:41","date_gmt":"2023-07-21T13:24:41","guid":{"rendered":"https:\/\/revealing-project.eu\/product\/wind-power-generator\/"},"modified":"2023-07-21T16:24:45","modified_gmt":"2023-07-21T13:24:45","slug":"wind-power-generator","status":"publish","type":"product","link":"https:\/\/revealing-project.eu\/pl\/produkt\/wind-power-generator\/","title":{"rendered":"Wind power generator"},"content":{"rendered":"<p>\u201eGenerator energii wiatrowej\u201d to specyficzny \u015bwiat w VRChat, kt\u00f3ry umo\u017cliwia u\u017cytkownikom interakcj\u0119 z wirtualnym urz\u0105dzeniem do wytwarzania energii wiatrowej.<\/p>\n","protected":false},"excerpt":{"rendered":"<p><a class=\"linkbutton\" href=\"https:\/\/vrchat.com\/home\/world\/wrld_f7393108-4f83-4f37-9ab1-2fa91a714f0e \"target=_blank\" rel=\"noopener\">Website<\/a><\/p>\n","protected":false},"featured_media":4680,"template":"","meta":[],"product_cat":[260],"product_tag":[],"_links":{"self":[{"href":"https:\/\/revealing-project.eu\/pl\/wp-json\/wp\/v2\/product\/5764"}],"collection":[{"href":"https:\/\/revealing-project.eu\/pl\/wp-json\/wp\/v2\/product"}],"about":[{"href":"https:\/\/revealing-project.eu\/pl\/wp-json\/wp\/v2\/types\/product"}],"wp:featuredmedia":[{"embeddable":true,"href":"https:\/\/revealing-project.eu\/pl\/wp-json\/wp\/v2\/media\/4680"}],"wp:attachment":[{"href":"https:\/\/revealing-project.eu\/pl\/wp-json\/wp\/v2\/media?parent=5764"}],"wp:term":[{"taxonomy":"product_cat","embeddable":true,"href":"https:\/\/revealing-project.eu\/pl\/wp-json\/wp\/v2\/product_cat?post=5764"},{"taxonomy":"product_tag","embeddable":true,"href":"https:\/\/revealing-project.eu\/pl\/wp-json\/wp\/v2\/product_tag?post=5764"}],"curies":[{"name":"wp","href":"https:\/\/api.w.org\/{rel}","templated":true}]}}