{"id":5769,"date":"2023-07-21T16:24:48","date_gmt":"2023-07-21T13:24:48","guid":{"rendered":"https:\/\/revealing-project.eu\/product\/foundations-of-science\/"},"modified":"2023-07-21T16:24:48","modified_gmt":"2023-07-21T13:24:48","slug":"foundations-of-science","status":"publish","type":"product","link":"https:\/\/revealing-project.eu\/pl\/produkt\/foundations-of-science\/","title":{"rendered":"Foundations of Science"},"content":{"rendered":"<p>Podstawy nauki odnosz\u0105 si\u0119 do podstawowych zasad i metod, kt\u00f3re s\u0142u\u017c\u0105 jako cegie\u0142ki do bada\u0144 naukowych i zrozumienia w oparciu o badania, eksperymenty i generowanie wiedzy w r\u00f3\u017cnych dziedzinach nauki.<\/p>\n","protected":false},"excerpt":{"rendered":"<p><a class=\"linkbutton\" href=\"https:\/\/vrchat.com\/home\/world\/wrld_6a06c420-a8e0-4dc4-8217-cd1f6a9a4b05 \"target=_blank\" rel=\"noopener\">Website<\/a><\/p>\n","protected":false},"featured_media":4720,"template":"","meta":[],"product_cat":[260],"product_tag":[],"_links":{"self":[{"href":"https:\/\/revealing-project.eu\/pl\/wp-json\/wp\/v2\/product\/5769"}],"collection":[{"href":"https:\/\/revealing-project.eu\/pl\/wp-json\/wp\/v2\/product"}],"about":[{"href":"https:\/\/revealing-project.eu\/pl\/wp-json\/wp\/v2\/types\/product"}],"wp:featuredmedia":[{"embeddable":true,"href":"https:\/\/revealing-project.eu\/pl\/wp-json\/wp\/v2\/media\/4720"}],"wp:attachment":[{"href":"https:\/\/revealing-project.eu\/pl\/wp-json\/wp\/v2\/media?parent=5769"}],"wp:term":[{"taxonomy":"product_cat","embeddable":true,"href":"https:\/\/revealing-project.eu\/pl\/wp-json\/wp\/v2\/product_cat?post=5769"},{"taxonomy":"product_tag","embeddable":true,"href":"https:\/\/revealing-project.eu\/pl\/wp-json\/wp\/v2\/product_tag?post=5769"}],"curies":[{"name":"wp","href":"https:\/\/api.w.org\/{rel}","templated":true}]}}