{"id":5770,"date":"2023-07-21T16:24:48","date_gmt":"2023-07-21T13:24:48","guid":{"rendered":"https:\/\/revealing-project.eu\/product\/museum-tent-animal-crossing-new-horizons\/"},"modified":"2023-07-21T16:24:48","modified_gmt":"2023-07-21T13:24:48","slug":"museum-tent-animal-crossing-new-horizons","status":"publish","type":"product","link":"https:\/\/revealing-project.eu\/pl\/produkt\/museum-tent-animal-crossing-new-horizons\/","title":{"rendered":"Museum Tent &#8211; Animal Crossing: New Horizons"},"content":{"rendered":"<p>Namiot muzealny w VRChat to przytulny i interaktywny \u015bwiat inspirowany gr\u0105 Animal Crossing: New Horizons, w kt\u00f3rym znajduj\u0105 si\u0119 obracaj\u0105ce si\u0119 eksponaty skamielin, robak\u00f3w i ryb, interaktywne wystawy oraz miejsce spotka\u0144 dla fan\u00f3w, w kt\u00f3rym mog\u0105 si\u0119 gromadzi\u0107 i nawi\u0105zywa\u0107 kontakty.<\/p>\n","protected":false},"excerpt":{"rendered":"<p><a class=\"linkbutton\" href=\"https:\/\/vrchat.com\/home\/world\/wrld_c3847cef-eacc-4f06-b1de-d090e5bce51d \"target=_blank\" rel=\"noopener\">Website<\/a><\/p>\n","protected":false},"featured_media":4715,"template":"","meta":[],"product_cat":[260],"product_tag":[],"_links":{"self":[{"href":"https:\/\/revealing-project.eu\/pl\/wp-json\/wp\/v2\/product\/5770"}],"collection":[{"href":"https:\/\/revealing-project.eu\/pl\/wp-json\/wp\/v2\/product"}],"about":[{"href":"https:\/\/revealing-project.eu\/pl\/wp-json\/wp\/v2\/types\/product"}],"wp:featuredmedia":[{"embeddable":true,"href":"https:\/\/revealing-project.eu\/pl\/wp-json\/wp\/v2\/media\/4715"}],"wp:attachment":[{"href":"https:\/\/revealing-project.eu\/pl\/wp-json\/wp\/v2\/media?parent=5770"}],"wp:term":[{"taxonomy":"product_cat","embeddable":true,"href":"https:\/\/revealing-project.eu\/pl\/wp-json\/wp\/v2\/product_cat?post=5770"},{"taxonomy":"product_tag","embeddable":true,"href":"https:\/\/revealing-project.eu\/pl\/wp-json\/wp\/v2\/product_tag?post=5770"}],"curies":[{"name":"wp","href":"https:\/\/api.w.org\/{rel}","templated":true}]}}