{"id":5771,"date":"2023-07-21T16:24:48","date_gmt":"2023-07-21T13:24:48","guid":{"rendered":"https:\/\/revealing-project.eu\/product\/aperture-science-central-ai-chamber\/"},"modified":"2023-07-21T16:24:49","modified_gmt":"2023-07-21T13:24:49","slug":"aperture-science-central-ai-chamber","status":"publish","type":"product","link":"https:\/\/revealing-project.eu\/pl\/produkt\/aperture-science-central-ai-chamber\/","title":{"rendered":"Aperture Science &#8211; Central AI Chamber"},"content":{"rendered":"<p>Aperture Science \u2013 Central AI Chamber to znacz\u0105ca lokalizacja w serii gier wideo \u201ePortal\u201d, w kt\u00f3rej gracze anga\u017cuj\u0105 si\u0119 w g\u0142\u00f3wn\u0105 posta\u0107 sztucznej inteligencji, GLaDOS, i napotykaj\u0105 trudne \u0142amig\u0142\u00f3wki w miar\u0119 post\u0119p\u00f3w w grze.<\/p>\n","protected":false},"excerpt":{"rendered":"<p><a class=\"linkbutton\" href=\"https:\/\/vrchat.com\/home\/world\/wrld_2c46587d-8726-4c2c-8097-cf31c89f50ae \"target=_blank\" rel=\"noopener\">Website<\/a><\/p>\n","protected":false},"featured_media":4710,"template":"","meta":[],"product_cat":[260],"product_tag":[],"_links":{"self":[{"href":"https:\/\/revealing-project.eu\/pl\/wp-json\/wp\/v2\/product\/5771"}],"collection":[{"href":"https:\/\/revealing-project.eu\/pl\/wp-json\/wp\/v2\/product"}],"about":[{"href":"https:\/\/revealing-project.eu\/pl\/wp-json\/wp\/v2\/types\/product"}],"wp:featuredmedia":[{"embeddable":true,"href":"https:\/\/revealing-project.eu\/pl\/wp-json\/wp\/v2\/media\/4710"}],"wp:attachment":[{"href":"https:\/\/revealing-project.eu\/pl\/wp-json\/wp\/v2\/media?parent=5771"}],"wp:term":[{"taxonomy":"product_cat","embeddable":true,"href":"https:\/\/revealing-project.eu\/pl\/wp-json\/wp\/v2\/product_cat?post=5771"},{"taxonomy":"product_tag","embeddable":true,"href":"https:\/\/revealing-project.eu\/pl\/wp-json\/wp\/v2\/product_tag?post=5771"}],"curies":[{"name":"wp","href":"https:\/\/api.w.org\/{rel}","templated":true}]}}