{"id":5772,"date":"2023-07-21T16:24:48","date_gmt":"2023-07-21T13:24:48","guid":{"rendered":"https:\/\/revealing-project.eu\/product\/experimental-sign-language-world-%ef%bc%88udon%ef%bc%89\/"},"modified":"2023-07-21T16:24:49","modified_gmt":"2023-07-21T13:24:49","slug":"experimental-sign-language-world-%ef%bc%88udon%ef%bc%89","status":"publish","type":"product","link":"https:\/\/revealing-project.eu\/pl\/produkt\/experimental-sign-language-world-%ef%bc%88udon%ef%bc%89\/","title":{"rendered":"Experimental Sign Language World \uff08Udon\uff09"},"content":{"rendered":"<p>Experimental Sign Language World (Udon) to \u015bwiat w VRChat, kt\u00f3ry uczy j\u0119zyka migowego.<\/p>\n","protected":false},"excerpt":{"rendered":"<p><a class=\"linkbutton\" href=\"https:\/\/vrchat.com\/home\/world\/wrld_5e778b1b-88c7-4f44-8ff3-a3f289816fd0 \"target=_blank\" rel=\"noopener\">Website<\/a><\/p>\n","protected":false},"featured_media":4705,"template":"","meta":[],"product_cat":[260],"product_tag":[],"_links":{"self":[{"href":"https:\/\/revealing-project.eu\/pl\/wp-json\/wp\/v2\/product\/5772"}],"collection":[{"href":"https:\/\/revealing-project.eu\/pl\/wp-json\/wp\/v2\/product"}],"about":[{"href":"https:\/\/revealing-project.eu\/pl\/wp-json\/wp\/v2\/types\/product"}],"wp:featuredmedia":[{"embeddable":true,"href":"https:\/\/revealing-project.eu\/pl\/wp-json\/wp\/v2\/media\/4705"}],"wp:attachment":[{"href":"https:\/\/revealing-project.eu\/pl\/wp-json\/wp\/v2\/media?parent=5772"}],"wp:term":[{"taxonomy":"product_cat","embeddable":true,"href":"https:\/\/revealing-project.eu\/pl\/wp-json\/wp\/v2\/product_cat?post=5772"},{"taxonomy":"product_tag","embeddable":true,"href":"https:\/\/revealing-project.eu\/pl\/wp-json\/wp\/v2\/product_tag?post=5772"}],"curies":[{"name":"wp","href":"https:\/\/api.w.org\/{rel}","templated":true}]}}