{"id":5773,"date":"2023-07-21T16:24:48","date_gmt":"2023-07-21T13:24:48","guid":{"rendered":"https:\/\/revealing-project.eu\/product\/lx-language-exchange\/"},"modified":"2023-07-21T16:24:49","modified_gmt":"2023-07-21T13:24:49","slug":"lx-language-exchange","status":"publish","type":"product","link":"https:\/\/revealing-project.eu\/pl\/produkt\/lx-language-exchange\/","title":{"rendered":"LX Language Exchange"},"content":{"rendered":"<p>LX Language Exchange w VRChat to wirtualny \u015bwiat, kt\u00f3ry u\u0142atwia wymian\u0119 j\u0119zykow\u0105 za po\u015brednictwem interaktywnych stacji do nauki j\u0119zyk\u00f3w i obszar\u00f3w do \u0107wicze\u0144 konwersacji, tworz\u0105c dynamiczne i anga\u017cuj\u0105ce \u015brodowisko dla os\u00f3b ucz\u0105cych si\u0119 j\u0119zyk\u00f3w, aby \u0142\u0105czy\u0107 si\u0119 i doskonali\u0107 swoje umiej\u0119tno\u015bci.<\/p>\n","protected":false},"excerpt":{"rendered":"<p><a class=\"linkbutton\" href=\"https:\/\/vrchat.com\/home\/world\/wrld_a9f893ed-7cb6-4c77-8da4-8dccf49825b9 \"target=_blank\" rel=\"noopener\">Website<\/a><\/p>\n","protected":false},"featured_media":4740,"template":"","meta":[],"product_cat":[260],"product_tag":[],"_links":{"self":[{"href":"https:\/\/revealing-project.eu\/pl\/wp-json\/wp\/v2\/product\/5773"}],"collection":[{"href":"https:\/\/revealing-project.eu\/pl\/wp-json\/wp\/v2\/product"}],"about":[{"href":"https:\/\/revealing-project.eu\/pl\/wp-json\/wp\/v2\/types\/product"}],"wp:featuredmedia":[{"embeddable":true,"href":"https:\/\/revealing-project.eu\/pl\/wp-json\/wp\/v2\/media\/4740"}],"wp:attachment":[{"href":"https:\/\/revealing-project.eu\/pl\/wp-json\/wp\/v2\/media?parent=5773"}],"wp:term":[{"taxonomy":"product_cat","embeddable":true,"href":"https:\/\/revealing-project.eu\/pl\/wp-json\/wp\/v2\/product_cat?post=5773"},{"taxonomy":"product_tag","embeddable":true,"href":"https:\/\/revealing-project.eu\/pl\/wp-json\/wp\/v2\/product_tag?post=5773"}],"curies":[{"name":"wp","href":"https:\/\/api.w.org\/{rel}","templated":true}]}}