{"id":5774,"date":"2023-07-21T16:24:48","date_gmt":"2023-07-21T13:24:48","guid":{"rendered":"https:\/\/revealing-project.eu\/product\/japanese-language-study-%ef%bc%88wip%ef%bc%89\/"},"modified":"2023-07-21T16:24:49","modified_gmt":"2023-07-21T13:24:49","slug":"japanese-language-study-%ef%bc%88wip%ef%bc%89","status":"publish","type":"product","link":"https:\/\/revealing-project.eu\/pl\/produkt\/japanese-language-study-%ef%bc%88wip%ef%bc%89\/","title":{"rendered":"Japanese Language Study \uff08WIP\uff09"},"content":{"rendered":"<p>The Japanese Language Study (WIP) \u015awiat VRChat to \u015brodowisko rzeczywisto\u015bci wirtualnej do nauki i \u0107wiczenia j\u0119zyka japo\u0144skiego. Przypomina japo\u0144sk\u0105 szko\u0142\u0119 \u015bredni\u0105 i pozwala u\u017cytkownikom na interakcj\u0119 z native speakerami i innymi uczniami w celu \u0107wiczenia m\u00f3wienia.<\/p>\n","protected":false},"excerpt":{"rendered":"<p><a class=\"linkbutton\" href=\"https:\/\/vrchat.com\/home\/world\/wrld_bd80d295-7392-481a-9fba-53e708588cd2 \"target=_blank\" rel=\"noopener\">Website<\/a><\/p>\n","protected":false},"featured_media":4735,"template":"","meta":[],"product_cat":[260],"product_tag":[],"_links":{"self":[{"href":"https:\/\/revealing-project.eu\/pl\/wp-json\/wp\/v2\/product\/5774"}],"collection":[{"href":"https:\/\/revealing-project.eu\/pl\/wp-json\/wp\/v2\/product"}],"about":[{"href":"https:\/\/revealing-project.eu\/pl\/wp-json\/wp\/v2\/types\/product"}],"wp:featuredmedia":[{"embeddable":true,"href":"https:\/\/revealing-project.eu\/pl\/wp-json\/wp\/v2\/media\/4735"}],"wp:attachment":[{"href":"https:\/\/revealing-project.eu\/pl\/wp-json\/wp\/v2\/media?parent=5774"}],"wp:term":[{"taxonomy":"product_cat","embeddable":true,"href":"https:\/\/revealing-project.eu\/pl\/wp-json\/wp\/v2\/product_cat?post=5774"},{"taxonomy":"product_tag","embeddable":true,"href":"https:\/\/revealing-project.eu\/pl\/wp-json\/wp\/v2\/product_tag?post=5774"}],"curies":[{"name":"wp","href":"https:\/\/api.w.org\/{rel}","templated":true}]}}