{"id":5775,"date":"2023-07-21T16:24:48","date_gmt":"2023-07-21T13:24:48","guid":{"rendered":"https:\/\/revealing-project.eu\/product\/chinese-explained\/"},"modified":"2023-07-21T16:24:50","modified_gmt":"2023-07-21T13:24:50","slug":"chinese-explained","status":"publish","type":"product","link":"https:\/\/revealing-project.eu\/pl\/produkt\/chinese-explained\/","title":{"rendered":"Chinese Explained"},"content":{"rendered":"<p>Chinese Explained to \u017ar\u00f3d\u0142o informacji dla angloj\u0119zycznych, kt\u00f3re pozwala lepiej zrozumie\u0107 j\u0119zyk chi\u0144ski, oferuj\u0105c jasne wyja\u015bnienia i interaktywne zasoby dla os\u00f3b ucz\u0105cych si\u0119 na wszystkich poziomach.<\/p>\n","protected":false},"excerpt":{"rendered":"<p><a class=\"linkbutton\" href=\"https:\/\/vrchat.com\/home\/world\/wrld_23dcd8b4-40c2-4ce7-9295-6177ec6ad8c1 \"target=_blank\" rel=\"noopener\">Website<\/a><\/p>\n","protected":false},"featured_media":4730,"template":"","meta":[],"product_cat":[260],"product_tag":[],"_links":{"self":[{"href":"https:\/\/revealing-project.eu\/pl\/wp-json\/wp\/v2\/product\/5775"}],"collection":[{"href":"https:\/\/revealing-project.eu\/pl\/wp-json\/wp\/v2\/product"}],"about":[{"href":"https:\/\/revealing-project.eu\/pl\/wp-json\/wp\/v2\/types\/product"}],"wp:featuredmedia":[{"embeddable":true,"href":"https:\/\/revealing-project.eu\/pl\/wp-json\/wp\/v2\/media\/4730"}],"wp:attachment":[{"href":"https:\/\/revealing-project.eu\/pl\/wp-json\/wp\/v2\/media?parent=5775"}],"wp:term":[{"taxonomy":"product_cat","embeddable":true,"href":"https:\/\/revealing-project.eu\/pl\/wp-json\/wp\/v2\/product_cat?post=5775"},{"taxonomy":"product_tag","embeddable":true,"href":"https:\/\/revealing-project.eu\/pl\/wp-json\/wp\/v2\/product_tag?post=5775"}],"curies":[{"name":"wp","href":"https:\/\/api.w.org\/{rel}","templated":true}]}}