{"id":5776,"date":"2023-07-21T16:24:48","date_gmt":"2023-07-21T13:24:48","guid":{"rendered":"https:\/\/revealing-project.eu\/product\/the-literature-club\/"},"modified":"2023-07-21T16:24:50","modified_gmt":"2023-07-21T13:24:50","slug":"the-literature-club","status":"publish","type":"product","link":"https:\/\/revealing-project.eu\/pl\/produkt\/the-literature-club\/","title":{"rendered":"The Literature Club"},"content":{"rendered":"<p>Literature Club Plus w VRChat to wirtualna rzeczywisto\u015b\u0107, w kt\u00f3rej u\u017cytkownicy mog\u0105 wchodzi\u0107 w interakcje z postaciami z popularnej gry typu visual novel, Doki Doki Literature Club. To wci\u0105gaj\u0105ce \u015brodowisko pozwala u\u017cytkownikom anga\u017cowa\u0107 si\u0119 w dialog, uczestniczy\u0107 w minigrach i odkrywa\u0107 \u015bwiat Klubu Literackiego w przestrzeni 3D.<\/p>\n","protected":false},"excerpt":{"rendered":"<p><a class=\"linkbutton\" href=\"https:\/\/vrchat.com\/home\/world\/wrld_5286adda-dff6-45d9-8711-a91705566eaf \"target=_blank\" rel=\"noopener\">Website<\/a><\/p>\n","protected":false},"featured_media":4725,"template":"","meta":[],"product_cat":[260],"product_tag":[],"_links":{"self":[{"href":"https:\/\/revealing-project.eu\/pl\/wp-json\/wp\/v2\/product\/5776"}],"collection":[{"href":"https:\/\/revealing-project.eu\/pl\/wp-json\/wp\/v2\/product"}],"about":[{"href":"https:\/\/revealing-project.eu\/pl\/wp-json\/wp\/v2\/types\/product"}],"wp:featuredmedia":[{"embeddable":true,"href":"https:\/\/revealing-project.eu\/pl\/wp-json\/wp\/v2\/media\/4725"}],"wp:attachment":[{"href":"https:\/\/revealing-project.eu\/pl\/wp-json\/wp\/v2\/media?parent=5776"}],"wp:term":[{"taxonomy":"product_cat","embeddable":true,"href":"https:\/\/revealing-project.eu\/pl\/wp-json\/wp\/v2\/product_cat?post=5776"},{"taxonomy":"product_tag","embeddable":true,"href":"https:\/\/revealing-project.eu\/pl\/wp-json\/wp\/v2\/product_tag?post=5776"}],"curies":[{"name":"wp","href":"https:\/\/api.w.org\/{rel}","templated":true}]}}