{"id":5777,"date":"2023-07-21T16:24:48","date_gmt":"2023-07-21T13:24:48","guid":{"rendered":"https:\/\/revealing-project.eu\/product\/local-philosophia\/"},"modified":"2023-07-21T16:24:50","modified_gmt":"2023-07-21T13:24:50","slug":"local-philosophia","status":"publish","type":"product","link":"https:\/\/revealing-project.eu\/pl\/produkt\/local-philosophia\/","title":{"rendered":"Local Philosophia"},"content":{"rendered":"<p>Local Philosophia to \u015bwiat VRChat, kt\u00f3ry zapewnia u\u017cytkownikom wirtualn\u0105 przestrze\u0144 do anga\u017cowania si\u0119 w dyskusje filozoficzne i eksplorowania temat\u00f3w filozoficznych w \u015brodowisku wirtualnej rzeczywisto\u015bci.<\/p>\n","protected":false},"excerpt":{"rendered":"<p><a class=\"linkbutton\" href=\"https:\/\/vrchat.com\/home\/world\/wrld_14fa15b4-2ee6-4086-8213-f6375c60522e \"target=_blank\" rel=\"noopener\">Website<\/a><\/p>\n","protected":false},"featured_media":4755,"template":"","meta":[],"product_cat":[260],"product_tag":[],"_links":{"self":[{"href":"https:\/\/revealing-project.eu\/pl\/wp-json\/wp\/v2\/product\/5777"}],"collection":[{"href":"https:\/\/revealing-project.eu\/pl\/wp-json\/wp\/v2\/product"}],"about":[{"href":"https:\/\/revealing-project.eu\/pl\/wp-json\/wp\/v2\/types\/product"}],"wp:featuredmedia":[{"embeddable":true,"href":"https:\/\/revealing-project.eu\/pl\/wp-json\/wp\/v2\/media\/4755"}],"wp:attachment":[{"href":"https:\/\/revealing-project.eu\/pl\/wp-json\/wp\/v2\/media?parent=5777"}],"wp:term":[{"taxonomy":"product_cat","embeddable":true,"href":"https:\/\/revealing-project.eu\/pl\/wp-json\/wp\/v2\/product_cat?post=5777"},{"taxonomy":"product_tag","embeddable":true,"href":"https:\/\/revealing-project.eu\/pl\/wp-json\/wp\/v2\/product_tag?post=5777"}],"curies":[{"name":"wp","href":"https:\/\/api.w.org\/{rel}","templated":true}]}}