{"id":5778,"date":"2023-07-21T16:24:48","date_gmt":"2023-07-21T13:24:48","guid":{"rendered":"https:\/\/revealing-project.eu\/product\/business-office\/"},"modified":"2023-07-21T16:24:51","modified_gmt":"2023-07-21T13:24:51","slug":"business-office","status":"publish","type":"product","link":"https:\/\/revealing-project.eu\/pl\/produkt\/business-office\/","title":{"rendered":"Business Office"},"content":{"rendered":"<p>\u015awiat Business Office VRChat to \u015brodowisko wirtualnej rzeczywisto\u015bci, kt\u00f3re symuluje nowoczesn\u0105 przestrze\u0144 biurow\u0105 korporacji, daj\u0105c u\u017cytkownikom mo\u017cliwo\u015b\u0107 odgrywania r\u00f3\u017cnych czynno\u015bci zwi\u0105zanych z biznesem, takich jak spotkania, prezentacje i sesje typu burza m\u00f3zg\u00f3w.<\/p>\n","protected":false},"excerpt":{"rendered":"<p><a class=\"linkbutton\" href=\"https:\/\/vrchat.com\/home\/world\/wrld_4c175542-be96-469a-8048-deffaf3595ed \"target=_blank\" rel=\"noopener\">Website<\/a><\/p>\n","protected":false},"featured_media":4750,"template":"","meta":[],"product_cat":[260],"product_tag":[],"_links":{"self":[{"href":"https:\/\/revealing-project.eu\/pl\/wp-json\/wp\/v2\/product\/5778"}],"collection":[{"href":"https:\/\/revealing-project.eu\/pl\/wp-json\/wp\/v2\/product"}],"about":[{"href":"https:\/\/revealing-project.eu\/pl\/wp-json\/wp\/v2\/types\/product"}],"wp:featuredmedia":[{"embeddable":true,"href":"https:\/\/revealing-project.eu\/pl\/wp-json\/wp\/v2\/media\/4750"}],"wp:attachment":[{"href":"https:\/\/revealing-project.eu\/pl\/wp-json\/wp\/v2\/media?parent=5778"}],"wp:term":[{"taxonomy":"product_cat","embeddable":true,"href":"https:\/\/revealing-project.eu\/pl\/wp-json\/wp\/v2\/product_cat?post=5778"},{"taxonomy":"product_tag","embeddable":true,"href":"https:\/\/revealing-project.eu\/pl\/wp-json\/wp\/v2\/product_tag?post=5778"}],"curies":[{"name":"wp","href":"https:\/\/api.w.org\/{rel}","templated":true}]}}