{"id":5779,"date":"2023-07-21T16:24:48","date_gmt":"2023-07-21T13:24:48","guid":{"rendered":"https:\/\/revealing-project.eu\/product\/vientiane-astronomy\/"},"modified":"2023-07-21T16:24:51","modified_gmt":"2023-07-21T13:24:51","slug":"vientiane-astronomy","status":"publish","type":"product","link":"https:\/\/revealing-project.eu\/pl\/produkt\/vientiane-astronomy\/","title":{"rendered":"Vientiane Astronomy"},"content":{"rendered":"<p>Vientiane Astronomy to \u015bwiat VRChat, kt\u00f3ry replikuje osza\u0142amiaj\u0105ce obserwatorium, oferuj\u0105c u\u017cytkownikom edukacyjne i urzekaj\u0105ce wizualnie wra\u017cenia kosmiczne. Dzi\u0119ki takim funkcjom, jak teleskopy, konstelacje i obserwowanie gwiazd, Vientiane Astronomy jest idealnym miejscem dla entuzjast\u00f3w kosmosu do odkrywania i poznawania wszech\u015bwiata.<\/p>\n","protected":false},"excerpt":{"rendered":"<p><a class=\"linkbutton\" href=\"https:\/\/vrchat.com\/home\/world\/wrld_a78db717-d811-4e15-a2e0-31f4ab2d87aa \"target=_blank\" rel=\"noopener\">Website<\/a><\/p>\n","protected":false},"featured_media":4745,"template":"","meta":[],"product_cat":[260],"product_tag":[],"_links":{"self":[{"href":"https:\/\/revealing-project.eu\/pl\/wp-json\/wp\/v2\/product\/5779"}],"collection":[{"href":"https:\/\/revealing-project.eu\/pl\/wp-json\/wp\/v2\/product"}],"about":[{"href":"https:\/\/revealing-project.eu\/pl\/wp-json\/wp\/v2\/types\/product"}],"wp:featuredmedia":[{"embeddable":true,"href":"https:\/\/revealing-project.eu\/pl\/wp-json\/wp\/v2\/media\/4745"}],"wp:attachment":[{"href":"https:\/\/revealing-project.eu\/pl\/wp-json\/wp\/v2\/media?parent=5779"}],"wp:term":[{"taxonomy":"product_cat","embeddable":true,"href":"https:\/\/revealing-project.eu\/pl\/wp-json\/wp\/v2\/product_cat?post=5779"},{"taxonomy":"product_tag","embeddable":true,"href":"https:\/\/revealing-project.eu\/pl\/wp-json\/wp\/v2\/product_tag?post=5779"}],"curies":[{"name":"wp","href":"https:\/\/api.w.org\/{rel}","templated":true}]}}