{"id":5780,"date":"2023-07-21T16:24:48","date_gmt":"2023-07-21T13:24:48","guid":{"rendered":"https:\/\/revealing-project.eu\/product\/riskiplayer\/"},"modified":"2023-07-21T16:24:51","modified_gmt":"2023-07-21T13:24:51","slug":"riskiplayer","status":"publish","type":"product","link":"https:\/\/revealing-project.eu\/pl\/produkt\/riskiplayer\/","title":{"rendered":"RiskiPlayer"},"content":{"rendered":"<p>RiskiPlayer to odtwarzacz wideo zaprojektowany specjalnie dla VRChat, kt\u00f3ry oferuje prosty i elegancki interfejs ekranowy. Pozwala u\u017cytkownikom ogl\u0105da\u0107 filmy w \u015brodowisku VRChat, umo\u017cliwiaj\u0105c ogl\u0105danie film\u00f3w ze znajomymi w wirtualnej rzeczywisto\u015bci. Odtwarzacz oferuje szereg konfigurowalnych ustawie\u0144, w tym mo\u017cliwo\u015b\u0107 dostosowania jako\u015bci wideo, rozmiaru ekranu i innych opcji odtwarzania. Dzi\u0119ki eleganckiemu i przyjaznemu dla u\u017cytkownika interfejsowi RiskiPlayer jest doskona\u0142ym narz\u0119dziem dla ka\u017cdego, kto chce ogl\u0105da\u0107 filmy w VRChat.<\/p>\n","protected":false},"excerpt":{"rendered":"<p><a class=\"linkbutton\" href=\"https:\/\/github.com\/RiskiVR\/RiskiPlayer\"target=_blank rel=\"noopener\">Website<\/a><\/p>\n","protected":false},"featured_media":4493,"template":"","meta":[],"product_cat":[259],"product_tag":[],"_links":{"self":[{"href":"https:\/\/revealing-project.eu\/pl\/wp-json\/wp\/v2\/product\/5780"}],"collection":[{"href":"https:\/\/revealing-project.eu\/pl\/wp-json\/wp\/v2\/product"}],"about":[{"href":"https:\/\/revealing-project.eu\/pl\/wp-json\/wp\/v2\/types\/product"}],"wp:featuredmedia":[{"embeddable":true,"href":"https:\/\/revealing-project.eu\/pl\/wp-json\/wp\/v2\/media\/4493"}],"wp:attachment":[{"href":"https:\/\/revealing-project.eu\/pl\/wp-json\/wp\/v2\/media?parent=5780"}],"wp:term":[{"taxonomy":"product_cat","embeddable":true,"href":"https:\/\/revealing-project.eu\/pl\/wp-json\/wp\/v2\/product_cat?post=5780"},{"taxonomy":"product_tag","embeddable":true,"href":"https:\/\/revealing-project.eu\/pl\/wp-json\/wp\/v2\/product_tag?post=5780"}],"curies":[{"name":"wp","href":"https:\/\/api.w.org\/{rel}","templated":true}]}}