{"id":5781,"date":"2023-07-21T16:24:48","date_gmt":"2023-07-21T13:24:48","guid":{"rendered":"https:\/\/revealing-project.eu\/product\/fishing-system-vrchat-udon\/"},"modified":"2023-07-21T16:24:52","modified_gmt":"2023-07-21T13:24:52","slug":"fishing-system-vrchat-udon","status":"publish","type":"product","link":"https:\/\/revealing-project.eu\/pl\/produkt\/fishing-system-vrchat-udon\/","title":{"rendered":"Fishing-System-VRChat-Udon"},"content":{"rendered":"<p>Fishing-System-VRChat-Udon to niestandardowy system w\u0119dkarski przeznaczony do u\u017cytku w VRChat. U\u017cywaj\u0105c Udon, j\u0119zyka programowania VRChat, system ten pozwala u\u017cytkownikom \u0142owi\u0107 ryby w \u015brodowisku wirtualnej rzeczywisto\u015bci VRChat. System obejmuje r\u00f3\u017cne funkcje, takie jak mo\u017cliwo\u015b\u0107 \u0142owienia r\u00f3\u017cnych rodzaj\u00f3w ryb, dostosowywania rodzaj\u00f3w przyn\u0119t i ustawiania r\u00f3\u017cnych miejsc do \u0142owienia. Dzi\u0119ki realistycznemu i wci\u0105gaj\u0105cemu do\u015bwiadczeniu w\u0119dkarskiemu Fishing-System-VRChat-Udon to zabawny i wyj\u0105tkowy spos\u00f3b na sp\u0119dzenie czasu w VRChat.<\/p>\n","protected":false},"excerpt":{"rendered":"<p><a class=\"linkbutton\" href=\"https:\/\/github.com\/twofist\/Fishing-System-VRChat-Udon\"target=_blank rel=\"noopener\">Website<\/a><\/p>\n","protected":false},"featured_media":4813,"template":"","meta":[],"product_cat":[259],"product_tag":[],"_links":{"self":[{"href":"https:\/\/revealing-project.eu\/pl\/wp-json\/wp\/v2\/product\/5781"}],"collection":[{"href":"https:\/\/revealing-project.eu\/pl\/wp-json\/wp\/v2\/product"}],"about":[{"href":"https:\/\/revealing-project.eu\/pl\/wp-json\/wp\/v2\/types\/product"}],"wp:featuredmedia":[{"embeddable":true,"href":"https:\/\/revealing-project.eu\/pl\/wp-json\/wp\/v2\/media\/4813"}],"wp:attachment":[{"href":"https:\/\/revealing-project.eu\/pl\/wp-json\/wp\/v2\/media?parent=5781"}],"wp:term":[{"taxonomy":"product_cat","embeddable":true,"href":"https:\/\/revealing-project.eu\/pl\/wp-json\/wp\/v2\/product_cat?post=5781"},{"taxonomy":"product_tag","embeddable":true,"href":"https:\/\/revealing-project.eu\/pl\/wp-json\/wp\/v2\/product_tag?post=5781"}],"curies":[{"name":"wp","href":"https:\/\/api.w.org\/{rel}","templated":true}]}}