{"id":5782,"date":"2023-07-21T16:24:48","date_gmt":"2023-07-21T13:24:48","guid":{"rendered":"https:\/\/revealing-project.eu\/product\/vrc-raycast-laser\/"},"modified":"2023-07-21T16:24:52","modified_gmt":"2023-07-21T13:24:52","slug":"vrc-raycast-laser","status":"publish","type":"product","link":"https:\/\/revealing-project.eu\/pl\/produkt\/vrc-raycast-laser\/","title":{"rendered":"VRC-Raycast-Laser"},"content":{"rendered":"<p>VRC-Raycast-Laser to niestandardowe narz\u0119dzie przeznaczone do u\u017cytku w VRChat, kt\u00f3re umo\u017cliwia u\u017cytkownikom tworzenie wi\u0105zek laserowych i ploter\u00f3w punktowych w \u015brodowisku VR. Narz\u0119dzie wykorzystuje raycasting do tworzenia realistycznie wygl\u0105daj\u0105cych wi\u0105zek laserowych i umo\u017cliwia dostosowanie r\u00f3\u017cnych ustawie\u0144, w tym koloru, d\u0142ugo\u015bci i grubo\u015bci lasera. Dodatkowo VRC-Raycast-Laser zawiera funkcj\u0119 plotera punktowego, kt\u00f3ra pozwala u\u017cytkownikom tworzy\u0107 i wy\u015bwietla\u0107 r\u00f3\u017cne punkty w \u015brodowisku VR, dzi\u0119ki czemu jest przydatna do prezentacji i cel\u00f3w edukacyjnych. Dzi\u0119ki \u0142atwemu w u\u017cyciu interfejsowi i konfigurowalnym ustawieniom, VRC-Raycast-Laser jest doskona\u0142ym narz\u0119dziem dla ka\u017cdego, kto chce doda\u0107 unikalny i interaktywny element do swojego VRChat.<\/p>\n","protected":false},"excerpt":{"rendered":"<p><a class=\"linkbutton\" href=\"https:\/\/github.com\/Pokeyi\/VRC-Raycast-Laser\"target=_blank rel=\"noopener\">Website<\/a><\/p>\n","protected":false},"featured_media":4818,"template":"","meta":[],"product_cat":[259],"product_tag":[],"_links":{"self":[{"href":"https:\/\/revealing-project.eu\/pl\/wp-json\/wp\/v2\/product\/5782"}],"collection":[{"href":"https:\/\/revealing-project.eu\/pl\/wp-json\/wp\/v2\/product"}],"about":[{"href":"https:\/\/revealing-project.eu\/pl\/wp-json\/wp\/v2\/types\/product"}],"wp:featuredmedia":[{"embeddable":true,"href":"https:\/\/revealing-project.eu\/pl\/wp-json\/wp\/v2\/media\/4818"}],"wp:attachment":[{"href":"https:\/\/revealing-project.eu\/pl\/wp-json\/wp\/v2\/media?parent=5782"}],"wp:term":[{"taxonomy":"product_cat","embeddable":true,"href":"https:\/\/revealing-project.eu\/pl\/wp-json\/wp\/v2\/product_cat?post=5782"},{"taxonomy":"product_tag","embeddable":true,"href":"https:\/\/revealing-project.eu\/pl\/wp-json\/wp\/v2\/product_tag?post=5782"}],"curies":[{"name":"wp","href":"https:\/\/api.w.org\/{rel}","templated":true}]}}