{"id":5783,"date":"2023-07-21T16:24:48","date_gmt":"2023-07-21T13:24:48","guid":{"rendered":"https:\/\/revealing-project.eu\/product\/readyplayer-me\/"},"modified":"2023-07-21T16:24:52","modified_gmt":"2023-07-21T13:24:52","slug":"readyplayer-me","status":"publish","type":"product","link":"https:\/\/revealing-project.eu\/pl\/produkt\/readyplayer-me\/","title":{"rendered":"Readyplayer.me"},"content":{"rendered":"<p>Readyplayer.me to platforma internetowa, kt\u00f3ra pozwala u\u017cytkownikom szybko i \u0142atwo tworzy\u0107 niestandardowe awatary do u\u017cytku w VRChat i innych \u015brodowiskach wirtualnych. Platforma zawiera szereg gotowych modeli 3D i tekstur, kt\u00f3re mo\u017cna \u0142\u0105czy\u0107 w celu stworzenia unikalnego awatara. Ponadto u\u017cytkownicy mog\u0105 przesy\u0142a\u0107 w\u0142asne obrazy i wykorzystywa\u0107 je do jeszcze wi\u0119kszego dostosowywania swojego awatara. Readyplayer.me jest darmowy i nie wymaga specjalnego oprogramowania ani wiedzy technicznej, co czyni go doskona\u0142ym wyborem dla u\u017cytkownik\u00f3w, kt\u00f3rzy chc\u0105 w prosty i szybki spos\u00f3b stworzy\u0107 w\u0142asnego awatara.<\/p>\n","protected":false},"excerpt":{"rendered":"<p><a class=\"linkbutton\" href=\"https:\/\/readyplayer.me\/pt\"target=_blank rel=\"noopener\">Website<\/a><\/p>\n","protected":false},"featured_media":4823,"template":"","meta":[],"product_cat":[259],"product_tag":[],"_links":{"self":[{"href":"https:\/\/revealing-project.eu\/pl\/wp-json\/wp\/v2\/product\/5783"}],"collection":[{"href":"https:\/\/revealing-project.eu\/pl\/wp-json\/wp\/v2\/product"}],"about":[{"href":"https:\/\/revealing-project.eu\/pl\/wp-json\/wp\/v2\/types\/product"}],"wp:featuredmedia":[{"embeddable":true,"href":"https:\/\/revealing-project.eu\/pl\/wp-json\/wp\/v2\/media\/4823"}],"wp:attachment":[{"href":"https:\/\/revealing-project.eu\/pl\/wp-json\/wp\/v2\/media?parent=5783"}],"wp:term":[{"taxonomy":"product_cat","embeddable":true,"href":"https:\/\/revealing-project.eu\/pl\/wp-json\/wp\/v2\/product_cat?post=5783"},{"taxonomy":"product_tag","embeddable":true,"href":"https:\/\/revealing-project.eu\/pl\/wp-json\/wp\/v2\/product_tag?post=5783"}],"curies":[{"name":"wp","href":"https:\/\/api.w.org\/{rel}","templated":true}]}}