{"id":5784,"date":"2023-07-21T16:24:48","date_gmt":"2023-07-21T13:24:48","guid":{"rendered":"https:\/\/revealing-project.eu\/product\/create-telegram-stickers-from-your-vrchat-avatar\/"},"modified":"2023-07-21T16:24:53","modified_gmt":"2023-07-21T13:24:53","slug":"create-telegram-stickers-from-your-vrchat-avatar","status":"publish","type":"product","link":"https:\/\/revealing-project.eu\/pl\/produkt\/create-telegram-stickers-from-your-vrchat-avatar\/","title":{"rendered":"Create Telegram stickers from your VRChat avatar"},"content":{"rendered":"<p>Narz\u0119dzie \u201eUtw\u00f3rz naklejki telegramu z awatara VRChat\u201d to prosty i przyjemny spos\u00f3b na przekszta\u0142cenie awatara VRChat w niestandardowe naklejki, kt\u00f3rych mo\u017cna u\u017cywa\u0107 w czatach Telegram. Za pomoc\u0105 tego narz\u0119dzia mo\u017cesz zrobi\u0107 zrzut ekranu swojego awatara w VRChat, a nast\u0119pnie przyci\u0105\u0107 i edytowa\u0107 obraz, aby stworzy\u0107 wyj\u0105tkow\u0105 i wyrazist\u0105 naklejk\u0119. Narz\u0119dzie jest \u0142atwe w u\u017cyciu i nie wymaga specjalnych umiej\u0119tno\u015bci ani wiedzy, dzi\u0119ki czemu jest dost\u0119pne dla u\u017cytkownik\u00f3w na ka\u017cdym poziomie do\u015bwiadczenia.<\/p>\n","protected":false},"excerpt":{"rendered":"<p><a class=\"linkbutton\" href=\"https:\/\/www.vrcarena.com\/assets\/9b376723-8690-4065-90e1-5702e16c1489\"target=_blank rel=\"noopener\">Website<\/a><\/p>\n","protected":false},"featured_media":4828,"template":"","meta":[],"product_cat":[259],"product_tag":[],"_links":{"self":[{"href":"https:\/\/revealing-project.eu\/pl\/wp-json\/wp\/v2\/product\/5784"}],"collection":[{"href":"https:\/\/revealing-project.eu\/pl\/wp-json\/wp\/v2\/product"}],"about":[{"href":"https:\/\/revealing-project.eu\/pl\/wp-json\/wp\/v2\/types\/product"}],"wp:featuredmedia":[{"embeddable":true,"href":"https:\/\/revealing-project.eu\/pl\/wp-json\/wp\/v2\/media\/4828"}],"wp:attachment":[{"href":"https:\/\/revealing-project.eu\/pl\/wp-json\/wp\/v2\/media?parent=5784"}],"wp:term":[{"taxonomy":"product_cat","embeddable":true,"href":"https:\/\/revealing-project.eu\/pl\/wp-json\/wp\/v2\/product_cat?post=5784"},{"taxonomy":"product_tag","embeddable":true,"href":"https:\/\/revealing-project.eu\/pl\/wp-json\/wp\/v2\/product_tag?post=5784"}],"curies":[{"name":"wp","href":"https:\/\/api.w.org\/{rel}","templated":true}]}}