{"id":5785,"date":"2023-07-21T16:24:48","date_gmt":"2023-07-21T13:24:48","guid":{"rendered":"https:\/\/revealing-project.eu\/product\/vrc-addon-installer\/"},"modified":"2023-07-21T16:24:53","modified_gmt":"2023-07-21T13:24:53","slug":"vrc-addon-installer","status":"publish","type":"product","link":"https:\/\/revealing-project.eu\/pl\/produkt\/vrc-addon-installer\/","title":{"rendered":"VRC Addon Installer"},"content":{"rendered":"<p>VRC Addon Installer to pomocne narz\u0119dzie, kt\u00f3re upraszcza proces instalacji dodatk\u00f3w do VRChat. Za pomoc\u0105 tego narz\u0119dzia u\u017cytkownicy mog\u0105 \u0142atwo przegl\u0105da\u0107 bibliotek\u0119 dodatk\u00f3w VRChat i instalowa\u0107 je za pomoc\u0105 zaledwie kilku klikni\u0119\u0107. Narz\u0119dzie zosta\u0142o zaprojektowane tak, aby by\u0142o przyjazne dla u\u017cytkownika i intuicyjne, nawet dla u\u017cytkownik\u00f3w, kt\u00f3rzy s\u0105 nowicjuszami w VRChat lub kt\u00f3rzy mog\u0105 nie mie\u0107 du\u017cej wiedzy technicznej. Dodatkowo instalator dodatk\u00f3w VRC zawiera takie funkcje, jak automatyczne aktualizacje, dzi\u0119ki czemu u\u017cytkownicy mog\u0105 mie\u0107 pewno\u015b\u0107, \u017ce zawsze korzystaj\u0105 z najnowszych wersji zainstalowanych dodatk\u00f3w. Og\u00f3lnie rzecz bior\u0105c, VRC Addon Installer mo\u017ce by\u0107 cennym narz\u0119dziem dla ka\u017cdego, kto chce ulepszy\u0107 swoje do\u015bwiadczenie VRChat dzi\u0119ki dodatkowym funkcjom i funkcjom.<\/p>\n","protected":false},"excerpt":{"rendered":"<p><a class=\"linkbutton\" href=\"https:\/\/www.vrcarena.com\/assets\/2c0fa4df-8d6b-4b38-bf2f-2df685b89b09\"target=_blank rel=\"noopener\">Website<\/a><\/p>\n","protected":false},"featured_media":4828,"template":"","meta":[],"product_cat":[259],"product_tag":[],"_links":{"self":[{"href":"https:\/\/revealing-project.eu\/pl\/wp-json\/wp\/v2\/product\/5785"}],"collection":[{"href":"https:\/\/revealing-project.eu\/pl\/wp-json\/wp\/v2\/product"}],"about":[{"href":"https:\/\/revealing-project.eu\/pl\/wp-json\/wp\/v2\/types\/product"}],"wp:featuredmedia":[{"embeddable":true,"href":"https:\/\/revealing-project.eu\/pl\/wp-json\/wp\/v2\/media\/4828"}],"wp:attachment":[{"href":"https:\/\/revealing-project.eu\/pl\/wp-json\/wp\/v2\/media?parent=5785"}],"wp:term":[{"taxonomy":"product_cat","embeddable":true,"href":"https:\/\/revealing-project.eu\/pl\/wp-json\/wp\/v2\/product_cat?post=5785"},{"taxonomy":"product_tag","embeddable":true,"href":"https:\/\/revealing-project.eu\/pl\/wp-json\/wp\/v2\/product_tag?post=5785"}],"curies":[{"name":"wp","href":"https:\/\/api.w.org\/{rel}","templated":true}]}}