{"id":5786,"date":"2023-07-21T16:24:48","date_gmt":"2023-07-21T13:24:48","guid":{"rendered":"https:\/\/revealing-project.eu\/product\/vrc-world-prefabs\/"},"modified":"2023-07-21T16:24:53","modified_gmt":"2023-07-21T13:24:53","slug":"vrc-world-prefabs","status":"publish","type":"product","link":"https:\/\/revealing-project.eu\/pl\/produkt\/vrc-world-prefabs\/","title":{"rendered":"VRC World Prefabs"},"content":{"rendered":"<p>Prefabrykowane \u015bwiaty VRC to gotowe \u015bwiaty VRChat, kt\u00f3re tw\u00f3rcy mog\u0105 wykorzysta\u0107 jako punkt wyj\u015bcia do w\u0142asnych dzie\u0142. Te prefabrykaty s\u0105 dostarczane przez VRChat i obejmuj\u0105 wiele r\u00f3\u017cnych typ\u00f3w \u015bwiat\u00f3w, takich jak kluby nocne, fantastyczne krajobrazy i \u015brodowiska science-fiction. Zosta\u0142y zaprojektowane tak, aby by\u0142y \u0142atwe w u\u017cyciu i dostosowywaniu, umo\u017cliwiaj\u0105c tw\u00f3rcom modyfikowanie i dodawanie w\u0142asnych element\u00f3w do \u015bwiata, aby stworzy\u0107 wyj\u0105tkowe wra\u017cenia. VRC World Prefabs mo\u017ce by\u0107 przydatnym narz\u0119dziem dla tw\u00f3rc\u00f3w VRChat, kt\u00f3rzy chc\u0105 zaoszcz\u0119dzi\u0107 czas i zacz\u0105\u0107 od gotowego \u015bwiata, kt\u00f3ry mo\u017cna modyfikowa\u0107, aby pasowa\u0142 do ich potrzeb. Dodatkowo mog\u0105 by\u0107 cennym \u017ar\u00f3d\u0142em informacji dla u\u017cytkownik\u00f3w VRChat, kt\u00f3rzy szukaj\u0105 nowych i interesuj\u0105cych \u015bwiat\u00f3w do eksploracji w ramach platformy.<\/p>\n","protected":false},"excerpt":{"rendered":"<p><a class=\"linkbutton\" href=\"https:\/\/vrcprefabs.com\"target=_blank rel=\"noopener\">Website<\/a><\/p>\n","protected":false},"featured_media":4833,"template":"","meta":[],"product_cat":[259],"product_tag":[],"_links":{"self":[{"href":"https:\/\/revealing-project.eu\/pl\/wp-json\/wp\/v2\/product\/5786"}],"collection":[{"href":"https:\/\/revealing-project.eu\/pl\/wp-json\/wp\/v2\/product"}],"about":[{"href":"https:\/\/revealing-project.eu\/pl\/wp-json\/wp\/v2\/types\/product"}],"wp:featuredmedia":[{"embeddable":true,"href":"https:\/\/revealing-project.eu\/pl\/wp-json\/wp\/v2\/media\/4833"}],"wp:attachment":[{"href":"https:\/\/revealing-project.eu\/pl\/wp-json\/wp\/v2\/media?parent=5786"}],"wp:term":[{"taxonomy":"product_cat","embeddable":true,"href":"https:\/\/revealing-project.eu\/pl\/wp-json\/wp\/v2\/product_cat?post=5786"},{"taxonomy":"product_tag","embeddable":true,"href":"https:\/\/revealing-project.eu\/pl\/wp-json\/wp\/v2\/product_tag?post=5786"}],"curies":[{"name":"wp","href":"https:\/\/api.w.org\/{rel}","templated":true}]}}