{"id":5787,"date":"2023-07-21T16:24:48","date_gmt":"2023-07-21T13:24:48","guid":{"rendered":"https:\/\/revealing-project.eu\/product\/vrcx\/"},"modified":"2023-07-21T16:24:54","modified_gmt":"2023-07-21T13:24:54","slug":"vrcx","status":"publish","type":"product","link":"https:\/\/revealing-project.eu\/pl\/produkt\/vrcx\/","title":{"rendered":"VRCX"},"content":{"rendered":"<p>VRCX to narz\u0119dzie zewn\u0119trzne dla VRChat, kt\u00f3re zapewnia u\u017cytkownikom r\u00f3\u017cne funkcje. Zosta\u0142o zaprojektowane, aby poprawi\u0107 wra\u017cenia u\u017cytkownika, oferuj\u0105c takie funkcje, jak automatyczne wyciszanie i blokowanie okre\u015blonych graczy, szczeg\u00f3\u0142owe statystyki wydajno\u015bci oraz mo\u017cliwo\u015b\u0107 przegl\u0105dania i pobierania awatar\u00f3w i \u015bwiat\u00f3w z poziomu aplikacji. VRCX zawiera r\u00f3wnie\u017c system znajomych, kt\u00f3ry pozwala u\u017cytkownikom zarz\u0105dza\u0107 list\u0105 znajomych VRChat, przegl\u0105da\u0107 ich status online i zobaczy\u0107, w jakim \u015bwiecie aktualnie si\u0119 znajduj\u0105. Og\u00f3lnie rzecz bior\u0105c, VRCX mo\u017ce by\u0107 przydatnym narz\u0119dziem dla u\u017cytkownik\u00f3w VRChat, kt\u00f3rzy chc\u0105 usprawni\u0107 swoje do\u015bwiadczenie i dost\u0119p dodatkowe funkcje i informacje niedost\u0119pne w podstawowej aplikacji VRChat.<\/p>\n","protected":false},"excerpt":{"rendered":"<p><a class=\"linkbutton\" href=\"https:\/\/github.com\/vrcx-team\/VRCX\"target=_blank rel=\"noopener\">Website<\/a><\/p>\n","protected":false},"featured_media":4833,"template":"","meta":[],"product_cat":[259],"product_tag":[],"_links":{"self":[{"href":"https:\/\/revealing-project.eu\/pl\/wp-json\/wp\/v2\/product\/5787"}],"collection":[{"href":"https:\/\/revealing-project.eu\/pl\/wp-json\/wp\/v2\/product"}],"about":[{"href":"https:\/\/revealing-project.eu\/pl\/wp-json\/wp\/v2\/types\/product"}],"wp:featuredmedia":[{"embeddable":true,"href":"https:\/\/revealing-project.eu\/pl\/wp-json\/wp\/v2\/media\/4833"}],"wp:attachment":[{"href":"https:\/\/revealing-project.eu\/pl\/wp-json\/wp\/v2\/media?parent=5787"}],"wp:term":[{"taxonomy":"product_cat","embeddable":true,"href":"https:\/\/revealing-project.eu\/pl\/wp-json\/wp\/v2\/product_cat?post=5787"},{"taxonomy":"product_tag","embeddable":true,"href":"https:\/\/revealing-project.eu\/pl\/wp-json\/wp\/v2\/product_tag?post=5787"}],"curies":[{"name":"wp","href":"https:\/\/api.w.org\/{rel}","templated":true}]}}